{"id":75,"date":"2024-10-20T14:15:39","date_gmt":"2024-10-20T14:15:39","guid":{"rendered":"https:\/\/wp.advancedproser.com\/?page_id=75"},"modified":"2025-06-10T10:43:05","modified_gmt":"2025-06-10T10:43:05","slug":"contacto","status":"publish","type":"page","link":"https:\/\/advancedproser.com\/en\/contacto\/","title":{"rendered":"Contacto"},"content":{"rendered":"<p>[et_pb_section fb_built=&#8221;1&#8243; next_background_color=&#8221;#ffffff&#8221; _builder_version=&#8221;4.27.2&#8243; _module_preset=&#8221;default&#8221; use_background_color_gradient=&#8221;on&#8221; background_color_gradient_direction=&#8221;198deg&#8221; background_color_gradient_stops=&#8221;#000000 0%|rgba(0,0,0,0.12) 100%&#8221; background_image=&#8221;http:\/\/wp.advancedproser.com\/wp-content\/uploads\/2025\/02\/slider-advancedproser-5.jpg&#8221; background_blend=&#8221;multiply&#8221; bottom_divider_style=&#8221;ramp&#8221; bottom_divider_height=&#8221;51px&#8221; global_colors_info=&#8221;{}&#8221;][et_pb_row _builder_version=&#8221;4.27.2&#8243; _module_preset=&#8221;default&#8221; global_colors_info=&#8221;{}&#8221;][et_pb_column type=&#8221;4_4&#8243; _builder_version=&#8221;4.27.2&#8243; _module_preset=&#8221;default&#8221; global_colors_info=&#8221;{}&#8221;][et_pb_text _builder_version=&#8221;4.27.2&#8243; _module_preset=&#8221;default&#8221; text_text_color=&#8221;#FFFFFF&#8221; header_text_color=&#8221;#FFFFFF&#8221; header_font_size=&#8221;34px&#8221; custom_padding=&#8221;||0px|||&#8221; content_en_us=&#8221;<\/p>\n<h1><strong>Contact<\/strong><\/h1>\n<p>Do you have any questions about some of our products? Ask us through the form.<\/p>\n<p>&#8221; content_ca=&#8221;<\/p>\n<h1><strong>Contacte<\/strong><\/h1>\n<p>Tens alguna pregunta sobre alguns dels nostres productes? Pregunta&#8217;ns pel formulari.<\/p>\n<p>&#8221; header_text_shadow_style=&#8221;preset2&#8243; global_colors_info=&#8221;{}&#8221;]<\/p>\n<h1><strong>Contacto<\/strong><\/h1>\n<p>\u00bfTienes alguna duda sobre algunos de nuestro productos ? Preg\u00fantanos por el formulario.<\/p>\n<p>[\/et_pb_text][\/et_pb_column][\/et_pb_row][\/et_pb_section][et_pb_section fb_built=&#8221;1&#8243; _builder_version=&#8221;4.27.2&#8243; _module_preset=&#8221;default&#8221; custom_padding=&#8221;25px||20px|||&#8221; global_colors_info=&#8221;{}&#8221;][et_pb_row column_structure=&#8221;1_2,1_2&#8243; use_custom_gutter=&#8221;on&#8221; gutter_width=&#8221;2&#8243; _builder_version=&#8221;4.27.2&#8243; _module_preset=&#8221;default&#8221; background_color=&#8221;#FFFFFF&#8221; transform_translate=&#8221;0px|-71px&#8221; z_index=&#8221;333&#8243; custom_padding=&#8221;10px|10px|10px|10px|false|false&#8221; border_radii=&#8221;on|7px|7px|7px|7px&#8221; global_colors_info=&#8221;{}&#8221;][et_pb_column type=&#8221;1_2&#8243; _builder_version=&#8221;4.27.2&#8243; _module_preset=&#8221;default&#8221; global_colors_info=&#8221;{}&#8221;][et_pb_image src=&#8221;http:\/\/wp.advancedproser.com\/wp-content\/uploads\/2025\/02\/instalaciones-aps-1.jpg&#8221; alt=&#8221;Instalaciones advancedproser&#8221; title_text=&#8221;Nave APS Advancedproser&#8221; _builder_version=&#8221;4.27.2&#8243; _module_preset=&#8221;default&#8221; global_colors_info=&#8221;{}&#8221;][\/et_pb_image][et_pb_text _builder_version=&#8221;4.27.2&#8243; _module_preset=&#8221;default&#8221; content_en_us=&#8221;<\/p>\n<h5><strong>8 AM &#8211; 2 PM \/ 2:30 PM &#8211; 5 PM (Monday &#8211; Thursday)<\/strong><\/h5>\n<h5><strong>8 AM &#8211; 2 PM (Friday)<\/strong><\/h5>\n<p>&#8221; content_ca=&#8221;<\/p>\n<h5><strong>8 &#8211; 14 h \/ 14:30 &#8211; 17 h (Dilluns &#8211; Dijous)<\/strong><\/h5>\n<h5><strong>8 &#8211; 14 h (Divendres)<\/strong><\/h5>\n<p>&#8221; global_colors_info=&#8221;{}&#8221;]<strong>8 &#8211; 14 h \/ 14:30 &#8211; 17 h (Lunes &#8211; Jueves)<\/strong><br \/>\n<strong>8 &#8211; 14 h (Viernes)<\/strong>[\/et_pb_text][\/et_pb_column][et_pb_column type=&#8221;1_2&#8243; _builder_version=&#8221;4.27.2&#8243; _module_preset=&#8221;default&#8221; global_colors_info=&#8221;{}&#8221;][et_pb_image src=&#8221;http:\/\/wp.advancedproser.com\/wp-content\/uploads\/2025\/02\/instalaciones-aps-2.jpg&#8221; alt=&#8221;Laboratorio advancedproser&#8221; title_text=&#8221;Laboratorio de  Advanced proser &#8211; Pruebas adhesivos&#8221; _builder_version=&#8221;4.27.2&#8243; _module_preset=&#8221;default&#8221; global_colors_info=&#8221;{}&#8221;][\/et_pb_image][et_pb_text _builder_version=&#8221;4.27.2&#8243; _module_preset=&#8221;default&#8221; content_en_us=&#8221;<\/p>\n<h5><strong>(+34) 93 588 21 37<\/strong><\/h5>\n<h5><strong>Call us<\/strong><\/h5>\n<p>&#8221; content_ca=&#8221;<\/p>\n<h5><strong>(+34) 93 588 21 37<\/strong><\/h5>\n<h5><strong>Truca&#8217;ns<\/strong><\/h5>\n<p>&#8221; global_colors_info=&#8221;{}&#8221;]<strong>(+34) 93 588 21 37 <\/strong><br \/>\n<strong>Ll\u00e1manos<\/strong>[\/et_pb_text][\/et_pb_column][\/et_pb_row][\/et_pb_section][et_pb_section fb_built=&#8221;1&#8243; _builder_version=&#8221;4.27.2&#8243; _module_preset=&#8221;default&#8221; use_background_color_gradient=&#8221;on&#8221; background_color_gradient_direction=&#8221;207deg&#8221; background_color_gradient_stops=&#8221;#ffffff 0%|rgba(255,255,255,0.89) 100%&#8221; background_image=&#8221;http:\/\/wp.advancedproser.com\/wp-content\/uploads\/2024\/10\/fondo-1-scaled.jpg&#8221; background_position=&#8221;top_left&#8221; background_blend=&#8221;overlay&#8221; custom_margin=&#8221;-87px|||||&#8221; custom_padding=&#8221;55px||37px|||&#8221; global_colors_info=&#8221;{}&#8221;][et_pb_row column_structure=&#8221;2_5,3_5&#8243; _builder_version=&#8221;4.27.2&#8243; _module_preset=&#8221;default&#8221; global_colors_info=&#8221;{}&#8221;][et_pb_column type=&#8221;2_5&#8243; _builder_version=&#8221;4.27.2&#8243; _module_preset=&#8221;default&#8221; global_colors_info=&#8221;{}&#8221;][et_pb_text _builder_version=&#8221;4.27.2&#8243; _module_preset=&#8221;default&#8221; content_en_us=&#8221;<\/p>\n<h2><strong><span style=%22color: #ff0000;%22>APS<\/span> &#8211; ADVANCED PROSER, S.L<\/strong><\/h2>\n<p>C\/Salvador Espriu, 3<\/p>\n<p>Pol. Ind. Sud<\/p>\n<p>08754 El Papiol (Barcelona)<\/p>\n<p>Catalonia, Spain<\/p>\n<p>(+34) 93 588 21 37<\/p>\n<p>(+34) 93 673 19 13 (fax)<\/p>\n<p><a href=%22mailto:tecnico@advancedproser.com%22>tecnico@advancedproser.com<\/a><br \/><a href=%22https:\/\/www.google.com\/search?sca_esv=f4c9e1cc5b958016&#038;tbm=lcl&#038;sxsrf=AHTn8zogt8XrWfZvLiauUzgrwfj2o3CJdw:1739962581354&#038;q=APS%20-%20Advanced%20ProSer%2C%20S.L.%20Rese%C3%B1as&#038;rflfq=1&#038;num=20&#038;stick=H4sIAAAAAAAAAONgkxI2MjExNjG3sLC0NDYwMDYyNzI12cDI-IpRxTEgWEFXwTGlLDEvOTVFIaAoPzi1SEchWM9HTyEotTj18MbE4kWsRCkDAP3c6rxoAAAA&#038;rldimm=2443478899300327254&#038;hl=es-ES&#038;sa=X&#038;ved=0CAYQ5foLahcKEwiQn6Pdyc-LAxUAAAAAHQAAAAAQBA&#038;biw=2046&#038;bih=930&#038;dpr=2#lkt=LocalPoiReviews&#038;arid=ChdDSUhNMG9nS0VJQ0FnSUQtN1BIMC1nRRAB%22 data-et-target-link=%22_blank%22 rel=%22noopener%22>Google profile<\/a><br \/><a href=%22https:\/\/advancedproser.com\/servicios-advanced-proser\/%22 title=%22Services%22>See services we offer<\/a><\/p>\n<p>&#8221; content_ca=&#8221;<\/p>\n<h2><strong><span style=%22color: #ff0000;%22>APS<\/span> &#8211; ADVANCED PROSER, S.L<\/strong><\/h2>\n<p>C\/Salvador Espriu, 3<\/p>\n<p>Pol. Ind. Sud<\/p>\n<p>08754 El Papiol (Barcelona)<\/p>\n<p>Catalunya, Espanya<\/p>\n<p>(+34) 93 588 21 37<\/p>\n<p>(+34) 93 673 19 13 (fax)<\/p>\n<p><a href=%22mailto:tecnico@advancedproser.com%22>tecnico@advancedproser.com<\/a><br \/><a href=%22https:\/\/www.google.com\/search?sca_esv=f4c9e1cc5b958016&#038;tbm=lcl&#038;sxsrf=AHTn8zogt8XrWfZvLiauUzgrwfj2o3CJdw:1739962581354&#038;q=APS%20-%20Advanced%20ProSer%2C%20S.L.%20Rese%C3%B1as&#038;rflfq=1&#038;num=20&#038;stick=H4sIAAAAAAAAAONgkxI2MjExNjG3sLC0NDYwMDYyNzI12cDI-IpRxTEgWEFXwTGlLDEvOTVFIaAoPzi1SEchWM9HTyEotTj18MbE4kWsRCkDAP3c6rxoAAAA&#038;rldimm=2443478899300327254&#038;hl=es-ES&#038;sa=X&#038;ved=0CAYQ5foLahcKEwiQn6Pdyc-LAxUAAAAAHQAAAAAQBA&#038;biw=2046&#038;bih=930&#038;dpr=2#lkt=LocalPoiReviews&#038;arid=ChdDSUhNMG9nS0VJQ0FnSUQtN1BIMC1nRRAB%22 data-et-target-link=%22_blank%22 rel=%22noopener%22>Fitxa a Google<\/a><br \/><a href=%22https:\/\/advancedproser.com\/servicios-advanced-proser\/%22 title=%22Serveis%22>Veure els serveis que oferim<\/a><\/p>\n<p>&#8221; global_colors_info=&#8221;{}&#8221;]<\/p>\n<h2><strong><span style=\"color: #ff0000;\">APS<\/span> &#8211; ADVANCED PROSER, S.L<\/strong><\/h2>\n<p>C\/Salvador Espriu, 3<\/p>\n<p>Pol. Ind. Sud<\/p>\n<p>08754 El Papiol (Barcelona)<\/p>\n<p>Catalunya, Espa\u00f1a<\/p>\n<p>(+34) 93 588 21 37<\/p>\n<p>(+34) 93 673 19 13 (fax)<\/p>\n<p><a href=\"mailto:tecnico@advancedproser.com\">tecnico@advancedproser.com<\/a><\/p>\n<p><a href=\"https:\/\/www.google.com\/search?sca_esv=f4c9e1cc5b958016&amp;tbm=lcl&amp;sxsrf=AHTn8zogt8XrWfZvLiauUzgrwfj2o3CJdw:1739962581354&amp;q=APS%20-%20Advanced%20ProSer%2C%20S.L.%20Rese%C3%B1as&amp;rflfq=1&amp;num=20&amp;stick=H4sIAAAAAAAAAONgkxI2MjExNjG3sLC0NDYwMDYyNzI12cDI-IpRxTEgWEFXwTGlLDEvOTVFIaAoPzi1SEchWM9HTyEotTj18MbE4kWsRCkDAP3c6rxoAAAA&amp;rldimm=2443478899300327254&amp;hl=es-ES&amp;sa=X&amp;ved=0CAYQ5foLahcKEwiQn6Pdyc-LAxUAAAAAHQAAAAAQBA&amp;biw=2046&amp;bih=930&amp;dpr=2#lkt=LocalPoiReviews&amp;arid=ChdDSUhNMG9nS0VJQ0FnSUQtN1BIMC1nRRAB\" target=\"_blank\" rel=\"noopener\">Ficha en google<\/a><\/p>\n<p><a href=\"https:\/\/advancedproser.com\/servicios-advanced-proser\/\" title=\"Servicios\">Ver servicios que ofrecemos\u00a0<\/a><\/p>\n<p>[\/et_pb_text][\/et_pb_column][et_pb_column type=&#8221;3_5&#8243; _builder_version=&#8221;4.27.2&#8243; _module_preset=&#8221;default&#8221; global_colors_info=&#8221;{}&#8221;][et_pb_contact_form email=&#8221;tecnico@advancedproser.com&#8221; title=&#8221;Formulario de contacto&#8221; custom_message=&#8221;Hola, tiene un nuevo contacto desde la web de advancedproser.com||et_pb_line_break_holder||||et_pb_line_break_holder||Nombre: %%Name%%||et_pb_line_break_holder||Email: %%Email%%||et_pb_line_break_holder||mensaje: %%Message%%||et_pb_line_break_holder||||et_pb_line_break_holder||Este correo es de la p\u00e1gina web, no responda a este correo, ya que no se motoriza. Es s\u00f3lo para captar los datos de contactos desde la web.||et_pb_line_break_holder||&#8221; submit_button_text=&#8221;Env\u00edar&#8221; module_class=&#8221;pa-contact-form-labels&#8221; _builder_version=&#8221;4.27.2&#8243; _module_preset=&#8221;default&#8221; _unique_id=&#8221;8f6240ea-11bc-4248-9f98-4e6975a213f7&#8243; title_level=&#8221;h2&#8243; hover_enabled=&#8221;0&#8243; global_colors_info=&#8221;{}&#8221; captcha=&#8221;off&#8221; disabled_on=&#8221;on|on|on&#8221; disabled=&#8221;on&#8221; sticky_enabled=&#8221;0&#8243;][et_pb_contact_field field_id=&#8221;Name&#8221; field_title=&#8221;Nombre&#8221; _builder_version=&#8221;4.27.2&#8243; radio_options_en_us=&#8221;%91{%22value%22:%22%22,%22checked%22:0,%22dragID%22:-1}%93&#8243; checkbox_options_en_us=&#8221;%91{%22value%22:%22%22,%22checked%22:0,%22dragID%22:-1}%93&#8243; select_options_en_us=&#8221;%91{%22value%22:%22%22,%22checked%22:0,%22dragID%22:-1}%93&#8243; radio_options_ca=&#8221;%91{%22value%22:%22%22,%22checked%22:0,%22dragID%22:-1}%93&#8243; checkbox_options_ca=&#8221;%91{%22value%22:%22%22,%22checked%22:0,%22dragID%22:-1}%93&#8243; select_options_ca=&#8221;%91{%22value%22:%22%22,%22checked%22:0,%22dragID%22:-1}%93&#8243; global_colors_info=&#8221;{}&#8221; button_text_size__hover_enabled=&#8221;off&#8221; button_one_text_size__hover_enabled=&#8221;off&#8221; button_two_text_size__hover_enabled=&#8221;off&#8221; button_text_color__hover_enabled=&#8221;off&#8221; button_one_text_color__hover_enabled=&#8221;off&#8221; button_two_text_color__hover_enabled=&#8221;off&#8221; button_border_width__hover_enabled=&#8221;off&#8221; button_one_border_width__hover_enabled=&#8221;off&#8221; button_two_border_width__hover_enabled=&#8221;off&#8221; button_border_color__hover_enabled=&#8221;off&#8221; button_one_border_color__hover_enabled=&#8221;off&#8221; button_two_border_color__hover_enabled=&#8221;off&#8221; button_border_radius__hover_enabled=&#8221;off&#8221; button_one_border_radius__hover_enabled=&#8221;off&#8221; button_two_border_radius__hover_enabled=&#8221;off&#8221; button_letter_spacing__hover_enabled=&#8221;off&#8221; button_one_letter_spacing__hover_enabled=&#8221;off&#8221; button_two_letter_spacing__hover_enabled=&#8221;off&#8221; button_bg_color__hover_enabled=&#8221;off&#8221; button_one_bg_color__hover_enabled=&#8221;off&#8221; button_two_bg_color__hover_enabled=&#8221;off&#8221;][\/et_pb_contact_field][et_pb_contact_field field_id=&#8221;Email&#8221; field_title=&#8221;Direcci\u00f3n de correo electr\u00f3nico&#8221; field_type=&#8221;email&#8221; _builder_version=&#8221;4.27.2&#8243; field_title_en_us=&#8221;Email&#8221; radio_options_en_us=&#8221;%91{%22value%22:%22%22,%22checked%22:0,%22dragID%22:-1}%93&#8243; checkbox_options_en_us=&#8221;%91{%22value%22:%22%22,%22checked%22:0,%22dragID%22:-1}%93&#8243; select_options_en_us=&#8221;%91{%22value%22:%22%22,%22checked%22:0,%22dragID%22:-1}%93&#8243; field_title_ca=&#8221;Correu electr\u00f2nic&#8221; radio_options_ca=&#8221;%91{%22value%22:%22%22,%22checked%22:0,%22dragID%22:-1}%93&#8243; checkbox_options_ca=&#8221;%91{%22value%22:%22%22,%22checked%22:0,%22dragID%22:-1}%93&#8243; select_options_ca=&#8221;%91{%22value%22:%22%22,%22checked%22:0,%22dragID%22:-1}%93&#8243; global_colors_info=&#8221;{}&#8221; button_text_size__hover_enabled=&#8221;off&#8221; button_one_text_size__hover_enabled=&#8221;off&#8221; button_two_text_size__hover_enabled=&#8221;off&#8221; button_text_color__hover_enabled=&#8221;off&#8221; button_one_text_color__hover_enabled=&#8221;off&#8221; button_two_text_color__hover_enabled=&#8221;off&#8221; button_border_width__hover_enabled=&#8221;off&#8221; button_one_border_width__hover_enabled=&#8221;off&#8221; button_two_border_width__hover_enabled=&#8221;off&#8221; button_border_color__hover_enabled=&#8221;off&#8221; button_one_border_color__hover_enabled=&#8221;off&#8221; button_two_border_color__hover_enabled=&#8221;off&#8221; button_border_radius__hover_enabled=&#8221;off&#8221; button_one_border_radius__hover_enabled=&#8221;off&#8221; button_two_border_radius__hover_enabled=&#8221;off&#8221; button_letter_spacing__hover_enabled=&#8221;off&#8221; button_one_letter_spacing__hover_enabled=&#8221;off&#8221; button_two_letter_spacing__hover_enabled=&#8221;off&#8221; button_bg_color__hover_enabled=&#8221;off&#8221; button_one_bg_color__hover_enabled=&#8221;off&#8221; button_two_bg_color__hover_enabled=&#8221;off&#8221;][\/et_pb_contact_field][et_pb_contact_field field_id=&#8221;Message&#8221; field_title=&#8221;Mensaje&#8221; field_type=&#8221;text&#8221; fullwidth_field=&#8221;on&#8221; _builder_version=&#8221;4.27.2&#8243; field_title_en_us=&#8221;Message&#8221; radio_options_en_us=&#8221;%91{%22value%22:%22%22,%22checked%22:0,%22dragID%22:-1}%93&#8243; checkbox_options_en_us=&#8221;%91{%22value%22:%22%22,%22checked%22:0,%22dragID%22:-1}%93&#8243; select_options_en_us=&#8221;%91{%22value%22:%22%22,%22checked%22:0,%22dragID%22:-1}%93&#8243; field_title_ca=&#8221;Missatge&#8221; radio_options_ca=&#8221;%91{%22value%22:%22%22,%22checked%22:0,%22dragID%22:-1}%93&#8243; checkbox_options_ca=&#8221;%91{%22value%22:%22%22,%22checked%22:0,%22dragID%22:-1}%93&#8243; select_options_ca=&#8221;%91{%22value%22:%22%22,%22checked%22:0,%22dragID%22:-1}%93&#8243; global_colors_info=&#8221;{}&#8221; button_text_size__hover_enabled=&#8221;off&#8221; button_one_text_size__hover_enabled=&#8221;off&#8221; button_two_text_size__hover_enabled=&#8221;off&#8221; button_text_color__hover_enabled=&#8221;off&#8221; button_one_text_color__hover_enabled=&#8221;off&#8221; button_two_text_color__hover_enabled=&#8221;off&#8221; button_border_width__hover_enabled=&#8221;off&#8221; button_one_border_width__hover_enabled=&#8221;off&#8221; button_two_border_width__hover_enabled=&#8221;off&#8221; button_border_color__hover_enabled=&#8221;off&#8221; button_one_border_color__hover_enabled=&#8221;off&#8221; button_two_border_color__hover_enabled=&#8221;off&#8221; button_border_radius__hover_enabled=&#8221;off&#8221; button_one_border_radius__hover_enabled=&#8221;off&#8221; button_two_border_radius__hover_enabled=&#8221;off&#8221; button_letter_spacing__hover_enabled=&#8221;off&#8221; button_one_letter_spacing__hover_enabled=&#8221;off&#8221; button_two_letter_spacing__hover_enabled=&#8221;off&#8221; button_bg_color__hover_enabled=&#8221;off&#8221; button_one_bg_color__hover_enabled=&#8221;off&#8221; button_two_bg_color__hover_enabled=&#8221;off&#8221;][\/et_pb_contact_field][\/et_pb_contact_form][\/et_pb_column][\/et_pb_row][et_pb_row _builder_version=&#8221;4.27.2&#8243; _module_preset=&#8221;default&#8221; global_colors_info=&#8221;{}&#8221;][et_pb_column type=&#8221;4_4&#8243; _builder_version=&#8221;4.27.2&#8243; _module_preset=&#8221;default&#8221; global_colors_info=&#8221;{}&#8221;][et_pb_map address=&#8221;Carrer de Salvador Espriu, 3, 08754 El Papiol, Barcelona, Espa\u00f1a&#8221; zoom_level=&#8221;16&#8243; address_lat=&#8221;41.4303105&#8243; address_lng=&#8221;2.0062781&#8243; use_grayscale_filter=&#8221;on&#8221; _builder_version=&#8221;4.27.2&#8243; _module_preset=&#8221;default&#8221; global_colors_info=&#8221;{}&#8221;][et_pb_map_pin title=&#8221;C\/Salvador Espriu, 3 08754 El Papiol&#8221; pin_address=&#8221;Carrer de Salvador Espriu, 3, 08754 El Papiol, Barcelona, Espa\u00f1a&#8221; zoom_level=&#8221;8&#8243; pin_address_lat=&#8221;41.4303105&#8243; pin_address_lng=&#8221;2.0062781&#8243; _builder_version=&#8221;4.27.2&#8243; _module_preset=&#8221;default&#8221; global_colors_info=&#8221;{}&#8221;]<\/p>\n<h5>C\/Salvador Espriu, 3<span>08754 El Papiol<\/span><\/h5>\n<p>[\/et_pb_map_pin][\/et_pb_map][\/et_pb_column][\/et_pb_row][\/et_pb_section]<\/p>\n","protected":false},"excerpt":{"rendered":"<p>Contacto \u00bfTienes alguna duda sobre algunos de nuestro productos ? Preg\u00fantanos por el formulario.8 &#8211; 14 h \/ 14:30 &#8211; 17 h (Lunes &#8211; Jueves) 8 &#8211; 14 h (Viernes)(+34) 93 588 21 37 Ll\u00e1manosAPS &#8211; ADVANCED PROSER, S.L C\/Salvador Espriu, 3 Pol. Ind. Sud 08754 El Papiol (Barcelona) Catalunya, Espa\u00f1a (+34) 93 588 21 [&hellip;]<\/p>\n","protected":false},"author":1,"featured_media":538,"parent":0,"menu_order":0,"comment_status":"closed","ping_status":"closed","template":"","meta":{"_et_pb_use_builder":"on","_et_pb_old_content":"","_et_gb_content_width":"","footnotes":""},"class_list":["post-75","page","type-page","status-publish","has-post-thumbnail","hentry"],"yoast_head":"<!-- This site is optimized with the Yoast SEO plugin v27.3 - https:\/\/yoast.com\/product\/yoast-seo-wordpress\/ -->\n<title>Contacto Advanced Proser<\/title>\n<meta name=\"description\" content=\"P\u00e1gina de contacto de Advanced Proser. \u00bfTienes alguna duda sobre algunos de nuestro productos ? Preg\u00fantanos por el formulario.\" \/>\n<meta name=\"robots\" content=\"index, follow, max-snippet:-1, max-image-preview:large, max-video-preview:-1\" \/>\n<link rel=\"canonical\" href=\"\" \/>\n<meta property=\"og:locale\" content=\"en_US\" \/>\n<meta property=\"og:type\" content=\"article\" \/>\n<meta property=\"og:title\" content=\"Contacto Advanced Proser\" \/>\n<meta property=\"og:description\" content=\"P\u00e1gina de contacto de Advanced Proser. \u00bfTienes alguna duda sobre algunos de nuestro productos ? Preg\u00fantanos por el formulario.\" \/>\n<meta property=\"og:url\" content=\"https:\/\/advancedproser.com\/en\/contacto\/\" \/>\n<meta property=\"og:site_name\" content=\"advancedproser.com\" \/>\n<meta property=\"article:modified_time\" content=\"2025-06-10T10:43:05+00:00\" \/>\n<meta property=\"og:image\" content=\"https:\/\/advancedproser.com\/wp-content\/uploads\/2025\/02\/instalaciones-aps-2.jpg\" \/>\n\t<meta property=\"og:image:width\" content=\"800\" \/>\n\t<meta property=\"og:image:height\" content=\"401\" \/>\n\t<meta property=\"og:image:type\" content=\"image\/jpeg\" \/>\n<meta name=\"twitter:card\" content=\"summary_large_image\" \/>\n<meta name=\"twitter:label1\" content=\"Est. reading time\" \/>\n\t<meta name=\"twitter:data1\" content=\"2 minutes\" \/>\n<script type=\"application\/ld+json\" class=\"yoast-schema-graph\">{\"@context\":\"https:\\\/\\\/schema.org\",\"@graph\":[{\"@type\":\"WebPage\",\"@id\":\"https:\\\/\\\/advancedproser.com\\\/en\\\/contacto\\\/\",\"url\":\"https:\\\/\\\/advancedproser.com\\\/en\\\/contacto\\\/\",\"name\":\"Contacto Advanced Proser\",\"isPartOf\":{\"@id\":\"https:\\\/\\\/advancedproser.com\\\/#website\"},\"primaryImageOfPage\":{\"@id\":\"https:\\\/\\\/advancedproser.com\\\/en\\\/contacto\\\/#primaryimage\"},\"image\":{\"@id\":\"https:\\\/\\\/advancedproser.com\\\/en\\\/contacto\\\/#primaryimage\"},\"thumbnailUrl\":\"https:\\\/\\\/advancedproser.com\\\/wp-content\\\/uploads\\\/2025\\\/02\\\/instalaciones-aps-2.jpg\",\"datePublished\":\"2024-10-20T14:15:39+00:00\",\"dateModified\":\"2025-06-10T10:43:05+00:00\",\"description\":\"P\u00e1gina de contacto de Advanced Proser. \u00bfTienes alguna duda sobre algunos de nuestro productos ? Preg\u00fantanos por el formulario.\",\"breadcrumb\":{\"@id\":\"https:\\\/\\\/advancedproser.com\\\/en\\\/contacto\\\/#breadcrumb\"},\"inLanguage\":\"en-US\",\"potentialAction\":[{\"@type\":\"ReadAction\",\"target\":[\"https:\\\/\\\/advancedproser.com\\\/en\\\/contacto\\\/\"]}]},{\"@type\":\"ImageObject\",\"inLanguage\":\"en-US\",\"@id\":\"https:\\\/\\\/advancedproser.com\\\/en\\\/contacto\\\/#primaryimage\",\"url\":\"https:\\\/\\\/advancedproser.com\\\/wp-content\\\/uploads\\\/2025\\\/02\\\/instalaciones-aps-2.jpg\",\"contentUrl\":\"https:\\\/\\\/advancedproser.com\\\/wp-content\\\/uploads\\\/2025\\\/02\\\/instalaciones-aps-2.jpg\",\"width\":800,\"height\":401,\"caption\":\"Instalaciones advancedproser\"},{\"@type\":\"BreadcrumbList\",\"@id\":\"https:\\\/\\\/advancedproser.com\\\/en\\\/contacto\\\/#breadcrumb\",\"itemListElement\":[{\"@type\":\"ListItem\",\"position\":1,\"name\":\"Inicio\",\"item\":\"https:\\\/\\\/advancedproser.com\\\/\"},{\"@type\":\"ListItem\",\"position\":2,\"name\":\"Contacto\"}]},{\"@type\":\"WebSite\",\"@id\":\"https:\\\/\\\/advancedproser.com\\\/en\\\/#website\",\"url\":\"https:\\\/\\\/advancedproser.com\\\/en\\\/\",\"name\":\"advancedproser.com\",\"description\":\"\",\"potentialAction\":[{\"@type\":\"SearchAction\",\"target\":{\"@type\":\"EntryPoint\",\"urlTemplate\":\"https:\\\/\\\/advancedproser.com\\\/en\\\/?s={search_term_string}\"},\"query-input\":{\"@type\":\"PropertyValueSpecification\",\"valueRequired\":true,\"valueName\":\"search_term_string\"}}],\"inLanguage\":\"en-US\"}]}<\/script>\n<!-- \/ Yoast SEO plugin. -->","yoast_head_json":{"title":"Contacto Advanced Proser","description":"P\u00e1gina de contacto de Advanced Proser. \u00bfTienes alguna duda sobre algunos de nuestro productos ? Preg\u00fantanos por el formulario.","robots":{"index":"index","follow":"follow","max-snippet":"max-snippet:-1","max-image-preview":"max-image-preview:large","max-video-preview":"max-video-preview:-1"},"canonical":"[et_pb_section fb_built=\"1\" next_background_color=\"#ffffff\" _builder_version=\"4.27.2\" _module_preset=\"default\" use_background_color_gradient=\"on\" background_color_gradient_direction=\"198deg\" background_color_gradient_stops=\"#000000 0%|rgba(0,0,0,0.12) 100%\" background_image=\"http:\/\/wp.advancedproser.com\/wp-content\/uploads\/2025\/02\/slider-advancedproser-5.jpg\" background_blend=\"multiply\" bottom_divider_style=\"ramp\" bottom_divider_height=\"51px\" global_colors_info=\"{}\"][et_pb_row _builder_version=\"4.27.2\" _module_preset=\"default\" global_colors_info=\"{}\"][et_pb_column type=\"4_4\" _builder_version=\"4.27.2\" _module_preset=\"default\" global_colors_info=\"{}\"][et_pb_text _builder_version=\"4.27.2\" _module_preset=\"default\" text_text_color=\"#FFFFFF\" header_text_color=\"#FFFFFF\" header_font_size=\"34px\" custom_padding=\"||0px|||\" content_en_us=\"Contact Do you have any questions about some of our products? Ask us through the form.\" content_ca=\"Contacte Tens alguna pregunta sobre alguns dels nostres productes? Pregunta'ns pel&hellip;","og_locale":"en_US","og_type":"article","og_title":"Contacto Advanced Proser","og_description":"P\u00e1gina de contacto de Advanced Proser. \u00bfTienes alguna duda sobre algunos de nuestro productos ? Preg\u00fantanos por el formulario.","og_url":"https:\/\/advancedproser.com\/en\/contacto\/","og_site_name":"advancedproser.com","article_modified_time":"2025-06-10T10:43:05+00:00","og_image":[{"width":800,"height":401,"url":"https:\/\/advancedproser.com\/wp-content\/uploads\/2025\/02\/instalaciones-aps-2.jpg","type":"image\/jpeg"}],"twitter_card":"summary_large_image","twitter_misc":{"Est. reading time":"2 minutes"},"schema":{"@context":"https:\/\/schema.org","@graph":[{"@type":"WebPage","@id":"https:\/\/advancedproser.com\/en\/contacto\/","url":"https:\/\/advancedproser.com\/en\/contacto\/","name":"Contacto Advanced Proser","isPartOf":{"@id":"https:\/\/advancedproser.com\/#website"},"primaryImageOfPage":{"@id":"https:\/\/advancedproser.com\/en\/contacto\/#primaryimage"},"image":{"@id":"https:\/\/advancedproser.com\/en\/contacto\/#primaryimage"},"thumbnailUrl":"https:\/\/advancedproser.com\/wp-content\/uploads\/2025\/02\/instalaciones-aps-2.jpg","datePublished":"2024-10-20T14:15:39+00:00","dateModified":"2025-06-10T10:43:05+00:00","description":"P\u00e1gina de contacto de Advanced Proser. \u00bfTienes alguna duda sobre algunos de nuestro productos ? Preg\u00fantanos por el formulario.","breadcrumb":{"@id":"https:\/\/advancedproser.com\/en\/contacto\/#breadcrumb"},"inLanguage":"en-US","potentialAction":[{"@type":"ReadAction","target":["https:\/\/advancedproser.com\/en\/contacto\/"]}]},{"@type":"ImageObject","inLanguage":"en-US","@id":"https:\/\/advancedproser.com\/en\/contacto\/#primaryimage","url":"https:\/\/advancedproser.com\/wp-content\/uploads\/2025\/02\/instalaciones-aps-2.jpg","contentUrl":"https:\/\/advancedproser.com\/wp-content\/uploads\/2025\/02\/instalaciones-aps-2.jpg","width":800,"height":401,"caption":"Instalaciones advancedproser"},{"@type":"BreadcrumbList","@id":"https:\/\/advancedproser.com\/en\/contacto\/#breadcrumb","itemListElement":[{"@type":"ListItem","position":1,"name":"Inicio","item":"https:\/\/advancedproser.com\/"},{"@type":"ListItem","position":2,"name":"Contacto"}]},{"@type":"WebSite","@id":"https:\/\/advancedproser.com\/en\/#website","url":"https:\/\/advancedproser.com\/en\/","name":"advancedproser.com","description":"","potentialAction":[{"@type":"SearchAction","target":{"@type":"EntryPoint","urlTemplate":"https:\/\/advancedproser.com\/en\/?s={search_term_string}"},"query-input":{"@type":"PropertyValueSpecification","valueRequired":true,"valueName":"search_term_string"}}],"inLanguage":"en-US"}]}},"_links":{"self":[{"href":"https:\/\/advancedproser.com\/en\/wp-json\/wp\/v2\/pages\/75","targetHints":{"allow":["GET"]}}],"collection":[{"href":"https:\/\/advancedproser.com\/en\/wp-json\/wp\/v2\/pages"}],"about":[{"href":"https:\/\/advancedproser.com\/en\/wp-json\/wp\/v2\/types\/page"}],"author":[{"embeddable":true,"href":"https:\/\/advancedproser.com\/en\/wp-json\/wp\/v2\/users\/1"}],"replies":[{"embeddable":true,"href":"https:\/\/advancedproser.com\/en\/wp-json\/wp\/v2\/comments?post=75"}],"version-history":[{"count":21,"href":"https:\/\/advancedproser.com\/en\/wp-json\/wp\/v2\/pages\/75\/revisions"}],"predecessor-version":[{"id":683,"href":"https:\/\/advancedproser.com\/en\/wp-json\/wp\/v2\/pages\/75\/revisions\/683"}],"wp:featuredmedia":[{"embeddable":true,"href":"https:\/\/advancedproser.com\/en\/wp-json\/wp\/v2\/media\/538"}],"wp:attachment":[{"href":"https:\/\/advancedproser.com\/en\/wp-json\/wp\/v2\/media?parent=75"}],"curies":[{"name":"wp","href":"https:\/\/api.w.org\/{rel}","templated":true}]}}