{"id":143,"date":"2024-10-21T05:50:16","date_gmt":"2024-10-21T05:50:16","guid":{"rendered":"https:\/\/wp.advancedproser.com\/?page_id=143"},"modified":"2025-04-21T09:07:03","modified_gmt":"2025-04-21T09:07:03","slug":"proveedores-de-adhesivos-y-protecciones","status":"publish","type":"page","link":"https:\/\/advancedproser.com\/en\/proveedores-de-adhesivos-y-protecciones\/","title":{"rendered":"Proveedores"},"content":{"rendered":"<p>[et_pb_section fb_built=&#8221;1&#8243; next_background_color=&#8221;#ffffff&#8221; _builder_version=&#8221;4.27.2&#8243; _module_preset=&#8221;default&#8221; use_background_color_gradient=&#8221;on&#8221; background_color_gradient_direction=&#8221;235deg&#8221; background_color_gradient_stops=&#8221;#000000 0%|rgba(0,0,0,0.39) 100%&#8221; background_image=&#8221;http:\/\/wp.advancedproser.com\/wp-content\/uploads\/2025\/02\/slider-advancedproser-5.jpg&#8221; background_position=&#8221;center_right&#8221; background_blend=&#8221;overlay&#8221; bottom_divider_style=&#8221;ramp&#8221; bottom_divider_height=&#8221;47px&#8221; global_colors_info=&#8221;{}&#8221;][et_pb_row _builder_version=&#8221;4.27.2&#8243; _module_preset=&#8221;default&#8221; global_colors_info=&#8221;{}&#8221;][et_pb_column type=&#8221;4_4&#8243; _builder_version=&#8221;4.27.2&#8243; _module_preset=&#8221;default&#8221; global_colors_info=&#8221;{}&#8221;][et_pb_text _builder_version=&#8221;4.27.2&#8243; _module_preset=&#8221;default&#8221; text_text_color=&#8221;#FFFFFF&#8221; header_text_color=&#8221;#FFFFFF&#8221; header_font_size=&#8221;34px&#8221; content_en_us=&#8221;<\/p>\n<h1>Suppliers<\/h1>\n<p>We work with the best in their sector. (Adhesive and protection suppliers)<\/p>\n<p>&#8221; content_ca=&#8221;<\/p>\n<h1>Prove\u00efdors<\/h1>\n<p>Treballem amb els millors en el seu sector. (Prove\u00efdors d&#8217;adhesius i proteccions)<\/p>\n<p>&#8221; header_text_shadow_style=&#8221;preset2&#8243; global_colors_info=&#8221;{}&#8221;]<\/p>\n<h1>Proveedores<\/h1>\n<p>Trabajamos con los mejores en su sector. (Proveedores de Adhesivos y protecciones)<\/p>\n<p>[\/et_pb_text][\/et_pb_column][\/et_pb_row][\/et_pb_section][et_pb_section fb_built=&#8221;1&#8243; specialty=&#8221;on&#8221; _builder_version=&#8221;4.27.2&#8243; _module_preset=&#8221;default&#8221; background_image=&#8221;http:\/\/wp.advancedproser.com\/wp-content\/uploads\/2024\/10\/fondo-1-scaled.jpg&#8221; hover_enabled=&#8221;0&#8243; global_colors_info=&#8221;{}&#8221; sticky_enabled=&#8221;0&#8243;][et_pb_column type=&#8221;1_4&#8243; _builder_version=&#8221;4.16&#8243; custom_padding=&#8221;|||&#8221; global_colors_info=&#8221;{}&#8221; custom_padding__hover=&#8221;|||&#8221;][et_pb_text _builder_version=&#8221;4.27.2&#8243; _module_preset=&#8221;default&#8221; content_en_us=&#8221;<\/p>\n<h2><strong>Our Suppliers<\/strong><\/h2>\n<p>Suppliers of <a href=%22https:\/\/es.wikipedia.org\/wiki\/Adhesivo%22 data-et-target-link=%22_blank%22 rel=%22noopener%22 style=%22text-decorate: none; color: #999999;%22>Adhesives<\/a> and protections<\/p>\n<p>&#8221; content_ca=&#8221;<\/p>\n<h2><strong>Els nostres prove\u00efdors<\/strong><\/h2>\n<p>Prove\u00efdors d&#8217;<a href=%22https:\/\/es.wikipedia.org\/wiki\/Adhesivo%22 data-et-target-link=%22_blank%22 rel=%22noopener%22 style=%22text-decorate: none; color: #999999;%22>Adhesius<\/a> i proteccions<\/p>\n<p>&#8221; global_colors_info=&#8221;{}&#8221;]<\/p>\n<h2><strong>Nuestros proveedores<\/strong><\/h2>\n<p>Proveedores de <a href=\"https:\/\/es.wikipedia.org\/wiki\/Adhesivo\" target=\"_blank\" rel=\"noopener\" style=\"text-decorate: none; color: #999999;\">Adhesivos<\/a> y protecciones<\/p>\n<p>[\/et_pb_text][\/et_pb_column][et_pb_column type=&#8221;3_4&#8243; specialty_columns=&#8221;3&#8243; _builder_version=&#8221;4.16&#8243; custom_padding=&#8221;|||&#8221; global_colors_info=&#8221;{}&#8221; custom_padding__hover=&#8221;|||&#8221;][et_pb_row_inner column_structure=&#8221;1_3,1_3,1_3&#8243; _builder_version=&#8221;4.27.2&#8243; _module_preset=&#8221;default&#8221; global_colors_info=&#8221;{}&#8221;][et_pb_column_inner type=&#8221;1_3&#8243; saved_specialty_column_type=&#8221;3_4&#8243; _builder_version=&#8221;4.27.2&#8243; _module_preset=&#8221;default&#8221; global_colors_info=&#8221;{}&#8221;][et_pb_blurb title=&#8221;Delo Industrial Adhesives&#8221; url=&#8221;https:\/\/advancedproser.com\/delo-adhesivos-industriales\/&#8221; image=&#8221;http:\/\/wp.advancedproser.com\/wp-content\/uploads\/2024\/12\/LOGO-DELO.jpg&#8221; _builder_version=&#8221;4.27.2&#8243; _module_preset=&#8221;default&#8221; header_font=&#8221;|700|||||||&#8221; header_font_size=&#8221;16px&#8221; link_option_url=&#8221;https:\/\/advancedproser.com\/delo-adhesivos-industriales\/&#8221; hover_enabled=&#8221;0&#8243; content_en_us=&#8221;<\/p>\n<p>High-performance industrial adhesives. One and two-component systems, in different curing strategies: light, heat, component mixing, humidity or combinations thereof.<\/p>\n<p>&#8221; content_ca=&#8221;<\/p>\n<p>Adhesius industrials d&#8217;altes prestacions. Sistemes d&#8217;un i dos components, en diferents estrat\u00e8gies de curat: llum, calor, barreja de components, humitat o combinacions d&#8217;elles.<\/p>\n<p>&#8221; global_colors_info=&#8221;{}&#8221; sticky_enabled=&#8221;0&#8243;]<\/p>\n<p>Adhesivos industriales de altas prestaciones. Sistemas de uno y dos componentes, en diferentes estrategias de curado: luz, calor, mezcla de componentes, humedad o combinaciones de ellas.<\/p>\n<p>[\/et_pb_blurb][et_pb_button button_url=&#8221;https:\/\/advancedproser.com\/delo-adhesivos-industriales\/&#8221; button_text=&#8221;Ver m\u00e1s&#8221; button_alignment=&#8221;left&#8221; _builder_version=&#8221;4.27.2&#8243; _module_preset=&#8221;default&#8221; custom_button=&#8221;on&#8221; button_text_color=&#8221;#FFFFFF&#8221; button_bg_color=&#8221;#E02B20&#8243; hover_enabled=&#8221;0&#8243; button_text_en_us=&#8221;See more&#8221; button_url_en_us=&#8221;https:\/\/advancedproser.com\/delo-adhesivos-industriales\/&#8221; button_text_ca=&#8221;Veure m\u00e9s&#8221; button_url_ca=&#8221;https:\/\/advancedproser.com\/delo-adhesivos-industriales\/&#8221; global_colors_info=&#8221;{}&#8221; sticky_enabled=&#8221;0&#8243;][\/et_pb_button][\/et_pb_column_inner][et_pb_column_inner type=&#8221;1_3&#8243; saved_specialty_column_type=&#8221;3_4&#8243; _builder_version=&#8221;4.27.2&#8243; _module_preset=&#8221;default&#8221; global_colors_info=&#8221;{}&#8221;][et_pb_blurb title=&#8221;Elantas Electrical Insulation&#8221; url=&#8221;https:\/\/advancedproser.com\/elantas\/&#8221; image=&#8221;http:\/\/wp.advancedproser.com\/wp-content\/uploads\/2025\/02\/proveedor-elantas.jpg&#8221; alt=&#8221;proveedor elantas&#8221; _builder_version=&#8221;4.27.2&#8243; _module_preset=&#8221;default&#8221; header_font=&#8221;|700|||||||&#8221; header_font_size=&#8221;16px&#8221; link_option_url=&#8221;https:\/\/advancedproser.com\/elantas\/&#8221; hover_enabled=&#8221;0&#8243; content_en_us=&#8221;<\/p>\n<p>Special products for electronic protection. Encapsulants, varnishes and conformal coatings epoxy and polyurethane, especially for use on electronic systems.<\/p>\n<p>&#8221; content_ca=&#8221;<\/p>\n<p>Productes especials per a la protecci\u00f3 electr\u00f2nica. Encapsulants, vernissos i recobriments conformables epoxi i poliuret\u00e0, especialment per al seu \u00fas sobre sistemes electr\u00f2nics.<\/p>\n<p>&#8221; global_colors_info=&#8221;{}&#8221; sticky_enabled=&#8221;0&#8243;]<\/p>\n<p>Productos especiales para la protecci\u00f3n electr\u00f3nica. Encapsulantes, barnices y recubrimientos conformables epoxi y poliuretano, especialmente para su uso sobre sistemas electr\u00f3nicos.<\/p>\n<p>[\/et_pb_blurb][et_pb_button button_url=&#8221;https:\/\/advancedproser.com\/elantas\/&#8221; button_text=&#8221;Ver m\u00e1s&#8221; button_alignment=&#8221;left&#8221; _builder_version=&#8221;4.27.2&#8243; _module_preset=&#8221;default&#8221; custom_button=&#8221;on&#8221; button_text_color=&#8221;#FFFFFF&#8221; button_bg_color=&#8221;#E02B20&#8243; hover_enabled=&#8221;0&#8243; button_text_en_us=&#8221;See more&#8221; button_text_ca=&#8221;Veure m\u00e9s&#8221; global_colors_info=&#8221;{}&#8221; button_url_en_us=&#8221;https:\/\/advancedproser.com\/elantas\/&#8221; button_url_ca=&#8221;https:\/\/advancedproser.com\/elantas\/&#8221; sticky_enabled=&#8221;0&#8243;][\/et_pb_button][\/et_pb_column_inner][et_pb_column_inner type=&#8221;1_3&#8243; saved_specialty_column_type=&#8221;3_4&#8243; _builder_version=&#8221;4.27.2&#8243; _module_preset=&#8221;default&#8221; global_colors_info=&#8221;{}&#8221;][et_pb_blurb title=&#8221;ABchimie&#8221; url=&#8221;https:\/\/advancedproser.com\/abchimie\/&#8221; image=&#8221;http:\/\/wp.advancedproser.com\/wp-content\/uploads\/2025\/02\/proveedor-abchimie.jpg&#8221; alt=&#8221;proveedor abchimie&#8221; _builder_version=&#8221;4.27.2&#8243; _module_preset=&#8221;default&#8221; header_font=&#8221;|700|||||||&#8221; header_font_size=&#8221;16px&#8221; link_option_url=&#8221;https:\/\/advancedproser.com\/abchimie\/&#8221; hover_enabled=&#8221;0&#8243; content_en_us=&#8221;<\/p>\n<p>High-performance industrial adhesives. One and two-component systems, in different curing strategies: light, heat, component mixing, humidity or combinations thereof.<\/p>\n<p>&#8221; content_ca=&#8221;<\/p>\n<p>Adhesius industrials d&#8217;altes prestacions. Sistemes d&#8217;un i dos components, en diferents estrat\u00e8gies de curat: llum, calor, barreja de components, humitat o combinacions d&#8217;elles.<\/p>\n<p>&#8221; global_colors_info=&#8221;{}&#8221; sticky_enabled=&#8221;0&#8243;]<\/p>\n<p>Adhesivos industriales de altas prestaciones. Sistemas de uno y dos componentes, en diferentes estrategias de curado: luz, calor, mezcla de componentes, humedad o combinaciones de ellas.<\/p>\n<p>[\/et_pb_blurb][et_pb_button button_url=&#8221;https:\/\/advancedproser.com\/abchimie\/&#8221; button_text=&#8221;Ver m\u00e1s&#8221; button_alignment=&#8221;left&#8221; _builder_version=&#8221;4.27.2&#8243; _module_preset=&#8221;default&#8221; custom_button=&#8221;on&#8221; button_text_color=&#8221;#FFFFFF&#8221; button_bg_color=&#8221;#E02B20&#8243; hover_enabled=&#8221;0&#8243; button_text_en_us=&#8221;See more&#8221; button_text_ca=&#8221;Veure m\u00e9s&#8221; global_colors_info=&#8221;{}&#8221; button_url_en_us=&#8221;https:\/\/advancedproser.com\/abchimie\/&#8221; button_url_ca=&#8221;https:\/\/advancedproser.com\/abchimie\/&#8221; sticky_enabled=&#8221;0&#8243;][\/et_pb_button][\/et_pb_column_inner][\/et_pb_row_inner][et_pb_row_inner column_structure=&#8221;1_3,1_3,1_3&#8243; _builder_version=&#8221;4.27.2&#8243; _module_preset=&#8221;default&#8221; global_colors_info=&#8221;{}&#8221;][et_pb_column_inner type=&#8221;1_3&#8243; saved_specialty_column_type=&#8221;3_4&#8243; _builder_version=&#8221;4.27.2&#8243; _module_preset=&#8221;default&#8221; global_colors_info=&#8221;{}&#8221;][et_pb_blurb title=&#8221;Bostik Smart Adhesives &#8211; Thermelt&#8221; url=&#8221;https:\/\/advancedproser.com\/bostik\/&#8221; image=&#8221;http:\/\/wp.advancedproser.com\/wp-content\/uploads\/2025\/02\/proveedor-bostik.jpg&#8221; alt=&#8221;proveedor bostik&#8221; _builder_version=&#8221;4.27.2&#8243; _module_preset=&#8221;default&#8221; header_font=&#8221;|700|||||||&#8221; header_font_size=&#8221;16px&#8221; link_option_url=&#8221;https:\/\/advancedproser.com\/bostik\/&#8221; hover_enabled=&#8221;0&#8243; content_en_us=&#8221;<\/p>\n<p>HMPA, HMPO and HMPSA resins. Hot-melt resins and glues for low-pressure molding applications, flexible adhesion and assembly, fixing operations, etc&#8230;<\/p>\n<p>&#8221; content_ca=&#8221;<\/p>\n<p>Resines HMPA, HMPO i HMPSA. Resines i coles hot-melt per a aplicacions de modelatge a baixa pressi\u00f3, adhesi\u00f3 flexible i operacions d&#8217;assemblatge, fixaci\u00f3, etc&#8230;<\/p>\n<p>&#8221; global_colors_info=&#8221;{}&#8221; sticky_enabled=&#8221;0&#8243;]<\/p>\n<p><span>Resinas HMPA, HMPO y HMPSA. Resinas y colas hot-melt para aplicaciones de moldeo a baja presi\u00f3n, adhesi\u00f3n flexible y operaciones de ensamblaje, fijaci\u00f3n, etc&#8230;<\/span><\/p>\n<p>[\/et_pb_blurb][et_pb_button button_url=&#8221;https:\/\/advancedproser.com\/bostik\/&#8221; button_text=&#8221;Ver m\u00e1s&#8221; button_alignment=&#8221;left&#8221; _builder_version=&#8221;4.27.2&#8243; _module_preset=&#8221;default&#8221; custom_button=&#8221;on&#8221; button_text_color=&#8221;#FFFFFF&#8221; button_bg_color=&#8221;#E02B20&#8243; hover_enabled=&#8221;0&#8243; button_text_en_us=&#8221;See more&#8221; button_text_ca=&#8221;Veure m\u00e9s&#8221; global_colors_info=&#8221;{}&#8221; sticky_enabled=&#8221;0&#8243;][\/et_pb_button][\/et_pb_column_inner][et_pb_column_inner type=&#8221;1_3&#8243; saved_specialty_column_type=&#8221;3_4&#8243; _builder_version=&#8221;4.27.2&#8243; _module_preset=&#8221;default&#8221; global_colors_info=&#8221;{}&#8221;][et_pb_blurb title=&#8221;Robnor Resinlab&#8221; url=&#8221;https:\/\/advancedproser.com\/robnor-resinlab\/&#8221; image=&#8221;http:\/\/wp.advancedproser.com\/wp-content\/uploads\/2025\/02\/proveedor-robnor.jpg&#8221; alt=&#8221;proveedor robnor&#8221; _builder_version=&#8221;4.27.2&#8243; _module_preset=&#8221;default&#8221; header_font=&#8221;|700|||||||&#8221; header_font_size=&#8221;16px&#8221; link_option_url=&#8221;https:\/\/advancedproser.com\/robnor-resinlab\/&#8221; hover_enabled=&#8221;0&#8243; content_en_us=&#8221;<\/p>\n<p>Epoxy and polyurethane-based encapsulants for different purposes: conventional, thermally conductive, optical systems, etc&#8230;<\/p>\n<p>&#8221; content_ca=&#8221;<\/p>\n<p>Encapsulants de base epoxi i poliuret\u00e0 per a diferents prop\u00f2sits: sistemes convencionals, termoconductius, \u00f2ptics, etc&#8230;<\/p>\n<p>&#8221; global_colors_info=&#8221;{}&#8221; sticky_enabled=&#8221;0&#8243;]<\/p>\n<p><span>Encapsulantes de base epoxi y poliuretano para diferentes prop\u00f3sitos: sistemas convencionales, termoconductivos, \u00f3pticos, etc&#8230;<\/span><\/p>\n<p><span><\/span><\/p>\n<p><span><\/span><\/p>\n<p><span><\/span><\/p>\n<p>[\/et_pb_blurb][et_pb_button button_url=&#8221;https:\/\/advancedproser.com\/robnor-resinlab\/&#8221; button_text=&#8221;Ver m\u00e1s&#8221; button_alignment=&#8221;left&#8221; _builder_version=&#8221;4.27.2&#8243; _module_preset=&#8221;default&#8221; custom_button=&#8221;on&#8221; button_text_color=&#8221;#FFFFFF&#8221; button_bg_color=&#8221;#E02B20&#8243; hover_enabled=&#8221;0&#8243; button_text_en_us=&#8221;See more&#8221; button_text_ca=&#8221;Veure m\u00e9s&#8221; global_colors_info=&#8221;{}&#8221; sticky_enabled=&#8221;0&#8243;][\/et_pb_button][\/et_pb_column_inner][et_pb_column_inner type=&#8221;1_3&#8243; saved_specialty_column_type=&#8221;3_4&#8243; _builder_version=&#8221;4.27.2&#8243; _module_preset=&#8221;default&#8221; global_colors_info=&#8221;{}&#8221;][et_pb_blurb title=&#8221;CHT &#8221; url=&#8221;https:\/\/advancedproser.com\/cht-2\/&#8221; image=&#8221;http:\/\/wp.advancedproser.com\/wp-content\/uploads\/2025\/02\/proveedor-cht.jpg&#8221; alt=&#8221;proveedor cht&#8221; _builder_version=&#8221;4.27.2&#8243; _module_preset=&#8221;default&#8221; header_font=&#8221;|700|||||||&#8221; header_font_size=&#8221;16px&#8221; link_option_url=&#8221;https:\/\/advancedproser.com\/cht-2\/&#8221; hover_enabled=&#8221;0&#8243; content_en_us=&#8221;<span>Experts in silicones.<\/span><\/p>\n<p><span>Silicones with chemical and thermal resistance, physiological safety, &#8230; adhesives, encapsulants, gels &#8230; for different applications.<\/span>&#8221; content_ca=&#8221;<span>Experts en silicones.<\/span><\/p>\n<p><span>Silicones amb resist\u00e8ncia qu\u00edmica i t\u00e8rmica, innocu\u00eftat fisiol\u00f2gica, &#8230; adhesius, encapsulants, gels &#8230; per a diferents aplicacions.<\/span>&#8221; global_colors_info=&#8221;{}&#8221; sticky_enabled=&#8221;0&#8243;]<\/p>\n<p><span>Expertos en siliconas.<\/span><\/p>\n<p><span>Siliconas con resistencia qu\u00edmica y t\u00e9rmica, inocuidad fisiol\u00f3gica, &#8230; adhseivos, encapsulantes, gels&#8230; para distintas aplicaciones.<\/span><\/p>\n<p><span><\/span><\/p>\n<p>[\/et_pb_blurb][et_pb_button button_url=&#8221;https:\/\/advancedproser.com\/cht-2\/&#8221; button_text=&#8221;Ver m\u00e1s&#8221; button_alignment=&#8221;left&#8221; _builder_version=&#8221;4.27.2&#8243; _module_preset=&#8221;default&#8221; custom_button=&#8221;on&#8221; button_text_color=&#8221;#FFFFFF&#8221; button_bg_color=&#8221;#E02B20&#8243; hover_enabled=&#8221;0&#8243; button_text_en_us=&#8221;See more&#8221; button_text_ca=&#8221;Veure m\u00e9s&#8221; global_colors_info=&#8221;{}&#8221; sticky_enabled=&#8221;0&#8243;][\/et_pb_button][\/et_pb_column_inner][\/et_pb_row_inner][\/et_pb_column][\/et_pb_section]<\/p>\n","protected":false},"excerpt":{"rendered":"<p>Proveedores Trabajamos con los mejores en su sector. (Proveedores de Adhesivos y protecciones)Nuestros proveedores Proveedores de Adhesivos y proteccionesAdhesivos industriales de altas prestaciones. Sistemas de uno y dos componentes, en diferentes estrategias de curado: luz, calor, mezcla de componentes, humedad o combinaciones de ellas.Productos especiales para la protecci\u00f3n electr\u00f3nica. Encapsulantes, barnices y recubrimientos conformables epoxi [&hellip;]<\/p>\n","protected":false},"author":1,"featured_media":202,"parent":0,"menu_order":0,"comment_status":"closed","ping_status":"closed","template":"","meta":{"_et_pb_use_builder":"on","_et_pb_old_content":"","_et_gb_content_width":"","footnotes":""},"class_list":["post-143","page","type-page","status-publish","has-post-thumbnail","hentry"],"yoast_head":"<!-- This site is optimized with the Yoast SEO plugin v27.3 - https:\/\/yoast.com\/product\/yoast-seo-wordpress\/ -->\n<title>Proveedores de Adhesivos y protecciones<\/title>\n<meta name=\"description\" content=\"Proveedores de Adhesivos y protecciones: Productos especiales para la protecci\u00f3n electr\u00f3nica. Encapsulantes, barnices. Delo, Elantas...\" \/>\n<meta name=\"robots\" content=\"index, follow, max-snippet:-1, max-image-preview:large, max-video-preview:-1\" \/>\n<link rel=\"canonical\" href=\"\" \/>\n<meta property=\"og:locale\" content=\"en_US\" \/>\n<meta property=\"og:type\" content=\"article\" \/>\n<meta property=\"og:title\" content=\"Proveedores de Adhesivos y protecciones\" \/>\n<meta property=\"og:description\" content=\"Proveedores de Adhesivos y protecciones: Productos especiales para la protecci\u00f3n electr\u00f3nica. Encapsulantes, barnices. Delo, Elantas...\" \/>\n<meta property=\"og:url\" content=\"https:\/\/advancedproser.com\/en\/proveedores-de-adhesivos-y-protecciones\/\" \/>\n<meta property=\"og:site_name\" content=\"advancedproser.com\" \/>\n<meta property=\"article:modified_time\" content=\"2025-04-21T09:07:03+00:00\" \/>\n<meta property=\"og:image\" content=\"https:\/\/advancedproser.com\/wp-content\/uploads\/2024\/12\/Logo-avancedporser-small-nuevo.png\" \/>\n\t<meta property=\"og:image:width\" content=\"180\" \/>\n\t<meta property=\"og:image:height\" content=\"93\" \/>\n\t<meta property=\"og:image:type\" content=\"image\/png\" \/>\n<meta name=\"twitter:card\" content=\"summary_large_image\" \/>\n<meta name=\"twitter:label1\" content=\"Est. reading time\" \/>\n\t<meta name=\"twitter:data1\" content=\"3 minutes\" \/>\n<script type=\"application\/ld+json\" class=\"yoast-schema-graph\">{\"@context\":\"https:\\\/\\\/schema.org\",\"@graph\":[{\"@type\":\"WebPage\",\"@id\":\"https:\\\/\\\/advancedproser.com\\\/en\\\/proveedores-de-adhesivos-y-protecciones\\\/\",\"url\":\"https:\\\/\\\/advancedproser.com\\\/en\\\/proveedores-de-adhesivos-y-protecciones\\\/\",\"name\":\"Proveedores de Adhesivos y protecciones\",\"isPartOf\":{\"@id\":\"https:\\\/\\\/advancedproser.com\\\/#website\"},\"primaryImageOfPage\":{\"@id\":\"https:\\\/\\\/advancedproser.com\\\/en\\\/proveedores-de-adhesivos-y-protecciones\\\/#primaryimage\"},\"image\":{\"@id\":\"https:\\\/\\\/advancedproser.com\\\/en\\\/proveedores-de-adhesivos-y-protecciones\\\/#primaryimage\"},\"thumbnailUrl\":\"https:\\\/\\\/advancedproser.com\\\/wp-content\\\/uploads\\\/2024\\\/12\\\/Logo-avancedporser-small-nuevo.png\",\"datePublished\":\"2024-10-21T05:50:16+00:00\",\"dateModified\":\"2025-04-21T09:07:03+00:00\",\"description\":\"Proveedores de Adhesivos y protecciones: Productos especiales para la protecci\u00f3n electr\u00f3nica. Encapsulantes, barnices. Delo, Elantas...\",\"breadcrumb\":{\"@id\":\"https:\\\/\\\/advancedproser.com\\\/en\\\/proveedores-de-adhesivos-y-protecciones\\\/#breadcrumb\"},\"inLanguage\":\"en-US\",\"potentialAction\":[{\"@type\":\"ReadAction\",\"target\":[\"https:\\\/\\\/advancedproser.com\\\/en\\\/proveedores-de-adhesivos-y-protecciones\\\/\"]}]},{\"@type\":\"ImageObject\",\"inLanguage\":\"en-US\",\"@id\":\"https:\\\/\\\/advancedproser.com\\\/en\\\/proveedores-de-adhesivos-y-protecciones\\\/#primaryimage\",\"url\":\"https:\\\/\\\/advancedproser.com\\\/wp-content\\\/uploads\\\/2024\\\/12\\\/Logo-avancedporser-small-nuevo.png\",\"contentUrl\":\"https:\\\/\\\/advancedproser.com\\\/wp-content\\\/uploads\\\/2024\\\/12\\\/Logo-avancedporser-small-nuevo.png\",\"width\":180,\"height\":93,\"caption\":\"Avanced Proser Resinas industriales sistemas de protecci\u00f3n\"},{\"@type\":\"BreadcrumbList\",\"@id\":\"https:\\\/\\\/advancedproser.com\\\/en\\\/proveedores-de-adhesivos-y-protecciones\\\/#breadcrumb\",\"itemListElement\":[{\"@type\":\"ListItem\",\"position\":1,\"name\":\"Inicio\",\"item\":\"https:\\\/\\\/advancedproser.com\\\/\"},{\"@type\":\"ListItem\",\"position\":2,\"name\":\"Proveedores\"}]},{\"@type\":\"WebSite\",\"@id\":\"https:\\\/\\\/advancedproser.com\\\/en\\\/#website\",\"url\":\"https:\\\/\\\/advancedproser.com\\\/en\\\/\",\"name\":\"advancedproser.com\",\"description\":\"\",\"potentialAction\":[{\"@type\":\"SearchAction\",\"target\":{\"@type\":\"EntryPoint\",\"urlTemplate\":\"https:\\\/\\\/advancedproser.com\\\/en\\\/?s={search_term_string}\"},\"query-input\":{\"@type\":\"PropertyValueSpecification\",\"valueRequired\":true,\"valueName\":\"search_term_string\"}}],\"inLanguage\":\"en-US\"}]}<\/script>\n<!-- \/ Yoast SEO plugin. -->","yoast_head_json":{"title":"Proveedores de Adhesivos y protecciones","description":"Proveedores de Adhesivos y protecciones: Productos especiales para la protecci\u00f3n electr\u00f3nica. Encapsulantes, barnices. Delo, Elantas...","robots":{"index":"index","follow":"follow","max-snippet":"max-snippet:-1","max-image-preview":"max-image-preview:large","max-video-preview":"max-video-preview:-1"},"canonical":"[et_pb_section fb_built=\"1\" next_background_color=\"#ffffff\" _builder_version=\"4.27.2\" _module_preset=\"default\" use_background_color_gradient=\"on\" background_color_gradient_direction=\"235deg\" background_color_gradient_stops=\"#000000 0%|rgba(0,0,0,0.39) 100%\" background_image=\"http:\/\/wp.advancedproser.com\/wp-content\/uploads\/2025\/02\/slider-advancedproser-5.jpg\" background_position=\"center_right\" background_blend=\"overlay\" bottom_divider_style=\"ramp\" bottom_divider_height=\"47px\" global_colors_info=\"{}\"][et_pb_row _builder_version=\"4.27.2\" _module_preset=\"default\" global_colors_info=\"{}\"][et_pb_column type=\"4_4\" _builder_version=\"4.27.2\" _module_preset=\"default\" global_colors_info=\"{}\"][et_pb_text _builder_version=\"4.27.2\" _module_preset=\"default\" text_text_color=\"#FFFFFF\" header_text_color=\"#FFFFFF\" header_font_size=\"34px\" content_en_us=\"Suppliers We work with the best in their sector. (Adhesive and protection suppliers)\" content_ca=\"Prove\u00efdors Treballem amb els millors en el seu sector. (Prove\u00efdors d'adhesius i proteccions)\" header_text_shadow_style=\"preset2\"&hellip;","og_locale":"en_US","og_type":"article","og_title":"Proveedores de Adhesivos y protecciones","og_description":"Proveedores de Adhesivos y protecciones: Productos especiales para la protecci\u00f3n electr\u00f3nica. Encapsulantes, barnices. Delo, Elantas...","og_url":"https:\/\/advancedproser.com\/en\/proveedores-de-adhesivos-y-protecciones\/","og_site_name":"advancedproser.com","article_modified_time":"2025-04-21T09:07:03+00:00","og_image":[{"width":180,"height":93,"url":"https:\/\/advancedproser.com\/wp-content\/uploads\/2024\/12\/Logo-avancedporser-small-nuevo.png","type":"image\/png"}],"twitter_card":"summary_large_image","twitter_misc":{"Est. reading time":"3 minutes"},"schema":{"@context":"https:\/\/schema.org","@graph":[{"@type":"WebPage","@id":"https:\/\/advancedproser.com\/en\/proveedores-de-adhesivos-y-protecciones\/","url":"https:\/\/advancedproser.com\/en\/proveedores-de-adhesivos-y-protecciones\/","name":"Proveedores de Adhesivos y protecciones","isPartOf":{"@id":"https:\/\/advancedproser.com\/#website"},"primaryImageOfPage":{"@id":"https:\/\/advancedproser.com\/en\/proveedores-de-adhesivos-y-protecciones\/#primaryimage"},"image":{"@id":"https:\/\/advancedproser.com\/en\/proveedores-de-adhesivos-y-protecciones\/#primaryimage"},"thumbnailUrl":"https:\/\/advancedproser.com\/wp-content\/uploads\/2024\/12\/Logo-avancedporser-small-nuevo.png","datePublished":"2024-10-21T05:50:16+00:00","dateModified":"2025-04-21T09:07:03+00:00","description":"Proveedores de Adhesivos y protecciones: Productos especiales para la protecci\u00f3n electr\u00f3nica. Encapsulantes, barnices. Delo, Elantas...","breadcrumb":{"@id":"https:\/\/advancedproser.com\/en\/proveedores-de-adhesivos-y-protecciones\/#breadcrumb"},"inLanguage":"en-US","potentialAction":[{"@type":"ReadAction","target":["https:\/\/advancedproser.com\/en\/proveedores-de-adhesivos-y-protecciones\/"]}]},{"@type":"ImageObject","inLanguage":"en-US","@id":"https:\/\/advancedproser.com\/en\/proveedores-de-adhesivos-y-protecciones\/#primaryimage","url":"https:\/\/advancedproser.com\/wp-content\/uploads\/2024\/12\/Logo-avancedporser-small-nuevo.png","contentUrl":"https:\/\/advancedproser.com\/wp-content\/uploads\/2024\/12\/Logo-avancedporser-small-nuevo.png","width":180,"height":93,"caption":"Avanced Proser Resinas industriales sistemas de protecci\u00f3n"},{"@type":"BreadcrumbList","@id":"https:\/\/advancedproser.com\/en\/proveedores-de-adhesivos-y-protecciones\/#breadcrumb","itemListElement":[{"@type":"ListItem","position":1,"name":"Inicio","item":"https:\/\/advancedproser.com\/"},{"@type":"ListItem","position":2,"name":"Proveedores"}]},{"@type":"WebSite","@id":"https:\/\/advancedproser.com\/en\/#website","url":"https:\/\/advancedproser.com\/en\/","name":"advancedproser.com","description":"","potentialAction":[{"@type":"SearchAction","target":{"@type":"EntryPoint","urlTemplate":"https:\/\/advancedproser.com\/en\/?s={search_term_string}"},"query-input":{"@type":"PropertyValueSpecification","valueRequired":true,"valueName":"search_term_string"}}],"inLanguage":"en-US"}]}},"_links":{"self":[{"href":"https:\/\/advancedproser.com\/en\/wp-json\/wp\/v2\/pages\/143","targetHints":{"allow":["GET"]}}],"collection":[{"href":"https:\/\/advancedproser.com\/en\/wp-json\/wp\/v2\/pages"}],"about":[{"href":"https:\/\/advancedproser.com\/en\/wp-json\/wp\/v2\/types\/page"}],"author":[{"embeddable":true,"href":"https:\/\/advancedproser.com\/en\/wp-json\/wp\/v2\/users\/1"}],"replies":[{"embeddable":true,"href":"https:\/\/advancedproser.com\/en\/wp-json\/wp\/v2\/comments?post=143"}],"version-history":[{"count":20,"href":"https:\/\/advancedproser.com\/en\/wp-json\/wp\/v2\/pages\/143\/revisions"}],"predecessor-version":[{"id":626,"href":"https:\/\/advancedproser.com\/en\/wp-json\/wp\/v2\/pages\/143\/revisions\/626"}],"wp:featuredmedia":[{"embeddable":true,"href":"https:\/\/advancedproser.com\/en\/wp-json\/wp\/v2\/media\/202"}],"wp:attachment":[{"href":"https:\/\/advancedproser.com\/en\/wp-json\/wp\/v2\/media?parent=143"}],"curies":[{"name":"wp","href":"https:\/\/api.w.org\/{rel}","templated":true}]}}