{"id":695,"date":"2026-04-08T17:35:40","date_gmt":"2026-04-08T17:35:40","guid":{"rendered":"https:\/\/advancedproser.com\/?page_id=695"},"modified":"2026-04-08T17:36:36","modified_gmt":"2026-04-08T17:36:36","slug":"politica-del-sgi","status":"publish","type":"page","link":"https:\/\/advancedproser.com\/ca\/politica-del-sgi\/","title":{"rendered":"Pol\u00edtica del SGI"},"content":{"rendered":"<p>[et_pb_section fb_built=&#8221;1&#8243; theme_builder_area=&#8221;post_content&#8221; _builder_version=&#8221;4.27.4&#8243; _module_preset=&#8221;default&#8221; title_text=&#8221;slider-advancedproser-5&#8243; background_image=&#8221;https:\/\/advancedproser.com\/wp-content\/uploads\/2025\/02\/slider-advancedproser-5.jpg&#8221; hover_enabled=&#8221;0&#8243; sticky_enabled=&#8221;0&#8243; bottom_divider_style=&#8221;curve&#8221; bottom_divider_height=&#8221;39px&#8221; next_background_color=&#8221;#ffffff&#8221;][et_pb_row _builder_version=&#8221;4.27.4&#8243; _module_preset=&#8221;default&#8221; theme_builder_area=&#8221;post_content&#8221;][et_pb_column _builder_version=&#8221;4.27.4&#8243; _module_preset=&#8221;default&#8221; type=&#8221;4_4&#8243; theme_builder_area=&#8221;post_content&#8221;][et_pb_text _builder_version=&#8221;4.27.4&#8243; _module_preset=&#8221;default&#8221; theme_builder_area=&#8221;post_content&#8221; hover_enabled=&#8221;0&#8243; sticky_enabled=&#8221;0&#8243; header_text_color=&#8221;#FFFFFF&#8221; text_text_color=&#8221;#FFFFFF&#8221;]<\/p>\n<h1>Pol\u00edtica del GSI<\/h1>\n<p>POL-001<\/p>\n<p>[\/et_pb_text][\/et_pb_column][\/et_pb_row][\/et_pb_section][et_pb_section fb_built=&#8221;1&#8243; theme_builder_area=&#8221;post_content&#8221; _builder_version=&#8221;4.27.4&#8243; _module_preset=&#8221;default&#8221;][et_pb_row _builder_version=&#8221;4.27.4&#8243; _module_preset=&#8221;default&#8221; theme_builder_area=&#8221;post_content&#8221;][et_pb_column _builder_version=&#8221;4.27.4&#8243; _module_preset=&#8221;default&#8221; type=&#8221;4_4&#8243; theme_builder_area=&#8221;post_content&#8221;][et_pb_text _builder_version=&#8221;4.27.4&#8243; _module_preset=&#8221;default&#8221; theme_builder_area=&#8221;post_content&#8221; hover_enabled=&#8221;0&#8243; sticky_enabled=&#8221;0&#8243;]<\/p>\n<p class=\"p1\"><span class=\"s1\"><b>A.P.S., ADVANCED PROSER S.L. <\/b>es<b> <\/b>una empresa especialista en materiales, procesos y tecnolog\u00edas de adhesi\u00f3n y protecci\u00f3n mediante resinas y adhesivos de alto rendimiento. Con m\u00e1s de 25 a\u00f1os de experiencia en numerosos mercados de extrema solicitaci\u00f3n, incidimos y colaboramos en todas las fases del proyecto, desde la definici\u00f3n del proceso hasta el servicio posventa.<\/span><\/p>\n<p class=\"p2\"><span class=\"s1\"><\/span><\/p>\n<p class=\"p1\"><span class=\"s1\"><b>A.P.S., ADVANCED PROSER S.L.<\/b> tiene el compromiso con la calidad y con el medio ambiente; para ello se ha implantado un Sistema de Gesti\u00f3n Integrado (SGI), basado en las normas UNE-EN ISO 9001 y UNE-EN ISO 14001. Los principios b\u00e1sicos para cumplir con nuestro compromiso son los siguientes:<\/span><\/p>\n<p class=\"p3\"><span class=\"s1\"><\/span><\/p>\n<ul class=\"ul1\">\n<li class=\"li1\"><span class=\"s2\"><\/span><span class=\"s1\">Satisfacci\u00f3n de nuestros clientes; suministr\u00e1ndoles los productos y\/o servicios que requieran, a partir de los requisitos marcados por ellos, pudi\u00e9ndoles ofrecer asesoramiento en cada caso por nuestra gran trayectoria y experiencia.<\/span><\/li>\n<li class=\"li1\"><span class=\"s2\"><\/span><span class=\"s1\">Beneficios para nuestros trabajadores y colaboradores; ofreci\u00e9ndoles la oportunidad de participar en el proyecto con estabilidad, seguridad, formaci\u00f3n y la garant\u00eda de que se valorar\u00e1n sus iniciativas para mejorar cada d\u00eda.<\/span><\/li>\n<li class=\"li1\"><span class=\"s2\"><\/span><span class=\"s1\">Fidelizaci\u00f3n de proveedores; ofreci\u00e9ndoles la posibilidad de un crecimiento mutuo, haci\u00e9ndoles part\u00edcipes de nuestras aspiraciones en mejora ambiental con propuestas de sostenibilidad y respeto medioambiental. <\/span><\/li>\n<li class=\"li1\"><span class=\"s2\"><\/span><span class=\"s1\">Compromiso con nuestra sociedad; que nuestros productos o servicios cumplan todas las normativas vigentes, que satisfagan las necesidades de los clientes y cuyos procesos de fabricaci\u00f3n sean respetuosos con el medioambiente.<\/span><\/li>\n<li class=\"li1\"><span class=\"s2\"><\/span><span class=\"s1\">Cumplimiento con la legislaci\u00f3n vigente, as\u00ed como con todos aquellos requisitos que sean de aplicaci\u00f3n. <\/span><\/li>\n<li class=\"li1\"><span class=\"s2\"><\/span><span class=\"s1\">Control y seguimiento de desempe\u00f1o de nuestros proveedores cr\u00edticos, de acuerdo con los criterios establecidos dentro de la organizaci\u00f3n.<\/span><\/li>\n<li class=\"li1\"><span class=\"s2\"><\/span><span class=\"s1\">Proteger el medio ambiente, incluida la prevenci\u00f3n de la contaminaci\u00f3n, y otros compromisos espec\u00edficos pertinentes en el contexto de nuestra organizaci\u00f3n.<\/span><\/li>\n<li class=\"li1\"><span class=\"s2\"><\/span><span class=\"s1\">Controlar y reducir los residuos y el consumo de recursos, con el objetivo de minimizar el impacto ambiental originada por de nuestras actividades, siempre que sea posible t\u00e9cnica y econ\u00f3micamente<\/span><\/li>\n<li class=\"li1\"><span class=\"s2\"><\/span><span class=\"s1\">Mejorar continuamente los procesos de nuestro sistema de gesti\u00f3n integrado.<\/span><\/li>\n<\/ul>\n<p class=\"p3\"><span class=\"s1\"><\/span><\/p>\n<p class=\"p1\"><span class=\"s1\">Nuestros principios son referencias para establecer los objetivos empresariales. La direcci\u00f3n de <b>A.P.S., ADVANCED PROSER S.L.<\/b> revisa peri\u00f3dicamente la presente pol\u00edtica para dar cabida a los posibles cambios que puedan producirse tanto de manera interna como externa.<\/span><\/p>\n<p class=\"p1\">20\/05\/2023<span class=\"s1\"><\/span><\/p>\n<p class=\"p1\"><span class=\"s1\"><\/span><\/p>\n<p>[\/et_pb_text][\/et_pb_column][\/et_pb_row][\/et_pb_section]<\/p>\n","protected":false},"excerpt":{"rendered":"<p>Pol\u00edtica del GSI POL-001A.P.S., ADVANCED PROSER S.L. es una empresa especialista en materiales, procesos y tecnolog\u00edas de adhesi\u00f3n y protecci\u00f3n mediante resinas y adhesivos de alto rendimiento. Con m\u00e1s de 25 a\u00f1os de experiencia en numerosos mercados de extrema solicitaci\u00f3n, incidimos y colaboramos en todas las fases del proyecto, desde la definici\u00f3n del proceso hasta [&hellip;]<\/p>\n","protected":false},"author":3,"featured_media":0,"parent":0,"menu_order":0,"comment_status":"closed","ping_status":"closed","template":"","meta":{"_et_pb_use_builder":"on","_et_pb_old_content":"","_et_gb_content_width":"","footnotes":""},"class_list":["post-695","page","type-page","status-publish","hentry"],"yoast_head":"<!-- This site is optimized with the Yoast SEO plugin v27.3 - https:\/\/yoast.com\/product\/yoast-seo-wordpress\/ -->\n<title>Pol\u00edtica del SGI<\/title>\n<meta name=\"description\" content=\"[et_pb_section fb_built=&quot;1&quot; theme_builder_area=&quot;post_content&quot; _builder_version=&quot;4.27.4&quot; _module_preset=&quot;default&quot; title_text=&quot;slider-advancedproser-5&quot; background_image=&quot;https:\/\/advancedproser.com\/wp-content\/uploads\/2025\/02\/slider-advancedproser-5.jpg&quot; hover_enabled=&quot;0&quot; sticky_enabled=&quot;0&quot; bottom_divider_style=&quot;curve&quot; bottom_divider_height=&quot;39px&quot; next_background_color=&quot;#ffffff&quot;][et_pb_row _builder_version=&quot;4.27.4&quot; _module_preset=&quot;default&quot; theme_builder_area=&quot;post_content&quot;][et_pb_column _builder_version=&quot;4.27.4&quot; _module_preset=&quot;default&quot; type=&quot;4_4&quot; theme_builder_area=&quot;post_content&quot;][et_pb_text _builder_version=&quot;4.27.4&quot; _module_preset=&quot;default&quot; theme_builder_area=&quot;post_content&quot; hover_enabled=&quot;0&quot; sticky_enabled=&quot;0&quot; header_text_color=&quot;#FFFFFF&quot; text_text_color=&quot;#FFFFFF&quot;]Pol\u00edtica del GSI POL-001[\/et_pb_text][\/et_pb_column][\/et_pb_row][\/et_pb_section][et_pb_section fb_built=&quot;1&quot; theme_builder_area=&quot;post_content&quot; _builder_version=&quot;4.27.4&quot; _module_preset=&quot;default&quot;][et_pb_row _builder_version=&quot;4.27.4&quot; _module_preset=&quot;default&quot; theme_builder_area=&quot;post_content&quot;][et_pb_column _builder_version=&quot;4.27.4&quot; _module_preset=&quot;default&quot; type=&quot;4_4&quot; theme_builder_area=&quot;post_content&quot;][et_pb_text _builder_version=&quot;4.27.4&quot; _module_preset=&quot;default&quot; theme_builder_area=&quot;post_content&quot; hover_enabled=&quot;0&quot; sticky_enabled=&quot;0&quot;]A.P.S., ADVANCED PROSER S.L. es una empresa especialista en materiales, procesos&hellip;\" \/>\n<meta name=\"robots\" content=\"index, follow, max-snippet:-1, max-image-preview:large, max-video-preview:-1\" \/>\n<link rel=\"canonical\" href=\"\" \/>\n<meta property=\"og:locale\" content=\"ca_ES\" \/>\n<meta property=\"og:type\" content=\"article\" \/>\n<meta property=\"og:title\" content=\"Pol\u00edtica del SGI\" \/>\n<meta property=\"og:description\" content=\"[et_pb_section fb_built=&quot;1&quot; theme_builder_area=&quot;post_content&quot; _builder_version=&quot;4.27.4&quot; _module_preset=&quot;default&quot; title_text=&quot;slider-advancedproser-5&quot; background_image=&quot;https:\/\/advancedproser.com\/wp-content\/uploads\/2025\/02\/slider-advancedproser-5.jpg&quot; hover_enabled=&quot;0&quot; sticky_enabled=&quot;0&quot; bottom_divider_style=&quot;curve&quot; bottom_divider_height=&quot;39px&quot; next_background_color=&quot;#ffffff&quot;][et_pb_row _builder_version=&quot;4.27.4&quot; _module_preset=&quot;default&quot; theme_builder_area=&quot;post_content&quot;][et_pb_column _builder_version=&quot;4.27.4&quot; _module_preset=&quot;default&quot; type=&quot;4_4&quot; theme_builder_area=&quot;post_content&quot;][et_pb_text _builder_version=&quot;4.27.4&quot; _module_preset=&quot;default&quot; theme_builder_area=&quot;post_content&quot; hover_enabled=&quot;0&quot; sticky_enabled=&quot;0&quot; header_text_color=&quot;#FFFFFF&quot; text_text_color=&quot;#FFFFFF&quot;]Pol\u00edtica del GSI POL-001[\/et_pb_text][\/et_pb_column][\/et_pb_row][\/et_pb_section][et_pb_section fb_built=&quot;1&quot; theme_builder_area=&quot;post_content&quot; _builder_version=&quot;4.27.4&quot; _module_preset=&quot;default&quot;][et_pb_row _builder_version=&quot;4.27.4&quot; _module_preset=&quot;default&quot; theme_builder_area=&quot;post_content&quot;][et_pb_column _builder_version=&quot;4.27.4&quot; _module_preset=&quot;default&quot; type=&quot;4_4&quot; theme_builder_area=&quot;post_content&quot;][et_pb_text _builder_version=&quot;4.27.4&quot; _module_preset=&quot;default&quot; theme_builder_area=&quot;post_content&quot; hover_enabled=&quot;0&quot; sticky_enabled=&quot;0&quot;]A.P.S., ADVANCED PROSER S.L. es una empresa especialista en materiales, procesos&hellip;\" \/>\n<meta property=\"og:url\" content=\"https:\/\/advancedproser.com\/ca\/politica-del-sgi\/\" \/>\n<meta property=\"og:site_name\" content=\"advancedproser.com\" \/>\n<meta property=\"article:modified_time\" content=\"2026-04-08T17:36:36+00:00\" \/>\n<meta name=\"twitter:card\" content=\"summary_large_image\" \/>\n<script type=\"application\/ld+json\" class=\"yoast-schema-graph\">{\"@context\":\"https:\\\/\\\/schema.org\",\"@graph\":[{\"@type\":\"WebPage\",\"@id\":\"https:\\\/\\\/advancedproser.com\\\/ca\\\/politica-del-sgi\\\/\",\"url\":\"https:\\\/\\\/advancedproser.com\\\/ca\\\/politica-del-sgi\\\/\",\"name\":\"Pol\u00edtica del SGI - advancedproser.com\",\"isPartOf\":{\"@id\":\"https:\\\/\\\/advancedproser.com\\\/#website\"},\"datePublished\":\"2026-04-08T17:35:40+00:00\",\"dateModified\":\"2026-04-08T17:36:36+00:00\",\"breadcrumb\":{\"@id\":\"https:\\\/\\\/advancedproser.com\\\/ca\\\/politica-del-sgi\\\/#breadcrumb\"},\"inLanguage\":\"ca\",\"potentialAction\":[{\"@type\":\"ReadAction\",\"target\":[\"https:\\\/\\\/advancedproser.com\\\/ca\\\/politica-del-sgi\\\/\"]}]},{\"@type\":\"BreadcrumbList\",\"@id\":\"https:\\\/\\\/advancedproser.com\\\/ca\\\/politica-del-sgi\\\/#breadcrumb\",\"itemListElement\":[{\"@type\":\"ListItem\",\"position\":1,\"name\":\"Inicio\",\"item\":\"https:\\\/\\\/advancedproser.com\\\/\"},{\"@type\":\"ListItem\",\"position\":2,\"name\":\"Pol\u00edtica del SGI\"}]},{\"@type\":\"WebSite\",\"@id\":\"https:\\\/\\\/advancedproser.com\\\/ca\\\/#website\",\"url\":\"https:\\\/\\\/advancedproser.com\\\/ca\\\/\",\"name\":\"advancedproser.com\",\"description\":\"\",\"potentialAction\":[{\"@type\":\"SearchAction\",\"target\":{\"@type\":\"EntryPoint\",\"urlTemplate\":\"https:\\\/\\\/advancedproser.com\\\/ca\\\/?s={search_term_string}\"},\"query-input\":{\"@type\":\"PropertyValueSpecification\",\"valueRequired\":true,\"valueName\":\"search_term_string\"}}],\"inLanguage\":\"ca\"}]}<\/script>\n<!-- \/ Yoast SEO plugin. -->","yoast_head_json":{"title":"Pol\u00edtica del SGI","description":"[et_pb_section fb_built=\"1\" theme_builder_area=\"post_content\" _builder_version=\"4.27.4\" _module_preset=\"default\" title_text=\"slider-advancedproser-5\" background_image=\"https:\/\/advancedproser.com\/wp-content\/uploads\/2025\/02\/slider-advancedproser-5.jpg\" hover_enabled=\"0\" sticky_enabled=\"0\" bottom_divider_style=\"curve\" bottom_divider_height=\"39px\" next_background_color=\"#ffffff\"][et_pb_row _builder_version=\"4.27.4\" _module_preset=\"default\" theme_builder_area=\"post_content\"][et_pb_column _builder_version=\"4.27.4\" _module_preset=\"default\" type=\"4_4\" theme_builder_area=\"post_content\"][et_pb_text _builder_version=\"4.27.4\" _module_preset=\"default\" theme_builder_area=\"post_content\" hover_enabled=\"0\" sticky_enabled=\"0\" header_text_color=\"#FFFFFF\" text_text_color=\"#FFFFFF\"]Pol\u00edtica del GSI POL-001[\/et_pb_text][\/et_pb_column][\/et_pb_row][\/et_pb_section][et_pb_section fb_built=\"1\" theme_builder_area=\"post_content\" _builder_version=\"4.27.4\" _module_preset=\"default\"][et_pb_row _builder_version=\"4.27.4\" _module_preset=\"default\" theme_builder_area=\"post_content\"][et_pb_column _builder_version=\"4.27.4\" _module_preset=\"default\" type=\"4_4\" theme_builder_area=\"post_content\"][et_pb_text _builder_version=\"4.27.4\" _module_preset=\"default\" theme_builder_area=\"post_content\" hover_enabled=\"0\" sticky_enabled=\"0\"]A.P.S., ADVANCED PROSER S.L. es una empresa especialista en materiales, procesos&hellip;","robots":{"index":"index","follow":"follow","max-snippet":"max-snippet:-1","max-image-preview":"max-image-preview:large","max-video-preview":"max-video-preview:-1"},"canonical":"[et_pb_section fb_built=\"1\" theme_builder_area=\"post_content\" _builder_version=\"4.27.4\" _module_preset=\"default\" title_text=\"slider-advancedproser-5\" background_image=\"https:\/\/advancedproser.com\/wp-content\/uploads\/2025\/02\/slider-advancedproser-5.jpg\" hover_enabled=\"0\" sticky_enabled=\"0\" bottom_divider_style=\"curve\" bottom_divider_height=\"39px\" next_background_color=\"#ffffff\"][et_pb_row _builder_version=\"4.27.4\" _module_preset=\"default\" theme_builder_area=\"post_content\"][et_pb_column _builder_version=\"4.27.4\" _module_preset=\"default\" type=\"4_4\" theme_builder_area=\"post_content\"][et_pb_text _builder_version=\"4.27.4\" _module_preset=\"default\" theme_builder_area=\"post_content\" hover_enabled=\"0\" sticky_enabled=\"0\" header_text_color=\"#FFFFFF\" text_text_color=\"#FFFFFF\"]Pol\u00edtica del GSI POL-001[\/et_pb_text][\/et_pb_column][\/et_pb_row][\/et_pb_section][et_pb_section fb_built=\"1\" theme_builder_area=\"post_content\" _builder_version=\"4.27.4\" _module_preset=\"default\"][et_pb_row _builder_version=\"4.27.4\" _module_preset=\"default\" theme_builder_area=\"post_content\"][et_pb_column _builder_version=\"4.27.4\" _module_preset=\"default\" type=\"4_4\" theme_builder_area=\"post_content\"][et_pb_text _builder_version=\"4.27.4\" _module_preset=\"default\" theme_builder_area=\"post_content\" hover_enabled=\"0\" sticky_enabled=\"0\"]A.P.S., ADVANCED PROSER S.L. es una empresa especialista en materiales, procesos&hellip;","og_locale":"ca_ES","og_type":"article","og_title":"Pol\u00edtica del SGI","og_description":"[et_pb_section fb_built=\"1\" theme_builder_area=\"post_content\" _builder_version=\"4.27.4\" _module_preset=\"default\" title_text=\"slider-advancedproser-5\" background_image=\"https:\/\/advancedproser.com\/wp-content\/uploads\/2025\/02\/slider-advancedproser-5.jpg\" hover_enabled=\"0\" sticky_enabled=\"0\" bottom_divider_style=\"curve\" bottom_divider_height=\"39px\" next_background_color=\"#ffffff\"][et_pb_row _builder_version=\"4.27.4\" _module_preset=\"default\" theme_builder_area=\"post_content\"][et_pb_column _builder_version=\"4.27.4\" _module_preset=\"default\" type=\"4_4\" theme_builder_area=\"post_content\"][et_pb_text _builder_version=\"4.27.4\" _module_preset=\"default\" theme_builder_area=\"post_content\" hover_enabled=\"0\" sticky_enabled=\"0\" header_text_color=\"#FFFFFF\" text_text_color=\"#FFFFFF\"]Pol\u00edtica del GSI POL-001[\/et_pb_text][\/et_pb_column][\/et_pb_row][\/et_pb_section][et_pb_section fb_built=\"1\" theme_builder_area=\"post_content\" _builder_version=\"4.27.4\" _module_preset=\"default\"][et_pb_row _builder_version=\"4.27.4\" _module_preset=\"default\" theme_builder_area=\"post_content\"][et_pb_column _builder_version=\"4.27.4\" _module_preset=\"default\" type=\"4_4\" theme_builder_area=\"post_content\"][et_pb_text _builder_version=\"4.27.4\" _module_preset=\"default\" theme_builder_area=\"post_content\" hover_enabled=\"0\" sticky_enabled=\"0\"]A.P.S., ADVANCED PROSER S.L. es una empresa especialista en materiales, procesos&hellip;","og_url":"https:\/\/advancedproser.com\/ca\/politica-del-sgi\/","og_site_name":"advancedproser.com","article_modified_time":"2026-04-08T17:36:36+00:00","twitter_card":"summary_large_image","schema":{"@context":"https:\/\/schema.org","@graph":[{"@type":"WebPage","@id":"https:\/\/advancedproser.com\/ca\/politica-del-sgi\/","url":"https:\/\/advancedproser.com\/ca\/politica-del-sgi\/","name":"Pol\u00edtica del SGI - advancedproser.com","isPartOf":{"@id":"https:\/\/advancedproser.com\/#website"},"datePublished":"2026-04-08T17:35:40+00:00","dateModified":"2026-04-08T17:36:36+00:00","breadcrumb":{"@id":"https:\/\/advancedproser.com\/ca\/politica-del-sgi\/#breadcrumb"},"inLanguage":"ca","potentialAction":[{"@type":"ReadAction","target":["https:\/\/advancedproser.com\/ca\/politica-del-sgi\/"]}]},{"@type":"BreadcrumbList","@id":"https:\/\/advancedproser.com\/ca\/politica-del-sgi\/#breadcrumb","itemListElement":[{"@type":"ListItem","position":1,"name":"Inicio","item":"https:\/\/advancedproser.com\/"},{"@type":"ListItem","position":2,"name":"Pol\u00edtica del SGI"}]},{"@type":"WebSite","@id":"https:\/\/advancedproser.com\/ca\/#website","url":"https:\/\/advancedproser.com\/ca\/","name":"advancedproser.com","description":"","potentialAction":[{"@type":"SearchAction","target":{"@type":"EntryPoint","urlTemplate":"https:\/\/advancedproser.com\/ca\/?s={search_term_string}"},"query-input":{"@type":"PropertyValueSpecification","valueRequired":true,"valueName":"search_term_string"}}],"inLanguage":"ca"}]}},"_links":{"self":[{"href":"https:\/\/advancedproser.com\/ca\/wp-json\/wp\/v2\/pages\/695","targetHints":{"allow":["GET"]}}],"collection":[{"href":"https:\/\/advancedproser.com\/ca\/wp-json\/wp\/v2\/pages"}],"about":[{"href":"https:\/\/advancedproser.com\/ca\/wp-json\/wp\/v2\/types\/page"}],"author":[{"embeddable":true,"href":"https:\/\/advancedproser.com\/ca\/wp-json\/wp\/v2\/users\/3"}],"replies":[{"embeddable":true,"href":"https:\/\/advancedproser.com\/ca\/wp-json\/wp\/v2\/comments?post=695"}],"version-history":[{"count":2,"href":"https:\/\/advancedproser.com\/ca\/wp-json\/wp\/v2\/pages\/695\/revisions"}],"predecessor-version":[{"id":697,"href":"https:\/\/advancedproser.com\/ca\/wp-json\/wp\/v2\/pages\/695\/revisions\/697"}],"wp:attachment":[{"href":"https:\/\/advancedproser.com\/ca\/wp-json\/wp\/v2\/media?parent=695"}],"curies":[{"name":"wp","href":"https:\/\/api.w.org\/{rel}","templated":true}]}}