{"id":486,"date":"2025-02-19T10:27:57","date_gmt":"2025-02-19T10:27:57","guid":{"rendered":"https:\/\/wp.advancedproser.com\/?page_id=486"},"modified":"2025-04-21T08:55:24","modified_gmt":"2025-04-21T08:55:24","slug":"electronica-impresa","status":"publish","type":"page","link":"https:\/\/advancedproser.com\/ca\/electronica-impresa\/","title":{"rendered":"Electr\u00f3nica impresa"},"content":{"rendered":"<p>[et_pb_section fb_built=&#8221;1&#8243; next_background_color=&#8221;#ffffff&#8221; _builder_version=&#8221;4.27.2&#8243; _module_preset=&#8221;default&#8221; use_background_color_gradient=&#8221;on&#8221; background_color_gradient_direction=&#8221;328deg&#8221; background_color_gradient_stops=&#8221;#000000 1%|rgba(0,0,0,0.41) 100%&#8221; background_image=&#8221;http:\/\/wp.advancedproser.com\/wp-content\/uploads\/2024\/10\/slider-2.jpg&#8221; background_blend=&#8221;multiply&#8221; bottom_divider_style=&#8221;ramp&#8221; bottom_divider_height=&#8221;61px&#8221; global_colors_info=&#8221;{}&#8221;][et_pb_row _builder_version=&#8221;4.27.2&#8243; _module_preset=&#8221;default&#8221; global_colors_info=&#8221;{}&#8221;][et_pb_column type=&#8221;4_4&#8243; _builder_version=&#8221;4.27.2&#8243; _module_preset=&#8221;default&#8221; global_colors_info=&#8221;{}&#8221;][et_pb_text _builder_version=&#8221;4.27.2&#8243; _module_preset=&#8221;default&#8221; text_text_color=&#8221;#FFFFFF&#8221; header_text_color=&#8221;#FFFFFF&#8221; header_font_size=&#8221;34px&#8221; content_en_us=&#8221;<\/p>\n<h1>Printed Electronics<\/h1>\n<p>Printing of electronic components  &#8221; content_ca=&#8221;<\/p>\n<h1>Electr\u00f2nica impresa<\/h1>\n<p>Impressi\u00f3 de components electr\u00f2nics  &#8221; header_text_shadow_style=&#8221;preset2&#8243; global_colors_info=&#8221;{}&#8221;]<\/p>\n<h1>Electr\u00f3nica impresa<\/h1>\n<p>Impresi\u00f3n de piezas electr\u00f3nicas<\/p>\n<p>[\/et_pb_text][\/et_pb_column][\/et_pb_row][\/et_pb_section][et_pb_section fb_built=&#8221;1&#8243; module_id=&#8221;optica-optronica-e-iluminacion-led&#8221; _builder_version=&#8221;4.27.2&#8243; _module_preset=&#8221;default&#8221; background_image=&#8221;http:\/\/wp.advancedproser.com\/wp-content\/uploads\/2024\/10\/fondo-1-scaled.jpg&#8221; background_size=&#8221;initial&#8221; global_colors_info=&#8221;{}&#8221;][et_pb_row column_structure=&#8221;2_5,3_5&#8243; _builder_version=&#8221;4.27.2&#8243; _module_preset=&#8221;default&#8221; global_colors_info=&#8221;{}&#8221;][et_pb_column type=&#8221;2_5&#8243; _builder_version=&#8221;4.27.2&#8243; _module_preset=&#8221;default&#8221; global_colors_info=&#8221;{}&#8221;][et_pb_image src=&#8221;http:\/\/wp.advancedproser.com\/wp-content\/uploads\/2025\/02\/Printer-electronics.jpg&#8221; alt=&#8221;La impresi\u00f3n de piezas electr\u00f3nicas permite eliminar interruptores y mandos&#8221; title_text=&#8221;Printer electronics&#8221; _builder_version=&#8221;4.27.2&#8243; _module_preset=&#8221;default&#8221; global_colors_info=&#8221;{}&#8221;][\/et_pb_image][\/et_pb_column][et_pb_column type=&#8221;3_5&#8243; _builder_version=&#8221;4.27.2&#8243; _module_preset=&#8221;default&#8221; global_colors_info=&#8221;{}&#8221;][et_pb_text _builder_version=&#8221;4.27.2&#8243; _module_preset=&#8221;default&#8221; hover_enabled=&#8221;0&#8243; content_en_us=&#8221;<\/p>\n<h2><b>Printed Electronics<\/b><\/h2>\n<p>The <a href=%22https:\/\/en.wikipedia.org\/wiki\/Printed_electronics%22>printing of electronic components<\/a> <strong>allows for the elimination of electromechanical switches and controls<\/strong>, integration into 3D surfaces, combination of decoration and functionality, and embedding of LEDs and backlighting. They can also be flexible and stretchable, for example, for integration into seats.<\/p>\n<p>Our portfolio <strong>includes conductive, insulating, and functional screen printing inks<\/strong> for applications such as:<\/p>\n<ul>\n<li><strong>Antennas<\/strong> (e.g., user identification or component communication)<\/li>\n<li><strong>Heaters<\/strong> (e.g., for batteries, lamps, panels, or seats)<\/li>\n<li><strong>Hybrid electronics<\/strong><\/li>\n<li><strong>In-mold electronics<\/strong> (e.g., touch buttons on washing machines, steering wheel touch buttons, or sunroof control switches)<\/li>\n<li><strong>Membrane switches<\/strong><\/li>\n<li><strong>Sensors<\/strong> (e.g., distance, parking, pressure, or seat sensors)<\/li>\n<\/ul>\n<p><a href=%22https:\/\/advancedproser.com\/contacto\/%22>Contact us to learn more about Printed Electronics<\/a><\/p>\n<p>&#8221; content_ca=&#8221;<\/p>\n<h2><b>Electr\u00f2nica impresa<\/b><\/h2>\n<p>La <a href=%22https:\/\/ca.wikipedia.org\/wiki\/Electr%C3%B2nica_impresa%22>impressi\u00f3 de components electr\u00f2nics<\/a> <strong>permet eliminar interruptors i controls electromec\u00e0nics<\/strong>, integrar-se en superf\u00edcies 3D, combinar decoraci\u00f3 i funcionalitat, i incrustar LED i retroil\u00b7luminaci\u00f3. Tamb\u00e9 poden ser flexibles i extensibles, per exemple, per a la integraci\u00f3 en seients.<\/p>\n<p>El nostre portafoli <strong>inclou tintes de serigrafia conductores, a\u00efllants i funcionals<\/strong> per a aplicacions com:<\/p>\n<ul>\n<li><strong>Antennes<\/strong> (p. ex., identificaci\u00f3 d&#8217;usuari o comunicaci\u00f3 de components)<\/li>\n<li><strong>Escalfadors<\/strong> (p. ex., per a bateries, l\u00e0mpades, panells o seients)<\/li>\n<li><strong>Electr\u00f2nica h\u00edbrida<\/strong><\/li>\n<li><strong>Electr\u00f2nica en motlle<\/strong> (p. ex., botons t\u00e0ctils en rentadores, botons t\u00e0ctils en el volant o interruptors de control del sostre solar)<\/li>\n<li><strong>Interruptors de membrana<\/strong><\/li>\n<li><strong>Sensors<\/strong> (p. ex., de dist\u00e0ncia, aparcament, pressi\u00f3 o seients)<\/li>\n<\/ul>\n<p><a href=%22https:\/\/advancedproser.com\/contacto\/%22>Contacte per saber m\u00e9s sobre Electr\u00f2nica impresa<\/a><\/p>\n<p>&#8221; global_colors_info=&#8221;{}&#8221; sticky_enabled=&#8221;0&#8243;]<\/p>\n<h2><b>Electr\u00f3nica impresa<\/b><\/h2>\n<p>La <a href=\"https:\/\/es.wikipedia.org\/wiki\/Electr%C3%B3nica_impresa\">impresi\u00f3n de piezas electr\u00f3nicas<\/a> <strong>permite eliminar interruptores y mandos electromec\u00e1nicos<\/strong>, etc., integrarse en superficies 3D, combinar decoraci\u00f3n y funcionalidad, e incrustar LED y retroiluminaci\u00f3n. Tambi\u00e9n pueden ser flexibles y extensibles, por ejemplo, para la integraci\u00f3n en asientos.<\/p>\n<p>Nuestro portafolio <strong>incluye tintas de serigraf\u00eda conductoras, aislantes y funcionales<\/strong> para aplicaciones tales como:<span style=\"font-weight: 400;\"><\/span><\/p>\n<ul>\n<li><strong>Antenas<\/strong> (por ejemplo, identificaci\u00f3n de usuario o comunicaci\u00f3n de componentes)<\/li>\n<li><strong>Calentadores<\/strong> (por ejemplo, para bater\u00edas, l\u00e1mparas, paneles o asientos)<\/li>\n<li><strong>Electr\u00f3nica h\u00edbrida<\/strong><\/li>\n<li><strong>Electr\u00f3nica en molde<\/strong> (por ejemplo, botones t\u00e1ctiles en lavadoras, botones t\u00e1ctiles en el volante o interruptores de control del techo corredizo)<\/li>\n<li><strong>Interruptores de membrana<\/strong><\/li>\n<li><strong>Sensores<\/strong> (p. ej., distancia, estacionamiento, presi\u00f3n o asientos)<\/li>\n<\/ul>\n<p><a href=\"https:\/\/advancedproser.com\/contacto\/\">Contacto para saber m\u00e1s sobre Electr\u00f3nica impresa<\/a><\/p>\n<p>&nbsp;<\/p>\n<p>[\/et_pb_text][\/et_pb_column][\/et_pb_row][\/et_pb_section]<\/p>\n","protected":false},"excerpt":{"rendered":"<p>Electr\u00f3nica impresa Impresi\u00f3n de piezas electr\u00f3nicasElectr\u00f3nica impresa La impresi\u00f3n de piezas electr\u00f3nicas permite eliminar interruptores y mandos electromec\u00e1nicos, etc., integrarse en superficies 3D, combinar decoraci\u00f3n y funcionalidad, e incrustar LED y retroiluminaci\u00f3n. Tambi\u00e9n pueden ser flexibles y extensibles, por ejemplo, para la integraci\u00f3n en asientos. Nuestro portafolio incluye tintas de serigraf\u00eda conductoras, aislantes y funcionales [&hellip;]<\/p>\n","protected":false},"author":1,"featured_media":490,"parent":0,"menu_order":0,"comment_status":"closed","ping_status":"closed","template":"","meta":{"_et_pb_use_builder":"on","_et_pb_old_content":"","_et_gb_content_width":"","footnotes":""},"class_list":["post-486","page","type-page","status-publish","has-post-thumbnail","hentry"],"yoast_head":"<!-- This site is optimized with the Yoast SEO plugin v27.3 - https:\/\/yoast.com\/product\/yoast-seo-wordpress\/ -->\n<title>Electr\u00f3nica impresa<\/title>\n<meta name=\"description\" content=\"Electr\u00f3nica impresa. La impresi\u00f3n de piezas electr\u00f3nicas permite eliminar interruptores y mandos electromec\u00e1nicos, etc., integrarse en superficies 3D, combinar decoraci\u00f3n y funcionalidad, e incrustar LED y retroiluminaci\u00f3n.\" \/>\n<meta name=\"robots\" content=\"index, follow, max-snippet:-1, max-image-preview:large, max-video-preview:-1\" \/>\n<link rel=\"canonical\" href=\"\" \/>\n<meta property=\"og:locale\" content=\"ca_ES\" \/>\n<meta property=\"og:type\" content=\"article\" \/>\n<meta property=\"og:title\" content=\"Electr\u00f3nica impresa\" \/>\n<meta property=\"og:description\" content=\"m\u00e9todos de impresi\u00f3n utilizados para crear dispositivos el\u00e9ctricos.\" \/>\n<meta property=\"og:url\" content=\"https:\/\/advancedproser.com\/ca\/electronica-impresa\/\" \/>\n<meta property=\"og:site_name\" content=\"advancedproser.com\" \/>\n<meta property=\"article:modified_time\" content=\"2025-04-21T08:55:24+00:00\" \/>\n<meta property=\"og:image\" content=\"https:\/\/advancedproser.com\/wp-content\/uploads\/2025\/02\/Printer-electronics.jpg\" \/>\n\t<meta property=\"og:image:width\" content=\"904\" \/>\n\t<meta property=\"og:image:height\" content=\"710\" \/>\n\t<meta property=\"og:image:type\" content=\"image\/jpeg\" \/>\n<meta name=\"twitter:card\" content=\"summary_large_image\" \/>\n<meta name=\"twitter:label1\" content=\"Temps estimat de lectura\" \/>\n\t<meta name=\"twitter:data1\" content=\"1 minut\" \/>\n<script type=\"application\/ld+json\" class=\"yoast-schema-graph\">{\"@context\":\"https:\\\/\\\/schema.org\",\"@graph\":[{\"@type\":\"WebPage\",\"@id\":\"https:\\\/\\\/advancedproser.com\\\/ca\\\/electronica-impresa\\\/\",\"url\":\"https:\\\/\\\/advancedproser.com\\\/ca\\\/electronica-impresa\\\/\",\"name\":\"Electr\u00f3nica impresa - advancedproser.com\",\"isPartOf\":{\"@id\":\"https:\\\/\\\/advancedproser.com\\\/#website\"},\"primaryImageOfPage\":{\"@id\":\"https:\\\/\\\/advancedproser.com\\\/ca\\\/electronica-impresa\\\/#primaryimage\"},\"image\":{\"@id\":\"https:\\\/\\\/advancedproser.com\\\/ca\\\/electronica-impresa\\\/#primaryimage\"},\"thumbnailUrl\":\"https:\\\/\\\/advancedproser.com\\\/wp-content\\\/uploads\\\/2025\\\/02\\\/Printer-electronics.jpg\",\"datePublished\":\"2025-02-19T10:27:57+00:00\",\"dateModified\":\"2025-04-21T08:55:24+00:00\",\"description\":\"Electr\u00f3nica impresa. La impresi\u00f3n de piezas electr\u00f3nicas permite eliminar interruptores y mandos electromec\u00e1nicos, etc., integrarse en superficies 3D, combinar decoraci\u00f3n y funcionalidad, e incrustar LED y retroiluminaci\u00f3n.\",\"breadcrumb\":{\"@id\":\"https:\\\/\\\/advancedproser.com\\\/ca\\\/electronica-impresa\\\/#breadcrumb\"},\"inLanguage\":\"ca\",\"potentialAction\":[{\"@type\":\"ReadAction\",\"target\":[\"https:\\\/\\\/advancedproser.com\\\/ca\\\/electronica-impresa\\\/\"]}]},{\"@type\":\"ImageObject\",\"inLanguage\":\"ca\",\"@id\":\"https:\\\/\\\/advancedproser.com\\\/ca\\\/electronica-impresa\\\/#primaryimage\",\"url\":\"https:\\\/\\\/advancedproser.com\\\/wp-content\\\/uploads\\\/2025\\\/02\\\/Printer-electronics.jpg\",\"contentUrl\":\"https:\\\/\\\/advancedproser.com\\\/wp-content\\\/uploads\\\/2025\\\/02\\\/Printer-electronics.jpg\",\"width\":904,\"height\":710,\"caption\":\"La impresi\u00f3n de piezas electr\u00f3nicas permite eliminar interruptores y mandos\"},{\"@type\":\"BreadcrumbList\",\"@id\":\"https:\\\/\\\/advancedproser.com\\\/ca\\\/electronica-impresa\\\/#breadcrumb\",\"itemListElement\":[{\"@type\":\"ListItem\",\"position\":1,\"name\":\"Inicio\",\"item\":\"https:\\\/\\\/advancedproser.com\\\/\"},{\"@type\":\"ListItem\",\"position\":2,\"name\":\"Electr\u00f3nica impresa\"}]},{\"@type\":\"WebSite\",\"@id\":\"https:\\\/\\\/advancedproser.com\\\/ca\\\/#website\",\"url\":\"https:\\\/\\\/advancedproser.com\\\/ca\\\/\",\"name\":\"advancedproser.com\",\"description\":\"\",\"potentialAction\":[{\"@type\":\"SearchAction\",\"target\":{\"@type\":\"EntryPoint\",\"urlTemplate\":\"https:\\\/\\\/advancedproser.com\\\/ca\\\/?s={search_term_string}\"},\"query-input\":{\"@type\":\"PropertyValueSpecification\",\"valueRequired\":true,\"valueName\":\"search_term_string\"}}],\"inLanguage\":\"ca\"}]}<\/script>\n<!-- \/ Yoast SEO plugin. -->","yoast_head_json":{"title":"Electr\u00f3nica impresa","description":"Electr\u00f3nica impresa. La impresi\u00f3n de piezas electr\u00f3nicas permite eliminar interruptores y mandos electromec\u00e1nicos, etc., integrarse en superficies 3D, combinar decoraci\u00f3n y funcionalidad, e incrustar LED y retroiluminaci\u00f3n.","robots":{"index":"index","follow":"follow","max-snippet":"max-snippet:-1","max-image-preview":"max-image-preview:large","max-video-preview":"max-video-preview:-1"},"canonical":"[et_pb_section fb_built=\"1\" next_background_color=\"#ffffff\" _builder_version=\"4.27.2\" _module_preset=\"default\" use_background_color_gradient=\"on\" background_color_gradient_direction=\"328deg\" background_color_gradient_stops=\"#000000 1%|rgba(0,0,0,0.41) 100%\" background_image=\"http:\/\/wp.advancedproser.com\/wp-content\/uploads\/2024\/10\/slider-2.jpg\" background_blend=\"multiply\" bottom_divider_style=\"ramp\" bottom_divider_height=\"61px\" global_colors_info=\"{}\"][et_pb_row _builder_version=\"4.27.2\" _module_preset=\"default\" global_colors_info=\"{}\"][et_pb_column type=\"4_4\" _builder_version=\"4.27.2\" _module_preset=\"default\" global_colors_info=\"{}\"][et_pb_text _builder_version=\"4.27.2\" _module_preset=\"default\" text_text_color=\"#FFFFFF\" header_text_color=\"#FFFFFF\" header_font_size=\"34px\" content_en_us=\"Printed Electronics Printing of electronic components \" content_ca=\"Electr\u00f2nica impresa Impressi\u00f3 de components electr\u00f2nics \" header_text_shadow_style=\"preset2\" global_colors_info=\"{}\"]Electr\u00f3nica impresa Impresi\u00f3n de piezas electr\u00f3nicas[\/et_pb_text][\/et_pb_column][\/et_pb_row][\/et_pb_section][et_pb_section fb_built=\"1\" module_id=\"optica-optronica-e-iluminacion-led\" _builder_version=\"4.27.2\" _module_preset=\"default\" background_image=\"http:\/\/wp.advancedproser.com\/wp-content\/uploads\/2024\/10\/fondo-1-scaled.jpg\" background_size=\"initial\" global_colors_info=\"{}\"][et_pb_row&hellip;","og_locale":"ca_ES","og_type":"article","og_title":"Electr\u00f3nica impresa","og_description":"m\u00e9todos de impresi\u00f3n utilizados para crear dispositivos el\u00e9ctricos.","og_url":"https:\/\/advancedproser.com\/ca\/electronica-impresa\/","og_site_name":"advancedproser.com","article_modified_time":"2025-04-21T08:55:24+00:00","og_image":[{"width":904,"height":710,"url":"https:\/\/advancedproser.com\/wp-content\/uploads\/2025\/02\/Printer-electronics.jpg","type":"image\/jpeg"}],"twitter_card":"summary_large_image","twitter_misc":{"Temps estimat de lectura":"1 minut"},"schema":{"@context":"https:\/\/schema.org","@graph":[{"@type":"WebPage","@id":"https:\/\/advancedproser.com\/ca\/electronica-impresa\/","url":"https:\/\/advancedproser.com\/ca\/electronica-impresa\/","name":"Electr\u00f3nica impresa - advancedproser.com","isPartOf":{"@id":"https:\/\/advancedproser.com\/#website"},"primaryImageOfPage":{"@id":"https:\/\/advancedproser.com\/ca\/electronica-impresa\/#primaryimage"},"image":{"@id":"https:\/\/advancedproser.com\/ca\/electronica-impresa\/#primaryimage"},"thumbnailUrl":"https:\/\/advancedproser.com\/wp-content\/uploads\/2025\/02\/Printer-electronics.jpg","datePublished":"2025-02-19T10:27:57+00:00","dateModified":"2025-04-21T08:55:24+00:00","description":"Electr\u00f3nica impresa. La impresi\u00f3n de piezas electr\u00f3nicas permite eliminar interruptores y mandos electromec\u00e1nicos, etc., integrarse en superficies 3D, combinar decoraci\u00f3n y funcionalidad, e incrustar LED y retroiluminaci\u00f3n.","breadcrumb":{"@id":"https:\/\/advancedproser.com\/ca\/electronica-impresa\/#breadcrumb"},"inLanguage":"ca","potentialAction":[{"@type":"ReadAction","target":["https:\/\/advancedproser.com\/ca\/electronica-impresa\/"]}]},{"@type":"ImageObject","inLanguage":"ca","@id":"https:\/\/advancedproser.com\/ca\/electronica-impresa\/#primaryimage","url":"https:\/\/advancedproser.com\/wp-content\/uploads\/2025\/02\/Printer-electronics.jpg","contentUrl":"https:\/\/advancedproser.com\/wp-content\/uploads\/2025\/02\/Printer-electronics.jpg","width":904,"height":710,"caption":"La impresi\u00f3n de piezas electr\u00f3nicas permite eliminar interruptores y mandos"},{"@type":"BreadcrumbList","@id":"https:\/\/advancedproser.com\/ca\/electronica-impresa\/#breadcrumb","itemListElement":[{"@type":"ListItem","position":1,"name":"Inicio","item":"https:\/\/advancedproser.com\/"},{"@type":"ListItem","position":2,"name":"Electr\u00f3nica impresa"}]},{"@type":"WebSite","@id":"https:\/\/advancedproser.com\/ca\/#website","url":"https:\/\/advancedproser.com\/ca\/","name":"advancedproser.com","description":"","potentialAction":[{"@type":"SearchAction","target":{"@type":"EntryPoint","urlTemplate":"https:\/\/advancedproser.com\/ca\/?s={search_term_string}"},"query-input":{"@type":"PropertyValueSpecification","valueRequired":true,"valueName":"search_term_string"}}],"inLanguage":"ca"}]}},"_links":{"self":[{"href":"https:\/\/advancedproser.com\/ca\/wp-json\/wp\/v2\/pages\/486","targetHints":{"allow":["GET"]}}],"collection":[{"href":"https:\/\/advancedproser.com\/ca\/wp-json\/wp\/v2\/pages"}],"about":[{"href":"https:\/\/advancedproser.com\/ca\/wp-json\/wp\/v2\/types\/page"}],"author":[{"embeddable":true,"href":"https:\/\/advancedproser.com\/ca\/wp-json\/wp\/v2\/users\/1"}],"replies":[{"embeddable":true,"href":"https:\/\/advancedproser.com\/ca\/wp-json\/wp\/v2\/comments?post=486"}],"version-history":[{"count":8,"href":"https:\/\/advancedproser.com\/ca\/wp-json\/wp\/v2\/pages\/486\/revisions"}],"predecessor-version":[{"id":623,"href":"https:\/\/advancedproser.com\/ca\/wp-json\/wp\/v2\/pages\/486\/revisions\/623"}],"wp:featuredmedia":[{"embeddable":true,"href":"https:\/\/advancedproser.com\/ca\/wp-json\/wp\/v2\/media\/490"}],"wp:attachment":[{"href":"https:\/\/advancedproser.com\/ca\/wp-json\/wp\/v2\/media?parent=486"}],"curies":[{"name":"wp","href":"https:\/\/api.w.org\/{rel}","templated":true}]}}