{"id":463,"date":"2025-02-13T18:27:13","date_gmt":"2025-02-13T18:27:13","guid":{"rendered":"https:\/\/wp.advancedproser.com\/?page_id=463"},"modified":"2025-02-19T13:01:35","modified_gmt":"2025-02-19T13:01:35","slug":"politica-de-cookies","status":"publish","type":"page","link":"https:\/\/advancedproser.com\/ca\/politica-de-cookies\/","title":{"rendered":"Pol\u00edtica de cookies"},"content":{"rendered":"<p>[et_pb_section fb_built=&#8221;1&#8243; next_background_color=&#8221;#ffffff&#8221; _builder_version=&#8221;4.27.2&#8243; _module_preset=&#8221;default&#8221; use_background_color_gradient=&#8221;on&#8221; background_color_gradient_direction=&#8221;235deg&#8221; background_color_gradient_stops=&#8221;#000000 0%|rgba(0,0,0,0.39) 100%&#8221; background_image=&#8221;http:\/\/wp.advancedproser.com\/wp-content\/uploads\/2025\/02\/slider-advancedproser-3.jpg&#8221; background_blend=&#8221;overlay&#8221; bottom_divider_style=&#8221;ramp&#8221; bottom_divider_height=&#8221;47px&#8221; hover_enabled=&#8221;0&#8243; global_colors_info=&#8221;{}&#8221; alt=&#8221;Expertos en resinas industriales Barniz Silicona&#8221; title_text=&#8221;advancedproser Epoxy&#8221; sticky_enabled=&#8221;0&#8243;][et_pb_row _builder_version=&#8221;4.27.2&#8243; _module_preset=&#8221;default&#8221; global_colors_info=&#8221;{}&#8221;][et_pb_column type=&#8221;4_4&#8243; _builder_version=&#8221;4.27.2&#8243; _module_preset=&#8221;default&#8221; global_colors_info=&#8221;{}&#8221;][et_pb_text _builder_version=&#8221;4.27.2&#8243; _module_preset=&#8221;default&#8221; text_text_color=&#8221;#FFFFFF&#8221; header_text_color=&#8221;#FFFFFF&#8221; header_font_size=&#8221;34px&#8221; header_text_shadow_style=&#8221;preset2&#8243; global_colors_info=&#8221;{}&#8221;]<\/p>\n<h1>Pol\u00edtica de Cookies<\/h1>\n<p>Texto legales sobre las cookies que usamos en nuestra web<\/p>\n<p>[\/et_pb_text][\/et_pb_column][\/et_pb_row][\/et_pb_section][et_pb_section fb_built=&#8221;1&#8243; _builder_version=&#8221;4.27.2&#8243; _module_preset=&#8221;default&#8221; background_image=&#8221;http:\/\/wp.advancedproser.com\/wp-content\/uploads\/2024\/10\/fondo-1-scaled.jpg&#8221; background_position=&#8221;top_left&#8221; background_horizontal_offset=&#8221;27%&#8221; global_colors_info=&#8221;{}&#8221;][et_pb_row _builder_version=&#8221;4.27.2&#8243; _module_preset=&#8221;default&#8221; global_colors_info=&#8221;{}&#8221;][et_pb_column type=&#8221;4_4&#8243; _builder_version=&#8221;4.27.2&#8243; _module_preset=&#8221;default&#8221; global_colors_info=&#8221;{}&#8221;][et_pb_text _builder_version=&#8221;4.27.2&#8243; _module_preset=&#8221;default&#8221; global_colors_info=&#8221;{}&#8221;]<\/p>\n<h2><strong>Nuestra pol\u00edtica de Cookies<\/strong><span><\/span><\/h2>\n<p>[\/et_pb_text][et_pb_text _builder_version=&#8221;4.27.2&#8243; _module_preset=&#8221;default&#8221; global_colors_info=&#8221;{}&#8221;]<\/p>\n<p data-pm-slice=\"1 3 []\"><span>En cumplimiento con la normativa vigente, APS-ADVANCED PROSER, S.L. (en adelante, &#8220;la Empresa&#8221;) informa a los usuarios de su sitio web <\/span><a href=\"https:\/\/advancedproser.com\" disabled=\"disabled\"><span>advancedproser.com<\/span><\/a><span> sobre el uso de cookies.<\/span><\/p>\n<h3><span>1. \u00bfQu\u00e9 son las cookies?<\/span><\/h3>\n<p><span>Las cookies son archivos de texto que se almacenan en su dispositivo cuando visita una p\u00e1gina web. Estas permiten que el sitio web recuerde informaci\u00f3n sobre su visita, facilitando la navegaci\u00f3n y mejorando su experiencia.<\/span><\/p>\n<h3><span>2. Tipos de cookies utilizadas en este sitio web<\/span><\/h3>\n<p><span>Nuestro sitio web utiliza cookies propias y de terceros para mejorar el servicio. A continuaci\u00f3n, se clasifican las cookies en funci\u00f3n de su finalidad:<\/span><\/p>\n<p><span><\/span><\/p>\n<p><span><\/span><\/p>\n<p><span><\/span><\/p>\n<h4><span><strong>Cookies esenciales<\/strong><\/span><span> (necesarias para el funcionamiento del sitio web)<\/span><\/h4>\n<p><span>Estas cookies permiten la navegaci\u00f3n y el uso de las funcionalidades b\u00e1sicas del sitio.<\/span><\/p>\n<table>\n<tbody>\n<tr>\n<th><span>Nombre<\/span><\/th>\n<th><span>Prop\u00f3sito<\/span><\/th>\n<th><span>Duraci\u00f3n<\/span><\/th>\n<th><span>Proveedor<\/span><\/th>\n<\/tr>\n<tr>\n<td><span>wordpress_test_cookie<\/span><\/td>\n<td><span>Verifica si el navegador permite cookies<\/span><\/td>\n<td><span>Sesi\u00f3n<\/span><\/td>\n<td><span>WordPress<\/span><\/td>\n<\/tr>\n<tr>\n<td><span>wp-settings-1<\/span><\/td>\n<td><span>Personaliza la interfaz de usuario<\/span><\/td>\n<td><span>1 a\u00f1o<\/span><\/td>\n<td><span>WordPress<\/span><\/td>\n<\/tr>\n<tr>\n<td><span>wp-settings-time-1<\/span><\/td>\n<td><span>Guarda la hora de configuraci\u00f3n de usuario<\/span><\/td>\n<td><span>1 a\u00f1o<\/span><\/td>\n<td><span>WordPress<\/span><\/td>\n<\/tr>\n<\/tbody>\n<\/table>\n<h4><span><strong>Cookies t\u00e9cnicas y de personalizaci\u00f3n<\/strong><\/span><span> (optimizan el rendimiento del sitio web)<\/span><\/h4>\n<p><span>Estas cookies permiten recordar sus preferencias y mejorar la experiencia de navegaci\u00f3n.<\/span><\/p>\n<table>\n<tbody>\n<tr>\n<td><span>Nombre<\/span><\/td>\n<td><span>Prop\u00f3sito<\/span><\/td>\n<td><span>Duraci\u00f3n<\/span><\/td>\n<td><span>Proveedor<\/span><\/td>\n<\/tr>\n<tr>\n<td><span>wordpress_logged_in_<\/span><\/td>\n<td><span>Mantiene la sesi\u00f3n iniciada del usuario<\/span><\/td>\n<td><span>Sesi\u00f3n<\/span><\/td>\n<td><span>WordPress<\/span><\/td>\n<\/tr>\n<tr>\n<td><span>wp_lang<\/span><\/td>\n<td><span>Guarda la preferencia de idioma<\/span><\/td>\n<td><span>Sesi\u00f3n<\/span><\/td>\n<td><span>WordPress<\/span><\/td>\n<\/tr>\n<\/tbody>\n<\/table>\n<h4><span><strong>Cookies de marketing y anal\u00edtica<\/strong><\/span><span> (usan datos para mejorar la publicidad y los informes de uso del sitio web)<\/span><\/h4>\n<table>\n<tbody>\n<tr>\n<td><span>Nombre<\/span><\/td>\n<td><span>Prop\u00f3sito<\/span><\/td>\n<td><span>Duraci\u00f3n<\/span><\/td>\n<td><span>Proveedor<\/span><\/td>\n<\/tr>\n<tr>\n<td><span>_ga<\/span><\/td>\n<td><span>Distingue usuarios para Google Analytics<\/span><\/td>\n<td><span>2 a\u00f1os<\/span><\/td>\n<td><span>Google Analytics<\/span><\/td>\n<\/tr>\n<tr>\n<td><span>_gid<\/span><\/td>\n<td><span>Distingue usuarios para Google Analytics<\/span><\/td>\n<td><span>24 horas<\/span><\/td>\n<td><span>Google Analytics<\/span><\/td>\n<\/tr>\n<tr>\n<td><span>YSC<\/span><\/td>\n<td><span>Registra interacciones con videos de YouTube<\/span><\/td>\n<td><span>Sesi\u00f3n<\/span><\/td>\n<td><span>YouTube<\/span><\/td>\n<\/tr>\n<tr>\n<td><span>VISITOR_INFO1_LIVE<\/span><\/td>\n<td><span>Intenta calcular el ancho de banda del usuario en videos de YouTube<\/span><\/td>\n<td><span>6 meses<\/span><\/td>\n<td><span>YouTube<\/span><\/td>\n<\/tr>\n<\/tbody>\n<\/table>\n<h3><span><\/span><\/h3>\n<h3><span><\/span><\/h3>\n<h3><span><\/span><\/h3>\n<h3><span><\/span><\/h3>\n<h3><span>3. C\u00f3mo gestionar las cookies<\/span><\/h3>\n<p><span>Puede aceptar, rechazar o configurar sus preferencias de cookies a trav\u00e9s del banner de cookies del sitio web. Adem\u00e1s, puede modificar la configuraci\u00f3n de su navegador para activar o desactivar cookies.<\/span><\/p>\n<h4><span><strong>C\u00f3mo activar o desactivar las cookies seg\u00fan el navegador<\/strong><\/span><\/h4>\n<ul data-spread=\"false\">\n<li>\n<p><span><strong>Google Chrome<\/strong><\/span><span>: Configuraci\u00f3n &gt; Privacidad y seguridad &gt; Cookies y otros datos de sitios web.<\/span><\/p>\n<\/li>\n<li>\n<p><span><strong>Mozilla Firefox<\/strong><\/span><span>: Preferencias &gt; Privacidad y seguridad &gt; Cookies y datos del sitio.<\/span><\/p>\n<\/li>\n<li>\n<p><span><strong>Microsoft Edge<\/strong><\/span><span>: Configuraci\u00f3n &gt; Cookies y permisos del sitio.<\/span><\/p>\n<\/li>\n<li>\n<p><span><strong>Safari<\/strong><\/span><span>: Preferencias &gt; Privacidad &gt; Bloquear cookies.<\/span><\/p>\n<\/li>\n<\/ul>\n<h3><span>4. Contacto<\/span><\/h3>\n<p><span>Para m\u00e1s informaci\u00f3n sobre el uso de cookies en nuestro sitio web, puede ponerse en contacto con nosotros a trav\u00e9s de:<\/span><\/p>\n<ul data-spread=\"false\">\n<li>\n<p><span>Direcci\u00f3n: C\/ Salvador Espriu, 3, 08754 El Papiol, Barcelona, Espa\u00f1a.<\/span><\/p>\n<\/li>\n<li>\n<p><span>Tel\u00e9fono: +34 935882137<\/span><\/p>\n<\/li>\n<li>\n<p><span>Correo electr\u00f3nico: <\/span><span><a disabled=\"disabled\">aps@advancedproser.com<\/a><\/span><\/p>\n<\/li>\n<\/ul>\n<p>[\/et_pb_text][\/et_pb_column][\/et_pb_row][\/et_pb_section]<\/p>\n","protected":false},"excerpt":{"rendered":"<p>Pol\u00edtica de Cookies Texto legales sobre las cookies que usamos en nuestra webNuestra pol\u00edtica de CookiesEn cumplimiento con la normativa vigente, APS-ADVANCED PROSER, S.L. (en adelante, &#8220;la Empresa&#8221;) informa a los usuarios de su sitio web advancedproser.com sobre el uso de cookies. 1. \u00bfQu\u00e9 son las cookies? Las cookies son archivos de texto que se [&hellip;]<\/p>\n","protected":false},"author":1,"featured_media":0,"parent":0,"menu_order":0,"comment_status":"closed","ping_status":"closed","template":"","meta":{"_et_pb_use_builder":"on","_et_pb_old_content":"","_et_gb_content_width":"","footnotes":""},"class_list":["post-463","page","type-page","status-publish","hentry"],"yoast_head":"<!-- This site is optimized with the Yoast SEO plugin v27.3 - https:\/\/yoast.com\/product\/yoast-seo-wordpress\/ -->\n<title>Pol\u00edtica de cookies<\/title>\n<meta name=\"description\" content=\"[et_pb_section fb_built=&quot;1&quot; next_background_color=&quot;#ffffff&quot; _builder_version=&quot;4.27.2&quot; _module_preset=&quot;default&quot; use_background_color_gradient=&quot;on&quot; background_color_gradient_direction=&quot;235deg&quot; background_color_gradient_stops=&quot;#000000 0%|rgba(0,0,0,0.39) 100%&quot; background_image=&quot;http:\/\/wp.advancedproser.com\/wp-content\/uploads\/2025\/02\/slider-advancedproser-3.jpg&quot; background_blend=&quot;overlay&quot; bottom_divider_style=&quot;ramp&quot; bottom_divider_height=&quot;47px&quot; hover_enabled=&quot;0&quot; global_colors_info=&quot;{}&quot; alt=&quot;Expertos en resinas industriales Barniz Silicona&quot; title_text=&quot;advancedproser Epoxy&quot; sticky_enabled=&quot;0&quot;][et_pb_row _builder_version=&quot;4.27.2&quot; _module_preset=&quot;default&quot; global_colors_info=&quot;{}&quot;][et_pb_column type=&quot;4_4&quot; _builder_version=&quot;4.27.2&quot; _module_preset=&quot;default&quot; global_colors_info=&quot;{}&quot;][et_pb_text _builder_version=&quot;4.27.2&quot; _module_preset=&quot;default&quot; text_text_color=&quot;#FFFFFF&quot; header_text_color=&quot;#FFFFFF&quot; header_font_size=&quot;34px&quot; header_text_shadow_style=&quot;preset2&quot; global_colors_info=&quot;{}&quot;]Pol\u00edtica de Cookies Texto legales sobre las cookies que usamos en nuestra web[\/et_pb_text][\/et_pb_column][\/et_pb_row][\/et_pb_section][et_pb_section fb_built=&quot;1&quot; _builder_version=&quot;4.27.2&quot; _module_preset=&quot;default&quot; background_image=&quot;http:\/\/wp.advancedproser.com\/wp-content\/uploads\/2024\/10\/fondo-1-scaled.jpg&quot;&hellip;\" \/>\n<meta name=\"robots\" content=\"index, follow, max-snippet:-1, max-image-preview:large, max-video-preview:-1\" \/>\n<link rel=\"canonical\" href=\"\" \/>\n<meta property=\"og:locale\" content=\"ca_ES\" \/>\n<meta property=\"og:type\" content=\"article\" \/>\n<meta property=\"og:title\" content=\"Pol\u00edtica de cookies\" \/>\n<meta property=\"og:description\" content=\"[et_pb_section fb_built=&quot;1&quot; next_background_color=&quot;#ffffff&quot; _builder_version=&quot;4.27.2&quot; _module_preset=&quot;default&quot; use_background_color_gradient=&quot;on&quot; background_color_gradient_direction=&quot;235deg&quot; background_color_gradient_stops=&quot;#000000 0%|rgba(0,0,0,0.39) 100%&quot; background_image=&quot;http:\/\/wp.advancedproser.com\/wp-content\/uploads\/2025\/02\/slider-advancedproser-3.jpg&quot; background_blend=&quot;overlay&quot; bottom_divider_style=&quot;ramp&quot; bottom_divider_height=&quot;47px&quot; hover_enabled=&quot;0&quot; global_colors_info=&quot;{}&quot; alt=&quot;Expertos en resinas industriales Barniz Silicona&quot; title_text=&quot;advancedproser Epoxy&quot; sticky_enabled=&quot;0&quot;][et_pb_row _builder_version=&quot;4.27.2&quot; _module_preset=&quot;default&quot; global_colors_info=&quot;{}&quot;][et_pb_column type=&quot;4_4&quot; _builder_version=&quot;4.27.2&quot; _module_preset=&quot;default&quot; global_colors_info=&quot;{}&quot;][et_pb_text _builder_version=&quot;4.27.2&quot; _module_preset=&quot;default&quot; text_text_color=&quot;#FFFFFF&quot; header_text_color=&quot;#FFFFFF&quot; header_font_size=&quot;34px&quot; header_text_shadow_style=&quot;preset2&quot; global_colors_info=&quot;{}&quot;]Pol\u00edtica de Cookies Texto legales sobre las cookies que usamos en nuestra web[\/et_pb_text][\/et_pb_column][\/et_pb_row][\/et_pb_section][et_pb_section fb_built=&quot;1&quot; _builder_version=&quot;4.27.2&quot; _module_preset=&quot;default&quot; background_image=&quot;http:\/\/wp.advancedproser.com\/wp-content\/uploads\/2024\/10\/fondo-1-scaled.jpg&quot;&hellip;\" \/>\n<meta property=\"og:url\" content=\"https:\/\/advancedproser.com\/ca\/politica-de-cookies\/\" \/>\n<meta property=\"og:site_name\" content=\"advancedproser.com\" \/>\n<meta property=\"article:modified_time\" content=\"2025-02-19T13:01:35+00:00\" \/>\n<meta name=\"twitter:card\" content=\"summary_large_image\" \/>\n<meta name=\"twitter:label1\" content=\"Temps estimat de lectura\" \/>\n\t<meta name=\"twitter:data1\" content=\"5 minuts\" \/>\n<script type=\"application\/ld+json\" class=\"yoast-schema-graph\">{\"@context\":\"https:\\\/\\\/schema.org\",\"@graph\":[{\"@type\":\"WebPage\",\"@id\":\"https:\\\/\\\/advancedproser.com\\\/ca\\\/politica-de-cookies\\\/\",\"url\":\"https:\\\/\\\/advancedproser.com\\\/ca\\\/politica-de-cookies\\\/\",\"name\":\"Pol\u00edtica de cookies - advancedproser.com\",\"isPartOf\":{\"@id\":\"https:\\\/\\\/advancedproser.com\\\/#website\"},\"datePublished\":\"2025-02-13T18:27:13+00:00\",\"dateModified\":\"2025-02-19T13:01:35+00:00\",\"breadcrumb\":{\"@id\":\"https:\\\/\\\/advancedproser.com\\\/ca\\\/politica-de-cookies\\\/#breadcrumb\"},\"inLanguage\":\"ca\",\"potentialAction\":[{\"@type\":\"ReadAction\",\"target\":[\"https:\\\/\\\/advancedproser.com\\\/ca\\\/politica-de-cookies\\\/\"]}]},{\"@type\":\"BreadcrumbList\",\"@id\":\"https:\\\/\\\/advancedproser.com\\\/ca\\\/politica-de-cookies\\\/#breadcrumb\",\"itemListElement\":[{\"@type\":\"ListItem\",\"position\":1,\"name\":\"Inicio\",\"item\":\"https:\\\/\\\/advancedproser.com\\\/\"},{\"@type\":\"ListItem\",\"position\":2,\"name\":\"Pol\u00edtica de cookies\"}]},{\"@type\":\"WebSite\",\"@id\":\"https:\\\/\\\/advancedproser.com\\\/ca\\\/#website\",\"url\":\"https:\\\/\\\/advancedproser.com\\\/ca\\\/\",\"name\":\"advancedproser.com\",\"description\":\"\",\"potentialAction\":[{\"@type\":\"SearchAction\",\"target\":{\"@type\":\"EntryPoint\",\"urlTemplate\":\"https:\\\/\\\/advancedproser.com\\\/ca\\\/?s={search_term_string}\"},\"query-input\":{\"@type\":\"PropertyValueSpecification\",\"valueRequired\":true,\"valueName\":\"search_term_string\"}}],\"inLanguage\":\"ca\"}]}<\/script>\n<!-- \/ Yoast SEO plugin. -->","yoast_head_json":{"title":"Pol\u00edtica de cookies","description":"[et_pb_section fb_built=\"1\" next_background_color=\"#ffffff\" _builder_version=\"4.27.2\" _module_preset=\"default\" use_background_color_gradient=\"on\" background_color_gradient_direction=\"235deg\" background_color_gradient_stops=\"#000000 0%|rgba(0,0,0,0.39) 100%\" background_image=\"http:\/\/wp.advancedproser.com\/wp-content\/uploads\/2025\/02\/slider-advancedproser-3.jpg\" background_blend=\"overlay\" bottom_divider_style=\"ramp\" bottom_divider_height=\"47px\" hover_enabled=\"0\" global_colors_info=\"{}\" alt=\"Expertos en resinas industriales Barniz Silicona\" title_text=\"advancedproser Epoxy\" sticky_enabled=\"0\"][et_pb_row _builder_version=\"4.27.2\" _module_preset=\"default\" global_colors_info=\"{}\"][et_pb_column type=\"4_4\" _builder_version=\"4.27.2\" _module_preset=\"default\" global_colors_info=\"{}\"][et_pb_text _builder_version=\"4.27.2\" _module_preset=\"default\" text_text_color=\"#FFFFFF\" header_text_color=\"#FFFFFF\" header_font_size=\"34px\" header_text_shadow_style=\"preset2\" global_colors_info=\"{}\"]Pol\u00edtica de Cookies Texto legales sobre las cookies que usamos en nuestra web[\/et_pb_text][\/et_pb_column][\/et_pb_row][\/et_pb_section][et_pb_section fb_built=\"1\" _builder_version=\"4.27.2\" _module_preset=\"default\" background_image=\"http:\/\/wp.advancedproser.com\/wp-content\/uploads\/2024\/10\/fondo-1-scaled.jpg\"&hellip;","robots":{"index":"index","follow":"follow","max-snippet":"max-snippet:-1","max-image-preview":"max-image-preview:large","max-video-preview":"max-video-preview:-1"},"canonical":"[et_pb_section fb_built=\"1\" next_background_color=\"#ffffff\" _builder_version=\"4.27.2\" _module_preset=\"default\" use_background_color_gradient=\"on\" background_color_gradient_direction=\"235deg\" background_color_gradient_stops=\"#000000 0%|rgba(0,0,0,0.39) 100%\" background_image=\"http:\/\/wp.advancedproser.com\/wp-content\/uploads\/2025\/02\/slider-advancedproser-3.jpg\" background_blend=\"overlay\" bottom_divider_style=\"ramp\" bottom_divider_height=\"47px\" hover_enabled=\"0\" global_colors_info=\"{}\" alt=\"Expertos en resinas industriales Barniz Silicona\" title_text=\"advancedproser Epoxy\" sticky_enabled=\"0\"][et_pb_row _builder_version=\"4.27.2\" _module_preset=\"default\" global_colors_info=\"{}\"][et_pb_column type=\"4_4\" _builder_version=\"4.27.2\" _module_preset=\"default\" global_colors_info=\"{}\"][et_pb_text _builder_version=\"4.27.2\" _module_preset=\"default\" text_text_color=\"#FFFFFF\" header_text_color=\"#FFFFFF\" header_font_size=\"34px\" header_text_shadow_style=\"preset2\" global_colors_info=\"{}\"]Pol\u00edtica de Cookies Texto legales sobre las cookies que usamos en nuestra web[\/et_pb_text][\/et_pb_column][\/et_pb_row][\/et_pb_section][et_pb_section fb_built=\"1\" _builder_version=\"4.27.2\" _module_preset=\"default\" background_image=\"http:\/\/wp.advancedproser.com\/wp-content\/uploads\/2024\/10\/fondo-1-scaled.jpg\"&hellip;","og_locale":"ca_ES","og_type":"article","og_title":"Pol\u00edtica de cookies","og_description":"[et_pb_section fb_built=\"1\" next_background_color=\"#ffffff\" _builder_version=\"4.27.2\" _module_preset=\"default\" use_background_color_gradient=\"on\" background_color_gradient_direction=\"235deg\" background_color_gradient_stops=\"#000000 0%|rgba(0,0,0,0.39) 100%\" background_image=\"http:\/\/wp.advancedproser.com\/wp-content\/uploads\/2025\/02\/slider-advancedproser-3.jpg\" background_blend=\"overlay\" bottom_divider_style=\"ramp\" bottom_divider_height=\"47px\" hover_enabled=\"0\" global_colors_info=\"{}\" alt=\"Expertos en resinas industriales Barniz Silicona\" title_text=\"advancedproser Epoxy\" sticky_enabled=\"0\"][et_pb_row _builder_version=\"4.27.2\" _module_preset=\"default\" global_colors_info=\"{}\"][et_pb_column type=\"4_4\" _builder_version=\"4.27.2\" _module_preset=\"default\" global_colors_info=\"{}\"][et_pb_text _builder_version=\"4.27.2\" _module_preset=\"default\" text_text_color=\"#FFFFFF\" header_text_color=\"#FFFFFF\" header_font_size=\"34px\" header_text_shadow_style=\"preset2\" global_colors_info=\"{}\"]Pol\u00edtica de Cookies Texto legales sobre las cookies que usamos en nuestra web[\/et_pb_text][\/et_pb_column][\/et_pb_row][\/et_pb_section][et_pb_section fb_built=\"1\" _builder_version=\"4.27.2\" _module_preset=\"default\" background_image=\"http:\/\/wp.advancedproser.com\/wp-content\/uploads\/2024\/10\/fondo-1-scaled.jpg\"&hellip;","og_url":"https:\/\/advancedproser.com\/ca\/politica-de-cookies\/","og_site_name":"advancedproser.com","article_modified_time":"2025-02-19T13:01:35+00:00","twitter_card":"summary_large_image","twitter_misc":{"Temps estimat de lectura":"5 minuts"},"schema":{"@context":"https:\/\/schema.org","@graph":[{"@type":"WebPage","@id":"https:\/\/advancedproser.com\/ca\/politica-de-cookies\/","url":"https:\/\/advancedproser.com\/ca\/politica-de-cookies\/","name":"Pol\u00edtica de cookies - advancedproser.com","isPartOf":{"@id":"https:\/\/advancedproser.com\/#website"},"datePublished":"2025-02-13T18:27:13+00:00","dateModified":"2025-02-19T13:01:35+00:00","breadcrumb":{"@id":"https:\/\/advancedproser.com\/ca\/politica-de-cookies\/#breadcrumb"},"inLanguage":"ca","potentialAction":[{"@type":"ReadAction","target":["https:\/\/advancedproser.com\/ca\/politica-de-cookies\/"]}]},{"@type":"BreadcrumbList","@id":"https:\/\/advancedproser.com\/ca\/politica-de-cookies\/#breadcrumb","itemListElement":[{"@type":"ListItem","position":1,"name":"Inicio","item":"https:\/\/advancedproser.com\/"},{"@type":"ListItem","position":2,"name":"Pol\u00edtica de cookies"}]},{"@type":"WebSite","@id":"https:\/\/advancedproser.com\/ca\/#website","url":"https:\/\/advancedproser.com\/ca\/","name":"advancedproser.com","description":"","potentialAction":[{"@type":"SearchAction","target":{"@type":"EntryPoint","urlTemplate":"https:\/\/advancedproser.com\/ca\/?s={search_term_string}"},"query-input":{"@type":"PropertyValueSpecification","valueRequired":true,"valueName":"search_term_string"}}],"inLanguage":"ca"}]}},"_links":{"self":[{"href":"https:\/\/advancedproser.com\/ca\/wp-json\/wp\/v2\/pages\/463","targetHints":{"allow":["GET"]}}],"collection":[{"href":"https:\/\/advancedproser.com\/ca\/wp-json\/wp\/v2\/pages"}],"about":[{"href":"https:\/\/advancedproser.com\/ca\/wp-json\/wp\/v2\/types\/page"}],"author":[{"embeddable":true,"href":"https:\/\/advancedproser.com\/ca\/wp-json\/wp\/v2\/users\/1"}],"replies":[{"embeddable":true,"href":"https:\/\/advancedproser.com\/ca\/wp-json\/wp\/v2\/comments?post=463"}],"version-history":[{"count":3,"href":"https:\/\/advancedproser.com\/ca\/wp-json\/wp\/v2\/pages\/463\/revisions"}],"predecessor-version":[{"id":570,"href":"https:\/\/advancedproser.com\/ca\/wp-json\/wp\/v2\/pages\/463\/revisions\/570"}],"wp:attachment":[{"href":"https:\/\/advancedproser.com\/ca\/wp-json\/wp\/v2\/media?parent=463"}],"curies":[{"name":"wp","href":"https:\/\/api.w.org\/{rel}","templated":true}]}}