{"id":449,"date":"2025-02-13T18:02:02","date_gmt":"2025-02-13T18:02:02","guid":{"rendered":"https:\/\/wp.advancedproser.com\/?page_id=449"},"modified":"2025-02-13T18:02:57","modified_gmt":"2025-02-13T18:02:57","slug":"articulos","status":"publish","type":"page","link":"https:\/\/advancedproser.com\/ca\/articulos\/","title":{"rendered":"Art\u00edculos"},"content":{"rendered":"<p>[et_pb_section fb_built=&#8221;1&#8243; theme_builder_area=&#8221;post_content&#8221; _builder_version=&#8221;4.27.2&#8243; _module_preset=&#8221;default&#8221; title_text=&#8221;slider-4&#8243; background_image=&#8221;http:\/\/wp.advancedproser.com\/wp-content\/uploads\/2024\/10\/slider-4.jpg&#8221; use_background_color_gradient=&#8221;on&#8221; background_color_gradient_stops=&#8221;rgba(0,0,0,0.78) 0%|rgba(12,0,0,0.45) 100%&#8221; background_blend=&#8221;multiply&#8221; background_color_gradient_direction=&#8221;307deg&#8221; hover_enabled=&#8221;0&#8243; sticky_enabled=&#8221;0&#8243;][et_pb_row _builder_version=&#8221;4.27.2&#8243; _module_preset=&#8221;default&#8221; theme_builder_area=&#8221;post_content&#8221;][et_pb_column _builder_version=&#8221;4.27.2&#8243; _module_preset=&#8221;default&#8221; type=&#8221;4_4&#8243; theme_builder_area=&#8221;post_content&#8221;][et_pb_text _builder_version=&#8221;4.27.2&#8243; _module_preset=&#8221;default&#8221; theme_builder_area=&#8221;post_content&#8221; hover_enabled=&#8221;0&#8243; sticky_enabled=&#8221;0&#8243; header_text_color=&#8221;#FFFFFF&#8221; header_font_size=&#8221;42px&#8221;]<\/p>\n<h1 style=\"text-align: center;\">Art\u00edculos<\/h1>\n<p>[\/et_pb_text][\/et_pb_column][\/et_pb_row][\/et_pb_section][et_pb_section fb_built=&#8221;1&#8243; theme_builder_area=&#8221;post_content&#8221; _builder_version=&#8221;4.27.2&#8243; _module_preset=&#8221;default&#8221;][et_pb_row _builder_version=&#8221;4.27.2&#8243; _module_preset=&#8221;default&#8221; column_structure=&#8221;1_2,1_2&#8243; theme_builder_area=&#8221;post_content&#8221;][et_pb_column _builder_version=&#8221;4.27.2&#8243; _module_preset=&#8221;default&#8221; type=&#8221;1_2&#8243; theme_builder_area=&#8221;post_content&#8221;][et_pb_image src=&#8221;http:\/\/wp.advancedproser.com\/wp-content\/uploads\/2025\/02\/1.jpg&#8221; _builder_version=&#8221;4.27.2&#8243; _module_preset=&#8221;default&#8221; theme_builder_area=&#8221;post_content&#8221; alt=&#8221;Protecci\u00f3n de componentes electr\u00f3nicos e inviolabilidad.&#8221; title_text=&#8221;Protecci\u00f3n de componentes electr\u00f3nicos e inviolabilidad.&#8221; hover_enabled=&#8221;0&#8243; sticky_enabled=&#8221;0&#8243;][\/et_pb_image][et_pb_text _builder_version=&#8221;4.27.2&#8243; _module_preset=&#8221;default&#8221; theme_builder_area=&#8221;post_content&#8221; hover_enabled=&#8221;0&#8243; sticky_enabled=&#8221;0&#8243;]<\/p>\n<p>Your content goes here. Edit or remove this text inline or in the module Content settings.<\/p>\n<a  data-e-Disable-Page-Transition=\"true\" class=\"download-link\" title=\"Version 9f48c538a616ab7cd0ecebbdbccc03a0\" href=\"https:\/\/advancedproser.com\/ca\/download\/445\/?tmstv=1778923607\" rel=\"nofollow\" id=\"download-link-445\" data-redirect=\"false\" >\n\tProtecci\u00f3n de componentes electr\u00f3nicos e inviolabilidad\t(0 downloads\t)\n<\/a>\n\n<p>[\/et_pb_text][\/et_pb_column][et_pb_column _builder_version=&#8221;4.27.2&#8243; _module_preset=&#8221;default&#8221; type=&#8221;1_2&#8243; theme_builder_area=&#8221;post_content&#8221;][\/et_pb_column][\/et_pb_row][\/et_pb_section]<\/p>\n","protected":false},"excerpt":{"rendered":"<p>Art\u00edculosYour content goes here. Edit or remove this text inline or in the module Content settings. <a  data-e-Disable-Page-Transition=\"true\" class=\"download-link\" title=\"Version 9f48c538a616ab7cd0ecebbdbccc03a0\" href=\"https:\/\/advancedproser.com\/ca\/download\/445\/?tmstv=1778923607\" rel=\"nofollow\" id=\"download-link-445\" data-redirect=\"false\" >\n\tProtecci\u00f3n de componentes electr\u00f3nicos e inviolabilidad\t(0 downloads\t)\n<\/a>\n<\/p>\n","protected":false},"author":1,"featured_media":0,"parent":0,"menu_order":0,"comment_status":"closed","ping_status":"closed","template":"","meta":{"_et_pb_use_builder":"on","_et_pb_old_content":"","_et_gb_content_width":"","footnotes":""},"class_list":["post-449","page","type-page","status-publish","hentry"],"yoast_head":"<!-- This site is optimized with the Yoast SEO plugin v27.3 - https:\/\/yoast.com\/product\/yoast-seo-wordpress\/ -->\n<title>Art\u00edculos<\/title>\n<meta name=\"description\" content=\"[et_pb_section fb_built=&quot;1&quot; theme_builder_area=&quot;post_content&quot; _builder_version=&quot;4.27.2&quot; _module_preset=&quot;default&quot; title_text=&quot;slider-4&quot; background_image=&quot;http:\/\/wp.advancedproser.com\/wp-content\/uploads\/2024\/10\/slider-4.jpg&quot; use_background_color_gradient=&quot;on&quot; background_color_gradient_stops=&quot;rgba(0,0,0,0.78) 0%|rgba(12,0,0,0.45) 100%&quot; background_blend=&quot;multiply&quot; background_color_gradient_direction=&quot;307deg&quot; hover_enabled=&quot;0&quot; sticky_enabled=&quot;0&quot;][et_pb_row _builder_version=&quot;4.27.2&quot; _module_preset=&quot;default&quot; theme_builder_area=&quot;post_content&quot;][et_pb_column _builder_version=&quot;4.27.2&quot; _module_preset=&quot;default&quot; type=&quot;4_4&quot; theme_builder_area=&quot;post_content&quot;][et_pb_text _builder_version=&quot;4.27.2&quot; _module_preset=&quot;default&quot; theme_builder_area=&quot;post_content&quot; hover_enabled=&quot;0&quot; sticky_enabled=&quot;0&quot; header_text_color=&quot;#FFFFFF&quot; header_font_size=&quot;42px&quot;]Art\u00edculos[\/et_pb_text][\/et_pb_column][\/et_pb_row][\/et_pb_section][et_pb_section fb_built=&quot;1&quot; theme_builder_area=&quot;post_content&quot; _builder_version=&quot;4.27.2&quot; _module_preset=&quot;default&quot;][et_pb_row _builder_version=&quot;4.27.2&quot; _module_preset=&quot;default&quot; column_structure=&quot;1_2,1_2&quot; theme_builder_area=&quot;post_content&quot;][et_pb_column _builder_version=&quot;4.27.2&quot; _module_preset=&quot;default&quot; type=&quot;1_2&quot; theme_builder_area=&quot;post_content&quot;][et_pb_image src=&quot;http:\/\/wp.advancedproser.com\/wp-content\/uploads\/2025\/02\/1.jpg&quot; _builder_version=&quot;4.27.2&quot; _module_preset=&quot;default&quot; theme_builder_area=&quot;post_content&quot; alt=&quot;Protecci\u00f3n de componentes electr\u00f3nicos e inviolabilidad.&quot; title_text=&quot;Protecci\u00f3n de componentes electr\u00f3nicos&hellip;\" \/>\n<meta name=\"robots\" content=\"index, follow, max-snippet:-1, max-image-preview:large, max-video-preview:-1\" \/>\n<link rel=\"canonical\" href=\"\" \/>\n<meta property=\"og:locale\" content=\"ca_ES\" \/>\n<meta property=\"og:type\" content=\"article\" \/>\n<meta property=\"og:title\" content=\"Art\u00edculos\" \/>\n<meta property=\"og:description\" content=\"[et_pb_section fb_built=&quot;1&quot; theme_builder_area=&quot;post_content&quot; _builder_version=&quot;4.27.2&quot; _module_preset=&quot;default&quot; title_text=&quot;slider-4&quot; background_image=&quot;http:\/\/wp.advancedproser.com\/wp-content\/uploads\/2024\/10\/slider-4.jpg&quot; use_background_color_gradient=&quot;on&quot; background_color_gradient_stops=&quot;rgba(0,0,0,0.78) 0%|rgba(12,0,0,0.45) 100%&quot; background_blend=&quot;multiply&quot; background_color_gradient_direction=&quot;307deg&quot; hover_enabled=&quot;0&quot; sticky_enabled=&quot;0&quot;][et_pb_row _builder_version=&quot;4.27.2&quot; _module_preset=&quot;default&quot; theme_builder_area=&quot;post_content&quot;][et_pb_column _builder_version=&quot;4.27.2&quot; _module_preset=&quot;default&quot; type=&quot;4_4&quot; theme_builder_area=&quot;post_content&quot;][et_pb_text _builder_version=&quot;4.27.2&quot; _module_preset=&quot;default&quot; theme_builder_area=&quot;post_content&quot; hover_enabled=&quot;0&quot; sticky_enabled=&quot;0&quot; header_text_color=&quot;#FFFFFF&quot; header_font_size=&quot;42px&quot;]Art\u00edculos[\/et_pb_text][\/et_pb_column][\/et_pb_row][\/et_pb_section][et_pb_section fb_built=&quot;1&quot; theme_builder_area=&quot;post_content&quot; _builder_version=&quot;4.27.2&quot; _module_preset=&quot;default&quot;][et_pb_row _builder_version=&quot;4.27.2&quot; _module_preset=&quot;default&quot; column_structure=&quot;1_2,1_2&quot; theme_builder_area=&quot;post_content&quot;][et_pb_column _builder_version=&quot;4.27.2&quot; _module_preset=&quot;default&quot; type=&quot;1_2&quot; theme_builder_area=&quot;post_content&quot;][et_pb_image src=&quot;http:\/\/wp.advancedproser.com\/wp-content\/uploads\/2025\/02\/1.jpg&quot; _builder_version=&quot;4.27.2&quot; _module_preset=&quot;default&quot; theme_builder_area=&quot;post_content&quot; alt=&quot;Protecci\u00f3n de componentes electr\u00f3nicos e inviolabilidad.&quot; title_text=&quot;Protecci\u00f3n de componentes electr\u00f3nicos&hellip;\" \/>\n<meta property=\"og:url\" content=\"https:\/\/advancedproser.com\/ca\/articulos\/\" \/>\n<meta property=\"og:site_name\" content=\"advancedproser.com\" \/>\n<meta property=\"article:modified_time\" content=\"2025-02-13T18:02:57+00:00\" \/>\n<meta name=\"twitter:card\" content=\"summary_large_image\" \/>\n<script type=\"application\/ld+json\" class=\"yoast-schema-graph\">{\"@context\":\"https:\\\/\\\/schema.org\",\"@graph\":[{\"@type\":\"WebPage\",\"@id\":\"https:\\\/\\\/advancedproser.com\\\/ca\\\/articulos\\\/\",\"url\":\"https:\\\/\\\/advancedproser.com\\\/ca\\\/articulos\\\/\",\"name\":\"Art\u00edculos - advancedproser.com\",\"isPartOf\":{\"@id\":\"https:\\\/\\\/advancedproser.com\\\/#website\"},\"datePublished\":\"2025-02-13T18:02:02+00:00\",\"dateModified\":\"2025-02-13T18:02:57+00:00\",\"breadcrumb\":{\"@id\":\"https:\\\/\\\/advancedproser.com\\\/ca\\\/articulos\\\/#breadcrumb\"},\"inLanguage\":\"ca\",\"potentialAction\":[{\"@type\":\"ReadAction\",\"target\":[\"https:\\\/\\\/advancedproser.com\\\/ca\\\/articulos\\\/\"]}]},{\"@type\":\"BreadcrumbList\",\"@id\":\"https:\\\/\\\/advancedproser.com\\\/ca\\\/articulos\\\/#breadcrumb\",\"itemListElement\":[{\"@type\":\"ListItem\",\"position\":1,\"name\":\"Inicio\",\"item\":\"https:\\\/\\\/advancedproser.com\\\/\"},{\"@type\":\"ListItem\",\"position\":2,\"name\":\"Art\u00edculos\"}]},{\"@type\":\"WebSite\",\"@id\":\"https:\\\/\\\/advancedproser.com\\\/ca\\\/#website\",\"url\":\"https:\\\/\\\/advancedproser.com\\\/ca\\\/\",\"name\":\"advancedproser.com\",\"description\":\"\",\"potentialAction\":[{\"@type\":\"SearchAction\",\"target\":{\"@type\":\"EntryPoint\",\"urlTemplate\":\"https:\\\/\\\/advancedproser.com\\\/ca\\\/?s={search_term_string}\"},\"query-input\":{\"@type\":\"PropertyValueSpecification\",\"valueRequired\":true,\"valueName\":\"search_term_string\"}}],\"inLanguage\":\"ca\"}]}<\/script>\n<!-- \/ Yoast SEO plugin. -->","yoast_head_json":{"title":"Art\u00edculos","description":"[et_pb_section fb_built=\"1\" theme_builder_area=\"post_content\" _builder_version=\"4.27.2\" _module_preset=\"default\" title_text=\"slider-4\" background_image=\"http:\/\/wp.advancedproser.com\/wp-content\/uploads\/2024\/10\/slider-4.jpg\" use_background_color_gradient=\"on\" background_color_gradient_stops=\"rgba(0,0,0,0.78) 0%|rgba(12,0,0,0.45) 100%\" background_blend=\"multiply\" background_color_gradient_direction=\"307deg\" hover_enabled=\"0\" sticky_enabled=\"0\"][et_pb_row _builder_version=\"4.27.2\" _module_preset=\"default\" theme_builder_area=\"post_content\"][et_pb_column _builder_version=\"4.27.2\" _module_preset=\"default\" type=\"4_4\" theme_builder_area=\"post_content\"][et_pb_text _builder_version=\"4.27.2\" _module_preset=\"default\" theme_builder_area=\"post_content\" hover_enabled=\"0\" sticky_enabled=\"0\" header_text_color=\"#FFFFFF\" header_font_size=\"42px\"]Art\u00edculos[\/et_pb_text][\/et_pb_column][\/et_pb_row][\/et_pb_section][et_pb_section fb_built=\"1\" theme_builder_area=\"post_content\" _builder_version=\"4.27.2\" _module_preset=\"default\"][et_pb_row _builder_version=\"4.27.2\" _module_preset=\"default\" column_structure=\"1_2,1_2\" theme_builder_area=\"post_content\"][et_pb_column _builder_version=\"4.27.2\" _module_preset=\"default\" type=\"1_2\" theme_builder_area=\"post_content\"][et_pb_image src=\"http:\/\/wp.advancedproser.com\/wp-content\/uploads\/2025\/02\/1.jpg\" _builder_version=\"4.27.2\" _module_preset=\"default\" theme_builder_area=\"post_content\" alt=\"Protecci\u00f3n de componentes electr\u00f3nicos e inviolabilidad.\" title_text=\"Protecci\u00f3n de componentes electr\u00f3nicos&hellip;","robots":{"index":"index","follow":"follow","max-snippet":"max-snippet:-1","max-image-preview":"max-image-preview:large","max-video-preview":"max-video-preview:-1"},"canonical":"[et_pb_section fb_built=\"1\" theme_builder_area=\"post_content\" _builder_version=\"4.27.2\" _module_preset=\"default\" title_text=\"slider-4\" background_image=\"http:\/\/wp.advancedproser.com\/wp-content\/uploads\/2024\/10\/slider-4.jpg\" use_background_color_gradient=\"on\" background_color_gradient_stops=\"rgba(0,0,0,0.78) 0%|rgba(12,0,0,0.45) 100%\" background_blend=\"multiply\" background_color_gradient_direction=\"307deg\" hover_enabled=\"0\" sticky_enabled=\"0\"][et_pb_row _builder_version=\"4.27.2\" _module_preset=\"default\" theme_builder_area=\"post_content\"][et_pb_column _builder_version=\"4.27.2\" _module_preset=\"default\" type=\"4_4\" theme_builder_area=\"post_content\"][et_pb_text _builder_version=\"4.27.2\" _module_preset=\"default\" theme_builder_area=\"post_content\" hover_enabled=\"0\" sticky_enabled=\"0\" header_text_color=\"#FFFFFF\" header_font_size=\"42px\"]Art\u00edculos[\/et_pb_text][\/et_pb_column][\/et_pb_row][\/et_pb_section][et_pb_section fb_built=\"1\" theme_builder_area=\"post_content\" _builder_version=\"4.27.2\" _module_preset=\"default\"][et_pb_row _builder_version=\"4.27.2\" _module_preset=\"default\" column_structure=\"1_2,1_2\" theme_builder_area=\"post_content\"][et_pb_column _builder_version=\"4.27.2\" _module_preset=\"default\" type=\"1_2\" theme_builder_area=\"post_content\"][et_pb_image src=\"http:\/\/wp.advancedproser.com\/wp-content\/uploads\/2025\/02\/1.jpg\" _builder_version=\"4.27.2\" _module_preset=\"default\" theme_builder_area=\"post_content\" alt=\"Protecci\u00f3n de componentes electr\u00f3nicos e inviolabilidad.\" title_text=\"Protecci\u00f3n de componentes electr\u00f3nicos&hellip;","og_locale":"ca_ES","og_type":"article","og_title":"Art\u00edculos","og_description":"[et_pb_section fb_built=\"1\" theme_builder_area=\"post_content\" _builder_version=\"4.27.2\" _module_preset=\"default\" title_text=\"slider-4\" background_image=\"http:\/\/wp.advancedproser.com\/wp-content\/uploads\/2024\/10\/slider-4.jpg\" use_background_color_gradient=\"on\" background_color_gradient_stops=\"rgba(0,0,0,0.78) 0%|rgba(12,0,0,0.45) 100%\" background_blend=\"multiply\" background_color_gradient_direction=\"307deg\" hover_enabled=\"0\" sticky_enabled=\"0\"][et_pb_row _builder_version=\"4.27.2\" _module_preset=\"default\" theme_builder_area=\"post_content\"][et_pb_column _builder_version=\"4.27.2\" _module_preset=\"default\" type=\"4_4\" theme_builder_area=\"post_content\"][et_pb_text _builder_version=\"4.27.2\" _module_preset=\"default\" theme_builder_area=\"post_content\" hover_enabled=\"0\" sticky_enabled=\"0\" header_text_color=\"#FFFFFF\" header_font_size=\"42px\"]Art\u00edculos[\/et_pb_text][\/et_pb_column][\/et_pb_row][\/et_pb_section][et_pb_section fb_built=\"1\" theme_builder_area=\"post_content\" _builder_version=\"4.27.2\" _module_preset=\"default\"][et_pb_row _builder_version=\"4.27.2\" _module_preset=\"default\" column_structure=\"1_2,1_2\" theme_builder_area=\"post_content\"][et_pb_column _builder_version=\"4.27.2\" _module_preset=\"default\" type=\"1_2\" theme_builder_area=\"post_content\"][et_pb_image src=\"http:\/\/wp.advancedproser.com\/wp-content\/uploads\/2025\/02\/1.jpg\" _builder_version=\"4.27.2\" _module_preset=\"default\" theme_builder_area=\"post_content\" alt=\"Protecci\u00f3n de componentes electr\u00f3nicos e inviolabilidad.\" title_text=\"Protecci\u00f3n de componentes electr\u00f3nicos&hellip;","og_url":"https:\/\/advancedproser.com\/ca\/articulos\/","og_site_name":"advancedproser.com","article_modified_time":"2025-02-13T18:02:57+00:00","twitter_card":"summary_large_image","schema":{"@context":"https:\/\/schema.org","@graph":[{"@type":"WebPage","@id":"https:\/\/advancedproser.com\/ca\/articulos\/","url":"https:\/\/advancedproser.com\/ca\/articulos\/","name":"Art\u00edculos - advancedproser.com","isPartOf":{"@id":"https:\/\/advancedproser.com\/#website"},"datePublished":"2025-02-13T18:02:02+00:00","dateModified":"2025-02-13T18:02:57+00:00","breadcrumb":{"@id":"https:\/\/advancedproser.com\/ca\/articulos\/#breadcrumb"},"inLanguage":"ca","potentialAction":[{"@type":"ReadAction","target":["https:\/\/advancedproser.com\/ca\/articulos\/"]}]},{"@type":"BreadcrumbList","@id":"https:\/\/advancedproser.com\/ca\/articulos\/#breadcrumb","itemListElement":[{"@type":"ListItem","position":1,"name":"Inicio","item":"https:\/\/advancedproser.com\/"},{"@type":"ListItem","position":2,"name":"Art\u00edculos"}]},{"@type":"WebSite","@id":"https:\/\/advancedproser.com\/ca\/#website","url":"https:\/\/advancedproser.com\/ca\/","name":"advancedproser.com","description":"","potentialAction":[{"@type":"SearchAction","target":{"@type":"EntryPoint","urlTemplate":"https:\/\/advancedproser.com\/ca\/?s={search_term_string}"},"query-input":{"@type":"PropertyValueSpecification","valueRequired":true,"valueName":"search_term_string"}}],"inLanguage":"ca"}]}},"_links":{"self":[{"href":"https:\/\/advancedproser.com\/ca\/wp-json\/wp\/v2\/pages\/449","targetHints":{"allow":["GET"]}}],"collection":[{"href":"https:\/\/advancedproser.com\/ca\/wp-json\/wp\/v2\/pages"}],"about":[{"href":"https:\/\/advancedproser.com\/ca\/wp-json\/wp\/v2\/types\/page"}],"author":[{"embeddable":true,"href":"https:\/\/advancedproser.com\/ca\/wp-json\/wp\/v2\/users\/1"}],"replies":[{"embeddable":true,"href":"https:\/\/advancedproser.com\/ca\/wp-json\/wp\/v2\/comments?post=449"}],"version-history":[{"count":3,"href":"https:\/\/advancedproser.com\/ca\/wp-json\/wp\/v2\/pages\/449\/revisions"}],"predecessor-version":[{"id":453,"href":"https:\/\/advancedproser.com\/ca\/wp-json\/wp\/v2\/pages\/449\/revisions\/453"}],"wp:attachment":[{"href":"https:\/\/advancedproser.com\/ca\/wp-json\/wp\/v2\/media?parent=449"}],"curies":[{"name":"wp","href":"https:\/\/api.w.org\/{rel}","templated":true}]}}