{"id":369,"date":"2024-12-01T21:11:21","date_gmt":"2024-12-01T21:11:21","guid":{"rendered":"https:\/\/wp.advancedproser.com\/?page_id=369"},"modified":"2024-12-01T21:19:28","modified_gmt":"2024-12-01T21:19:28","slug":"valvulas-de-microdosificacion","status":"publish","type":"page","link":"https:\/\/advancedproser.com\/ca\/valvulas-de-microdosificacion\/","title":{"rendered":"V\u00e1lvulas de microdosificaci\u00f3n"},"content":{"rendered":"<p>[et_pb_section fb_built=&#8221;1&#8243; next_background_color=&#8221;#ffffff&#8221; _builder_version=&#8221;4.27.2&#8243; _module_preset=&#8221;default&#8221; use_background_color_gradient=&#8221;on&#8221; background_color_gradient_direction=&#8221;119deg&#8221; background_color_gradient_stops=&#8221;#000000 0%|rgba(0,0,0,0.57) 100%&#8221; background_image=&#8221;http:\/\/wp.advancedproser.com\/wp-content\/uploads\/2024\/10\/slider-1.jpg&#8221; background_blend=&#8221;multiply&#8221; bottom_divider_style=&#8221;ramp&#8221; bottom_divider_height=&#8221;75px&#8221; global_colors_info=&#8221;{}&#8221;][et_pb_row _builder_version=&#8221;4.27.2&#8243; _module_preset=&#8221;default&#8221; global_colors_info=&#8221;{}&#8221;][et_pb_column type=&#8221;4_4&#8243; _builder_version=&#8221;4.27.2&#8243; _module_preset=&#8221;default&#8221; global_colors_info=&#8221;{}&#8221;][et_pb_text _builder_version=&#8221;4.27.2&#8243; _module_preset=&#8221;default&#8221; text_text_color=&#8221;#FFFFFF&#8221; header_text_color=&#8221;#FFFFFF&#8221; header_font_size=&#8221;34px&#8221; header_text_shadow_style=&#8221;preset2&#8243; global_colors_info=&#8221;{}&#8221;]<\/p>\n<h1>Equipos de Dosificaci\u00f3n<\/h1>\n<p><span style=\"font-weight: 400;\">En APS &#8211; Advanced ProSer tenemos como principal objetivo proporcionar a nuestros clientes una soluci\u00f3n completa y global para las aplicaciones en que participamos; en paralelo a nuestras propuestas en resinas y adhesivos, ponemos a su disposici\u00f3n una amplia gama de sistemas de curado, dosificaci\u00f3n y accesorios auxiliares para su correcto procesado, que permiten conformar y adaptarse a cualquier proceso productivo.<\/span><\/p>\n<p>[\/et_pb_text][\/et_pb_column][\/et_pb_row][\/et_pb_section][et_pb_section fb_built=&#8221;1&#8243; _builder_version=&#8221;4.27.2&#8243; _module_preset=&#8221;default&#8221; global_colors_info=&#8221;{}&#8221;][et_pb_row column_structure=&#8221;2_5,3_5&#8243; _builder_version=&#8221;4.27.2&#8243; _module_preset=&#8221;default&#8221; global_colors_info=&#8221;{}&#8221;][et_pb_column type=&#8221;2_5&#8243; _builder_version=&#8221;4.27.2&#8243; _module_preset=&#8221;default&#8221; global_colors_info=&#8221;{}&#8221;][et_pb_image src=&#8221;http:\/\/wp.advancedproser.com\/wp-content\/uploads\/2024\/12\/sistemas-de-microdosificacion.jpg&#8221; alt=&#8221;Sistemas de microdosificaci\u00f3n&#8221; title_text=&#8221;sistemas-de-microdosificacio\u0301n&#8221; _builder_version=&#8221;4.27.2&#8243; _module_preset=&#8221;default&#8221; hover_enabled=&#8221;0&#8243; global_colors_info=&#8221;{}&#8221; sticky_enabled=&#8221;0&#8243;][\/et_pb_image][\/et_pb_column][et_pb_column type=&#8221;3_5&#8243; _builder_version=&#8221;4.27.2&#8243; _module_preset=&#8221;default&#8221; global_colors_info=&#8221;{}&#8221;][et_pb_text _builder_version=&#8221;4.27.2&#8243; _module_preset=&#8221;default&#8221; hover_enabled=&#8221;0&#8243; global_colors_info=&#8221;{}&#8221; sticky_enabled=&#8221;0&#8243;]<\/p>\n<h2><strong>V\u00e1lvulas de microdosificaci\u00f3n<\/strong><\/h2>\n<p><span style=\"font-weight: 400;\">Es el sistema de dosificaci\u00f3n m\u00e1s peque\u00f1o y preciso de la gama de sistemas de dosificaci\u00f3n. <\/span><\/p>\n<p><span style=\"font-weight: 400;\">Su peso ultraligero y su construcci\u00f3n modular facilitan su integraci\u00f3n en procesos de fabricaci\u00f3n semiautom\u00e1ticos. Dise\u00f1ado para dispensar productos de un solo componente en jeringas, este sistema de dispensaci\u00f3n de alta precisi\u00f3n puede dispensar cantidades de fluidos de micro a nano en jeringas de 3cc a 30cc.<\/span><\/p>\n<p>[\/et_pb_text][\/et_pb_column][\/et_pb_row][\/et_pb_section][et_pb_section fb_built=&#8221;1&#8243; prev_background_color=&#8221;#ffffff&#8221; next_background_color=&#8221;#ffffff&#8221; _builder_version=&#8221;4.27.2&#8243; _module_preset=&#8221;default&#8221; background_color=&#8221;#E02B20&#8243; custom_padding=&#8221;||11px|||&#8221; top_divider_style=&#8221;arrow&#8221; top_divider_height=&#8221;58px&#8221; bottom_divider_style=&#8221;arrow&#8221; global_colors_info=&#8221;{}&#8221;][et_pb_row _builder_version=&#8221;4.27.2&#8243; _module_preset=&#8221;default&#8221; global_colors_info=&#8221;{}&#8221;][et_pb_column type=&#8221;4_4&#8243; _builder_version=&#8221;4.27.2&#8243; _module_preset=&#8221;default&#8221; global_colors_info=&#8221;{}&#8221;][et_pb_text _builder_version=&#8221;4.27.2&#8243; _module_preset=&#8221;default&#8221; header_3_text_align=&#8221;center&#8221; header_3_text_color=&#8221;#FFFFFF&#8221; header_3_font_size=&#8221;27px&#8221; background_enable_color=&#8221;off&#8221; global_colors_info=&#8221;{}&#8221;]<\/p>\n<h3>Opciones<\/h3>\n<p>[\/et_pb_text][\/et_pb_column][\/et_pb_row][\/et_pb_section][et_pb_section fb_built=&#8221;1&#8243; _builder_version=&#8221;4.27.2&#8243; _module_preset=&#8221;default&#8221; global_colors_info=&#8221;{}&#8221;][et_pb_row column_structure=&#8221;2_5,3_5&#8243; _builder_version=&#8221;4.27.2&#8243; _module_preset=&#8221;default&#8221; global_colors_info=&#8221;{}&#8221;][et_pb_column type=&#8221;2_5&#8243; _builder_version=&#8221;4.27.2&#8243; _module_preset=&#8221;default&#8221; global_colors_info=&#8221;{}&#8221;][et_pb_image src=&#8221;http:\/\/wp.advancedproser.com\/wp-content\/uploads\/2024\/12\/nano-pen.jpg&#8221; alt=&#8221;nano-pen&#8221; title_text=&#8221;nano-pen&#8221; _builder_version=&#8221;4.27.2&#8243; _module_preset=&#8221;default&#8221; hover_enabled=&#8221;0&#8243; global_colors_info=&#8221;{}&#8221; sticky_enabled=&#8221;0&#8243;][\/et_pb_image][\/et_pb_column][et_pb_column type=&#8221;3_5&#8243; _builder_version=&#8221;4.27.2&#8243; _module_preset=&#8221;default&#8221; global_colors_info=&#8221;{}&#8221;][et_pb_text _builder_version=&#8221;4.27.2&#8243; _module_preset=&#8221;default&#8221; hover_enabled=&#8221;0&#8243; global_colors_info=&#8221;{}&#8221; sticky_enabled=&#8221;0&#8243;]<\/p>\n<p><b>Nano-Pen<\/b><\/p>\n<ul>\n<li style=\"font-weight: 400;\" aria-level=\"1\"><span style=\"font-weight: 400;\">Dosificaci\u00f3n volum\u00e9trica desde jeringa<\/span><\/li>\n<li style=\"font-weight: 400;\" aria-level=\"1\"><span style=\"font-weight: 400;\">Sin partes en contacto con el adhesivo<\/span><\/li>\n<li style=\"font-weight: 400;\" aria-level=\"1\"><span style=\"font-weight: 400;\">Sin necesidad de aire comprimido<\/span><\/li>\n<\/ul>\n<p>[\/et_pb_text][et_pb_button button_url=&#8221;https:\/\/www.supratec-syneo.com\/wp-content\/uploads\/2021\/02\/FT_Nano_compressed-1.pdf&#8221; url_new_window=&#8221;on&#8221; button_text=&#8221;Saber m\u00e1s&#8221; _builder_version=&#8221;4.27.2&#8243; _module_preset=&#8221;default&#8221; custom_button=&#8221;on&#8221; button_text_color=&#8221;#FFFFFF&#8221; button_bg_color=&#8221;#E02B20&#8243; button_icon=&#8221;&#x68;||divi||400&#8243; button_icon_color=&#8221;#FFFFFF&#8221; button_icon_placement=&#8221;left&#8221; button_on_hover=&#8221;off&#8221; hover_enabled=&#8221;0&#8243; global_colors_info=&#8221;{}&#8221; sticky_enabled=&#8221;0&#8243;][\/et_pb_button][\/et_pb_column][\/et_pb_row][\/et_pb_section][et_pb_section fb_built=&#8221;1&#8243; _builder_version=&#8221;4.27.2&#8243; _module_preset=&#8221;default&#8221; global_colors_info=&#8221;{}&#8221;][et_pb_row column_structure=&#8221;2_5,3_5&#8243; _builder_version=&#8221;4.27.2&#8243; _module_preset=&#8221;default&#8221; global_colors_info=&#8221;{}&#8221;][et_pb_column type=&#8221;2_5&#8243; _builder_version=&#8221;4.27.2&#8243; _module_preset=&#8221;default&#8221; global_colors_info=&#8221;{}&#8221;][et_pb_image src=&#8221;http:\/\/wp.advancedproser.com\/wp-content\/uploads\/2024\/12\/controladores-nano-pen.jpg&#8221; alt=&#8221;controladores&#8221; title_text=&#8221;controladores-nano-pen&#8221; _builder_version=&#8221;4.27.2&#8243; _module_preset=&#8221;default&#8221; hover_enabled=&#8221;0&#8243; global_colors_info=&#8221;{}&#8221; sticky_enabled=&#8221;0&#8243;][\/et_pb_image][\/et_pb_column][et_pb_column type=&#8221;3_5&#8243; _builder_version=&#8221;4.27.2&#8243; _module_preset=&#8221;default&#8221; global_colors_info=&#8221;{}&#8221;][et_pb_text _builder_version=&#8221;4.27.2&#8243; _module_preset=&#8221;default&#8221; hover_enabled=&#8221;0&#8243; global_colors_info=&#8221;{}&#8221; sticky_enabled=&#8221;0&#8243;]<\/p>\n<p><b>Controladores<\/b><\/p>\n<ul>\n<li style=\"font-weight: 400;\" aria-level=\"1\"><span style=\"font-weight: 400;\">Control digital<\/span><\/li>\n<li style=\"font-weight: 400;\" aria-level=\"1\"><span style=\"font-weight: 400;\">Uso manual o autom\u00e1tico mediante se\u00f1al de control externa<\/span><\/li>\n<\/ul>\n<p>[\/et_pb_text][et_pb_button button_url=&#8221;https:\/\/www.supratec-syneo.com\/wp-content\/uploads\/2021\/02\/FT_Nano_compressed-1.pdf&#8221; url_new_window=&#8221;on&#8221; button_text=&#8221;Saber m\u00e1s&#8221; _builder_version=&#8221;4.27.2&#8243; _module_preset=&#8221;default&#8221; custom_button=&#8221;on&#8221; button_text_color=&#8221;#FFFFFF&#8221; button_bg_color=&#8221;#E02B20&#8243; button_icon=&#8221;&#x68;||divi||400&#8243; button_icon_color=&#8221;#FFFFFF&#8221; button_icon_placement=&#8221;left&#8221; button_on_hover=&#8221;off&#8221; hover_enabled=&#8221;0&#8243; global_colors_info=&#8221;{}&#8221; sticky_enabled=&#8221;0&#8243;][\/et_pb_button][\/et_pb_column][\/et_pb_row][\/et_pb_section]<\/p>\n","protected":false},"excerpt":{"rendered":"<p>Equipos de Dosificaci\u00f3n En APS &#8211; Advanced ProSer tenemos como principal objetivo proporcionar a nuestros clientes una soluci\u00f3n completa y global para las aplicaciones en que participamos; en paralelo a nuestras propuestas en resinas y adhesivos, ponemos a su disposici\u00f3n una amplia gama de sistemas de curado, dosificaci\u00f3n y accesorios auxiliares para su correcto procesado, [&hellip;]<\/p>\n","protected":false},"author":1,"featured_media":0,"parent":0,"menu_order":0,"comment_status":"closed","ping_status":"closed","template":"","meta":{"_et_pb_use_builder":"on","_et_pb_old_content":"","_et_gb_content_width":"","footnotes":""},"class_list":["post-369","page","type-page","status-publish","hentry"],"yoast_head":"<!-- This site is optimized with the Yoast SEO plugin v27.3 - https:\/\/yoast.com\/product\/yoast-seo-wordpress\/ -->\n<title>V\u00e1lvulas de microdosificaci\u00f3n<\/title>\n<meta name=\"description\" content=\"[et_pb_section fb_built=&quot;1&quot; next_background_color=&quot;#ffffff&quot; _builder_version=&quot;4.27.2&quot; _module_preset=&quot;default&quot; use_background_color_gradient=&quot;on&quot; background_color_gradient_direction=&quot;119deg&quot; background_color_gradient_stops=&quot;#000000 0%|rgba(0,0,0,0.57) 100%&quot; background_image=&quot;http:\/\/wp.advancedproser.com\/wp-content\/uploads\/2024\/10\/slider-1.jpg&quot; background_blend=&quot;multiply&quot; bottom_divider_style=&quot;ramp&quot; bottom_divider_height=&quot;75px&quot; global_colors_info=&quot;{}&quot;][et_pb_row _builder_version=&quot;4.27.2&quot; _module_preset=&quot;default&quot; global_colors_info=&quot;{}&quot;][et_pb_column type=&quot;4_4&quot; _builder_version=&quot;4.27.2&quot; _module_preset=&quot;default&quot; global_colors_info=&quot;{}&quot;][et_pb_text _builder_version=&quot;4.27.2&quot; _module_preset=&quot;default&quot; text_text_color=&quot;#FFFFFF&quot; header_text_color=&quot;#FFFFFF&quot; header_font_size=&quot;34px&quot; header_text_shadow_style=&quot;preset2&quot; global_colors_info=&quot;{}&quot;]Equipos de Dosificaci\u00f3n En APS - Advanced ProSer tenemos como principal objetivo proporcionar a nuestros clientes una soluci\u00f3n completa y global para las aplicaciones en que participamos;&hellip;\" \/>\n<meta name=\"robots\" content=\"index, follow, max-snippet:-1, max-image-preview:large, max-video-preview:-1\" \/>\n<link rel=\"canonical\" href=\"\" \/>\n<meta property=\"og:locale\" content=\"ca_ES\" \/>\n<meta property=\"og:type\" content=\"article\" \/>\n<meta property=\"og:title\" content=\"V\u00e1lvulas de microdosificaci\u00f3n\" \/>\n<meta property=\"og:description\" content=\"[et_pb_section fb_built=&quot;1&quot; next_background_color=&quot;#ffffff&quot; _builder_version=&quot;4.27.2&quot; _module_preset=&quot;default&quot; use_background_color_gradient=&quot;on&quot; background_color_gradient_direction=&quot;119deg&quot; background_color_gradient_stops=&quot;#000000 0%|rgba(0,0,0,0.57) 100%&quot; background_image=&quot;http:\/\/wp.advancedproser.com\/wp-content\/uploads\/2024\/10\/slider-1.jpg&quot; background_blend=&quot;multiply&quot; bottom_divider_style=&quot;ramp&quot; bottom_divider_height=&quot;75px&quot; global_colors_info=&quot;{}&quot;][et_pb_row _builder_version=&quot;4.27.2&quot; _module_preset=&quot;default&quot; global_colors_info=&quot;{}&quot;][et_pb_column type=&quot;4_4&quot; _builder_version=&quot;4.27.2&quot; _module_preset=&quot;default&quot; global_colors_info=&quot;{}&quot;][et_pb_text _builder_version=&quot;4.27.2&quot; _module_preset=&quot;default&quot; text_text_color=&quot;#FFFFFF&quot; header_text_color=&quot;#FFFFFF&quot; header_font_size=&quot;34px&quot; header_text_shadow_style=&quot;preset2&quot; global_colors_info=&quot;{}&quot;]Equipos de Dosificaci\u00f3n En APS - Advanced ProSer tenemos como principal objetivo proporcionar a nuestros clientes una soluci\u00f3n completa y global para las aplicaciones en que participamos;&hellip;\" \/>\n<meta property=\"og:url\" content=\"https:\/\/advancedproser.com\/ca\/valvulas-de-microdosificacion\/\" \/>\n<meta property=\"og:site_name\" content=\"advancedproser.com\" \/>\n<meta property=\"article:modified_time\" content=\"2024-12-01T21:19:28+00:00\" \/>\n<meta name=\"twitter:card\" content=\"summary_large_image\" \/>\n<meta name=\"twitter:label1\" content=\"Temps estimat de lectura\" \/>\n\t<meta name=\"twitter:data1\" content=\"3 minuts\" \/>\n<script type=\"application\/ld+json\" class=\"yoast-schema-graph\">{\"@context\":\"https:\\\/\\\/schema.org\",\"@graph\":[{\"@type\":\"WebPage\",\"@id\":\"https:\\\/\\\/advancedproser.com\\\/ca\\\/valvulas-de-microdosificacion\\\/\",\"url\":\"https:\\\/\\\/advancedproser.com\\\/ca\\\/valvulas-de-microdosificacion\\\/\",\"name\":\"V\u00e1lvulas de microdosificaci\u00f3n - advancedproser.com\",\"isPartOf\":{\"@id\":\"https:\\\/\\\/advancedproser.com\\\/#website\"},\"datePublished\":\"2024-12-01T21:11:21+00:00\",\"dateModified\":\"2024-12-01T21:19:28+00:00\",\"breadcrumb\":{\"@id\":\"https:\\\/\\\/advancedproser.com\\\/ca\\\/valvulas-de-microdosificacion\\\/#breadcrumb\"},\"inLanguage\":\"ca\",\"potentialAction\":[{\"@type\":\"ReadAction\",\"target\":[\"https:\\\/\\\/advancedproser.com\\\/ca\\\/valvulas-de-microdosificacion\\\/\"]}]},{\"@type\":\"BreadcrumbList\",\"@id\":\"https:\\\/\\\/advancedproser.com\\\/ca\\\/valvulas-de-microdosificacion\\\/#breadcrumb\",\"itemListElement\":[{\"@type\":\"ListItem\",\"position\":1,\"name\":\"Inicio\",\"item\":\"https:\\\/\\\/advancedproser.com\\\/\"},{\"@type\":\"ListItem\",\"position\":2,\"name\":\"V\u00e1lvulas de microdosificaci\u00f3n\"}]},{\"@type\":\"WebSite\",\"@id\":\"https:\\\/\\\/advancedproser.com\\\/ca\\\/#website\",\"url\":\"https:\\\/\\\/advancedproser.com\\\/ca\\\/\",\"name\":\"advancedproser.com\",\"description\":\"\",\"potentialAction\":[{\"@type\":\"SearchAction\",\"target\":{\"@type\":\"EntryPoint\",\"urlTemplate\":\"https:\\\/\\\/advancedproser.com\\\/ca\\\/?s={search_term_string}\"},\"query-input\":{\"@type\":\"PropertyValueSpecification\",\"valueRequired\":true,\"valueName\":\"search_term_string\"}}],\"inLanguage\":\"ca\"}]}<\/script>\n<!-- \/ Yoast SEO plugin. -->","yoast_head_json":{"title":"V\u00e1lvulas de microdosificaci\u00f3n","description":"[et_pb_section fb_built=\"1\" next_background_color=\"#ffffff\" _builder_version=\"4.27.2\" _module_preset=\"default\" use_background_color_gradient=\"on\" background_color_gradient_direction=\"119deg\" background_color_gradient_stops=\"#000000 0%|rgba(0,0,0,0.57) 100%\" background_image=\"http:\/\/wp.advancedproser.com\/wp-content\/uploads\/2024\/10\/slider-1.jpg\" background_blend=\"multiply\" bottom_divider_style=\"ramp\" bottom_divider_height=\"75px\" global_colors_info=\"{}\"][et_pb_row _builder_version=\"4.27.2\" _module_preset=\"default\" global_colors_info=\"{}\"][et_pb_column type=\"4_4\" _builder_version=\"4.27.2\" _module_preset=\"default\" global_colors_info=\"{}\"][et_pb_text _builder_version=\"4.27.2\" _module_preset=\"default\" text_text_color=\"#FFFFFF\" header_text_color=\"#FFFFFF\" header_font_size=\"34px\" header_text_shadow_style=\"preset2\" global_colors_info=\"{}\"]Equipos de Dosificaci\u00f3n En APS - Advanced ProSer tenemos como principal objetivo proporcionar a nuestros clientes una soluci\u00f3n completa y global para las aplicaciones en que participamos;&hellip;","robots":{"index":"index","follow":"follow","max-snippet":"max-snippet:-1","max-image-preview":"max-image-preview:large","max-video-preview":"max-video-preview:-1"},"canonical":"[et_pb_section fb_built=\"1\" next_background_color=\"#ffffff\" _builder_version=\"4.27.2\" _module_preset=\"default\" use_background_color_gradient=\"on\" background_color_gradient_direction=\"119deg\" background_color_gradient_stops=\"#000000 0%|rgba(0,0,0,0.57) 100%\" background_image=\"http:\/\/wp.advancedproser.com\/wp-content\/uploads\/2024\/10\/slider-1.jpg\" background_blend=\"multiply\" bottom_divider_style=\"ramp\" bottom_divider_height=\"75px\" global_colors_info=\"{}\"][et_pb_row _builder_version=\"4.27.2\" _module_preset=\"default\" global_colors_info=\"{}\"][et_pb_column type=\"4_4\" _builder_version=\"4.27.2\" _module_preset=\"default\" global_colors_info=\"{}\"][et_pb_text _builder_version=\"4.27.2\" _module_preset=\"default\" text_text_color=\"#FFFFFF\" header_text_color=\"#FFFFFF\" header_font_size=\"34px\" header_text_shadow_style=\"preset2\" global_colors_info=\"{}\"]Equipos de Dosificaci\u00f3n En APS - Advanced ProSer tenemos como principal objetivo proporcionar a nuestros clientes una soluci\u00f3n completa y global para las aplicaciones en que participamos;&hellip;","og_locale":"ca_ES","og_type":"article","og_title":"V\u00e1lvulas de microdosificaci\u00f3n","og_description":"[et_pb_section fb_built=\"1\" next_background_color=\"#ffffff\" _builder_version=\"4.27.2\" _module_preset=\"default\" use_background_color_gradient=\"on\" background_color_gradient_direction=\"119deg\" background_color_gradient_stops=\"#000000 0%|rgba(0,0,0,0.57) 100%\" background_image=\"http:\/\/wp.advancedproser.com\/wp-content\/uploads\/2024\/10\/slider-1.jpg\" background_blend=\"multiply\" bottom_divider_style=\"ramp\" bottom_divider_height=\"75px\" global_colors_info=\"{}\"][et_pb_row _builder_version=\"4.27.2\" _module_preset=\"default\" global_colors_info=\"{}\"][et_pb_column type=\"4_4\" _builder_version=\"4.27.2\" _module_preset=\"default\" global_colors_info=\"{}\"][et_pb_text _builder_version=\"4.27.2\" _module_preset=\"default\" text_text_color=\"#FFFFFF\" header_text_color=\"#FFFFFF\" header_font_size=\"34px\" header_text_shadow_style=\"preset2\" global_colors_info=\"{}\"]Equipos de Dosificaci\u00f3n En APS - Advanced ProSer tenemos como principal objetivo proporcionar a nuestros clientes una soluci\u00f3n completa y global para las aplicaciones en que participamos;&hellip;","og_url":"https:\/\/advancedproser.com\/ca\/valvulas-de-microdosificacion\/","og_site_name":"advancedproser.com","article_modified_time":"2024-12-01T21:19:28+00:00","twitter_card":"summary_large_image","twitter_misc":{"Temps estimat de lectura":"3 minuts"},"schema":{"@context":"https:\/\/schema.org","@graph":[{"@type":"WebPage","@id":"https:\/\/advancedproser.com\/ca\/valvulas-de-microdosificacion\/","url":"https:\/\/advancedproser.com\/ca\/valvulas-de-microdosificacion\/","name":"V\u00e1lvulas de microdosificaci\u00f3n - advancedproser.com","isPartOf":{"@id":"https:\/\/advancedproser.com\/#website"},"datePublished":"2024-12-01T21:11:21+00:00","dateModified":"2024-12-01T21:19:28+00:00","breadcrumb":{"@id":"https:\/\/advancedproser.com\/ca\/valvulas-de-microdosificacion\/#breadcrumb"},"inLanguage":"ca","potentialAction":[{"@type":"ReadAction","target":["https:\/\/advancedproser.com\/ca\/valvulas-de-microdosificacion\/"]}]},{"@type":"BreadcrumbList","@id":"https:\/\/advancedproser.com\/ca\/valvulas-de-microdosificacion\/#breadcrumb","itemListElement":[{"@type":"ListItem","position":1,"name":"Inicio","item":"https:\/\/advancedproser.com\/"},{"@type":"ListItem","position":2,"name":"V\u00e1lvulas de microdosificaci\u00f3n"}]},{"@type":"WebSite","@id":"https:\/\/advancedproser.com\/ca\/#website","url":"https:\/\/advancedproser.com\/ca\/","name":"advancedproser.com","description":"","potentialAction":[{"@type":"SearchAction","target":{"@type":"EntryPoint","urlTemplate":"https:\/\/advancedproser.com\/ca\/?s={search_term_string}"},"query-input":{"@type":"PropertyValueSpecification","valueRequired":true,"valueName":"search_term_string"}}],"inLanguage":"ca"}]}},"_links":{"self":[{"href":"https:\/\/advancedproser.com\/ca\/wp-json\/wp\/v2\/pages\/369","targetHints":{"allow":["GET"]}}],"collection":[{"href":"https:\/\/advancedproser.com\/ca\/wp-json\/wp\/v2\/pages"}],"about":[{"href":"https:\/\/advancedproser.com\/ca\/wp-json\/wp\/v2\/types\/page"}],"author":[{"embeddable":true,"href":"https:\/\/advancedproser.com\/ca\/wp-json\/wp\/v2\/users\/1"}],"replies":[{"embeddable":true,"href":"https:\/\/advancedproser.com\/ca\/wp-json\/wp\/v2\/comments?post=369"}],"version-history":[{"count":4,"href":"https:\/\/advancedproser.com\/ca\/wp-json\/wp\/v2\/pages\/369\/revisions"}],"predecessor-version":[{"id":376,"href":"https:\/\/advancedproser.com\/ca\/wp-json\/wp\/v2\/pages\/369\/revisions\/376"}],"wp:attachment":[{"href":"https:\/\/advancedproser.com\/ca\/wp-json\/wp\/v2\/media?parent=369"}],"curies":[{"name":"wp","href":"https:\/\/api.w.org\/{rel}","templated":true}]}}