{"id":272,"date":"2024-12-01T19:11:46","date_gmt":"2024-12-01T19:11:46","guid":{"rendered":"https:\/\/wp.advancedproser.com\/?page_id=272"},"modified":"2025-04-21T09:14:02","modified_gmt":"2025-04-21T09:14:02","slug":"abchimie","status":"publish","type":"page","link":"https:\/\/advancedproser.com\/ca\/abchimie\/","title":{"rendered":"ABChimie"},"content":{"rendered":"<p>[et_pb_section fb_built=&#8221;1&#8243; next_background_color=&#8221;#ffffff&#8221; _builder_version=&#8221;4.27.2&#8243; _module_preset=&#8221;default&#8221; use_background_color_gradient=&#8221;on&#8221; background_color_gradient_direction=&#8221;294deg&#8221; background_color_gradient_stops=&#8221;#000000 0%|rgba(0,0,0,0.38) 100%&#8221; background_image=&#8221;http:\/\/wp.advancedproser.com\/wp-content\/uploads\/2024\/10\/slider-3.jpg&#8221; background_blend=&#8221;overlay&#8221; bottom_divider_style=&#8221;ramp&#8221; bottom_divider_height=&#8221;61px&#8221; global_colors_info=&#8221;{}&#8221;][et_pb_row _builder_version=&#8221;4.27.2&#8243; _module_preset=&#8221;default&#8221; global_colors_info=&#8221;{}&#8221;][et_pb_column type=&#8221;4_4&#8243; _builder_version=&#8221;4.27.2&#8243; _module_preset=&#8221;default&#8221; global_colors_info=&#8221;{}&#8221;][et_pb_text _builder_version=&#8221;4.27.2&#8243; _module_preset=&#8221;default&#8221; text_text_color=&#8221;#FFFFFF&#8221; header_text_color=&#8221;#FFFFFF&#8221; header_font_size=&#8221;34px&#8221; header_text_shadow_style=&#8221;preset2&#8243; global_colors_info=&#8221;{}&#8221;]<\/p>\n<h1>ABChimie<\/h1>\n<p>Resins, conformal coatings, silicones, maintenance and cleaning solutions[\/et_pb_text][\/et_pb_column][\/et_pb_row][\/et_pb_section][et_pb_section fb_built=&#8221;1&#8243; specialty=&#8221;on&#8221; _builder_version=&#8221;4.27.2&#8243; _module_preset=&#8221;default&#8221; global_colors_info=&#8221;{}&#8221;][et_pb_column type=&#8221;1_4&#8243; _builder_version=&#8221;4.16&#8243; custom_padding=&#8221;|||&#8221; global_colors_info=&#8221;{}&#8221; custom_padding__hover=&#8221;|||&#8221;][et_pb_image src=&#8221;http:\/\/wp.advancedproser.com\/wp-content\/uploads\/2024\/12\/Logo-ABCHIMIE-GR.png&#8221; title_text=&#8221;Logo-ABCHIMIE-GR&#8221; _builder_version=&#8221;4.27.2&#8243; _module_preset=&#8221;default&#8221; global_colors_info=&#8221;{}&#8221;][\/et_pb_image][\/et_pb_column][et_pb_column type=&#8221;3_4&#8243; specialty_columns=&#8221;3&#8243; _builder_version=&#8221;4.16&#8243; custom_padding=&#8221;|||&#8221; global_colors_info=&#8221;{}&#8221; custom_padding__hover=&#8221;|||&#8221;][et_pb_row_inner _builder_version=&#8221;4.27.2&#8243; _module_preset=&#8221;default&#8221; global_colors_info=&#8221;{}&#8221;][et_pb_column_inner saved_specialty_column_type=&#8221;3_4&#8243; _builder_version=&#8221;4.27.2&#8243; _module_preset=&#8221;default&#8221; global_colors_info=&#8221;{}&#8221;][et_pb_text _builder_version=&#8221;4.27.2&#8243; _module_preset=&#8221;default&#8221; global_colors_info=&#8221;{}&#8221;]<\/p>\n<h2><strong>ABCHIMIE<\/strong><\/h2>\n<p><span>Sistemas de protecci\u00f3n y limpieza para la electr\u00f3nica. Barnices y productos complementarios especialmente formulados para circuitos impresos: sistemas acr\u00edlicos, poliuretanos en diferentes formatos.<\/span><\/p>\n<p>[\/et_pb_text][\/et_pb_column_inner][\/et_pb_row_inner][et_pb_row_inner column_structure=&#8221;1_3,1_3,1_3&#8243; _builder_version=&#8221;4.27.2&#8243; _module_preset=&#8221;default&#8221; global_colors_info=&#8221;{}&#8221;][et_pb_column_inner type=&#8221;1_3&#8243; saved_specialty_column_type=&#8221;3_4&#8243; _builder_version=&#8221;4.27.2&#8243; _module_preset=&#8221;default&#8221; global_colors_info=&#8221;{}&#8221;][et_pb_blurb url=&#8221;https:\/\/www.abchimie.com\/en\/&#8221; url_new_window=&#8221;on&#8221; use_icon=&#8221;on&#8221; font_icon=&#8221;&#xe0e3;||divi||400&#8243; icon_color=&#8221;#000000&#8243; image_icon_background_color=&#8221;RGBA(255,255,255,0)&#8221; image_icon_width=&#8221;200%&#8221; _builder_version=&#8221;4.27.2&#8243; _module_preset=&#8221;default&#8221; body_text_align=&#8221;center&#8221; body_text_color=&#8221;#000000&#8243; global_colors_info=&#8221;{}&#8221;]<\/p>\n<p><a href=\"https:\/\/www.abchimie.com\/en\/\">https:\/\/www.elantas.com\/<\/a><\/p>\n<p>[\/et_pb_blurb][\/et_pb_column_inner][et_pb_column_inner type=&#8221;1_3&#8243; saved_specialty_column_type=&#8221;3_4&#8243; _builder_version=&#8221;4.27.2&#8243; _module_preset=&#8221;default&#8221; global_colors_info=&#8221;{}&#8221;][et_pb_blurb url=&#8221;https:\/\/www.youtube.com\/channel\/UCF3OgrU-nvsNLLZ8SFmoqLw&#8221; url_new_window=&#8221;on&#8221; use_icon=&#8221;on&#8221; font_icon=&#8221;&#xe0a3;||divi||400&#8243; icon_color=&#8221;#E02B20&#8243; image_icon_background_color=&#8221;RGBA(255,255,255,0)&#8221; image_icon_width=&#8221;200%&#8221; _builder_version=&#8221;4.27.2&#8243; _module_preset=&#8221;default&#8221; body_text_align=&#8221;center&#8221; body_text_color=&#8221;#000000&#8243; global_colors_info=&#8221;{}&#8221;]ABchimie PCBA protection &#8211; YouTube[\/et_pb_blurb][\/et_pb_column_inner][et_pb_column_inner type=&#8221;1_3&#8243; saved_specialty_column_type=&#8221;3_4&#8243; _builder_version=&#8221;4.27.2&#8243; _module_preset=&#8221;default&#8221; global_colors_info=&#8221;{}&#8221;][et_pb_blurb url=&#8221;https:\/\/www.linkedin.com\/company\/abchimie\/&#8221; url_new_window=&#8221;on&#8221; use_icon=&#8221;on&#8221; font_icon=&#8221;&#xf08c;||fa||400&#8243; icon_color=&#8221;#0C71C3&#8243; image_icon_background_color=&#8221;RGBA(255,255,255,0)&#8221; image_icon_width=&#8221;200%&#8221; _builder_version=&#8221;4.27.2&#8243; _module_preset=&#8221;default&#8221; body_text_align=&#8221;center&#8221; body_text_color=&#8221;#000000&#8243; global_colors_info=&#8221;{}&#8221;]ABchimie PCBA Protection: Resumen | LinkedIn[\/et_pb_blurb][\/et_pb_column_inner][\/et_pb_row_inner][\/et_pb_column][\/et_pb_section][et_pb_section fb_built=&#8221;1&#8243; _builder_version=&#8221;4.27.2&#8243; _module_preset=&#8221;default&#8221; custom_padding=&#8221;17px|||||&#8221; global_colors_info=&#8221;{}&#8221;][et_pb_row _builder_version=&#8221;4.27.2&#8243; _module_preset=&#8221;default&#8221; global_colors_info=&#8221;{}&#8221;][et_pb_column type=&#8221;4_4&#8243; _builder_version=&#8221;4.27.2&#8243; _module_preset=&#8221;default&#8221; global_colors_info=&#8221;{}&#8221;][et_pb_heading title=&#8221;SELECTION CHARTS&#8221; _builder_version=&#8221;4.27.2&#8243; _module_preset=&#8221;default&#8221; global_colors_info=&#8221;{}&#8221;][\/et_pb_heading][\/et_pb_column][\/et_pb_row][et_pb_row column_structure=&#8221;1_3,1_3,1_3&#8243; use_custom_gutter=&#8221;on&#8221; gutter_width=&#8221;1&#8243; _builder_version=&#8221;4.27.2&#8243; _module_preset=&#8221;default&#8221; width=&#8221;100%&#8221; custom_padding=&#8221;8px||12px|||&#8221; global_colors_info=&#8221;{}&#8221;][et_pb_column type=&#8221;1_3&#8243; _builder_version=&#8221;4.27.2&#8243; _module_preset=&#8221;default&#8221; global_colors_info=&#8221;{}&#8221;][et_pb_blurb title=&#8221;Conformal Coatings_EN_Tab (abchimie.com)&#8221; url=&#8221;https:\/\/www.abchimie.com\/wp-content\/uploads\/2019\/01\/Conformal-Coatings_EN_Tab_Web.pdf&#8221; url_new_window=&#8221;on&#8221; image=&#8221;http:\/\/wp.advancedproser.com\/wp-content\/uploads\/2024\/10\/documentos-descarga.jpg&#8221; _builder_version=&#8221;4.27.2&#8243; _module_preset=&#8221;default&#8221; link_option_url_new_window=&#8221;on&#8221; global_colors_info=&#8221;{}&#8221;][\/et_pb_blurb][\/et_pb_column][et_pb_column type=&#8221;1_3&#8243; _builder_version=&#8221;4.27.2&#8243; _module_preset=&#8221;default&#8221; global_colors_info=&#8221;{}&#8221;][et_pb_blurb title=&#8221;SOLUTION_NETTOYAGE GB.pdf (abchimie.com)&#8221; url=&#8221;https:\/\/www.abchimie.com\/wp-content\/uploads\/2016\/11\/Tableau-solutions-de-nettoyage-GB-161118.pdf&#8221; url_new_window=&#8221;on&#8221; image=&#8221;http:\/\/wp.advancedproser.com\/wp-content\/uploads\/2024\/10\/documentos-descarga.jpg&#8221; _builder_version=&#8221;4.27.2&#8243; _module_preset=&#8221;default&#8221; link_option_url_new_window=&#8221;on&#8221; global_colors_info=&#8221;{}&#8221;][\/et_pb_blurb][\/et_pb_column][et_pb_column type=&#8221;1_3&#8243; _builder_version=&#8221;4.27.2&#8243; _module_preset=&#8221;default&#8221; global_colors_info=&#8221;{}&#8221;][et_pb_blurb title=&#8221;FICHE resines colles UV versionGB.pdf (abchimie.com)&#8221; url=&#8221;https:\/\/www.abchimie.com\/wp-content\/uploads\/2016\/11\/Tableau-resines-et-colles-UV-GB.pdf&#8221; url_new_window=&#8221;on&#8221; image=&#8221;http:\/\/wp.advancedproser.com\/wp-content\/uploads\/2024\/10\/documentos-descarga.jpg&#8221; _builder_version=&#8221;4.27.2&#8243; _module_preset=&#8221;default&#8221; link_option_url_new_window=&#8221;on&#8221; global_colors_info=&#8221;{}&#8221;][\/et_pb_blurb][\/et_pb_column][\/et_pb_row][\/et_pb_section][et_pb_section fb_built=&#8221;1&#8243; _builder_version=&#8221;4.27.2&#8243; _module_preset=&#8221;default&#8221; custom_padding=&#8221;17px|||||&#8221; global_colors_info=&#8221;{}&#8221;][et_pb_row _builder_version=&#8221;4.27.2&#8243; _module_preset=&#8221;default&#8221; global_colors_info=&#8221;{}&#8221;][et_pb_column type=&#8221;4_4&#8243; _builder_version=&#8221;4.27.2&#8243; _module_preset=&#8221;default&#8221; global_colors_info=&#8221;{}&#8221;][et_pb_heading title=&#8221;VIDEOS&#8221; _builder_version=&#8221;4.27.2&#8243; _module_preset=&#8221;default&#8221; global_colors_info=&#8221;{}&#8221;][\/et_pb_heading][\/et_pb_column][\/et_pb_row][et_pb_row column_structure=&#8221;1_2,1_2&#8243; use_custom_gutter=&#8221;on&#8221; gutter_width=&#8221;1&#8243; _builder_version=&#8221;4.27.2&#8243; _module_preset=&#8221;default&#8221; width=&#8221;100%&#8221; custom_padding=&#8221;8px|10px|12px|10px|false|true&#8221; global_colors_info=&#8221;{}&#8221;][et_pb_column type=&#8221;1_2&#8243; _builder_version=&#8221;4.27.2&#8243; _module_preset=&#8221;default&#8221; global_colors_info=&#8221;{}&#8221;][et_pb_video src=&#8221;https:\/\/youtu.be\/gO_LK2_b2og&#8221; _builder_version=&#8221;4.27.2&#8243; _module_preset=&#8221;default&#8221; width=&#8221;100%&#8221; max_width=&#8221;100%&#8221; custom_padding=&#8221;|10px||10px|false|true&#8221; global_colors_info=&#8221;{}&#8221;][\/et_pb_video][\/et_pb_column][et_pb_column type=&#8221;1_2&#8243; _builder_version=&#8221;4.27.2&#8243; _module_preset=&#8221;default&#8221; global_colors_info=&#8221;{}&#8221;][et_pb_video src=&#8221;https:\/\/youtu.be\/2DD8Mo31frc?si=AMso0lcreucF7Yqz&#8221; _builder_version=&#8221;4.27.2&#8243; _module_preset=&#8221;default&#8221; width=&#8221;100%&#8221; max_width=&#8221;100%&#8221; custom_padding=&#8221;|10px||10px|false|true&#8221; global_colors_info=&#8221;{}&#8221;][\/et_pb_video][\/et_pb_column][\/et_pb_row][et_pb_row column_structure=&#8221;1_2,1_2&#8243; use_custom_gutter=&#8221;on&#8221; gutter_width=&#8221;1&#8243; _builder_version=&#8221;4.27.2&#8243; _module_preset=&#8221;default&#8221; width=&#8221;100%&#8221; custom_padding=&#8221;8px|10px|12px|10px|false|true&#8221; global_colors_info=&#8221;{}&#8221;][et_pb_column type=&#8221;1_2&#8243; _builder_version=&#8221;4.27.2&#8243; _module_preset=&#8221;default&#8221; global_colors_info=&#8221;{}&#8221;][et_pb_video src=&#8221;https:\/\/youtu.be\/SEUEDCRnhm4?si=YsCXu3YFedxW3dPu&#8221; _builder_version=&#8221;4.27.2&#8243; _module_preset=&#8221;default&#8221; width=&#8221;100%&#8221; max_width=&#8221;100%&#8221; custom_padding=&#8221;|10px||10px|false|true&#8221; global_colors_info=&#8221;{}&#8221;][\/et_pb_video][\/et_pb_column][et_pb_column type=&#8221;1_2&#8243; _builder_version=&#8221;4.27.2&#8243; _module_preset=&#8221;default&#8221; global_colors_info=&#8221;{}&#8221;][et_pb_video src=&#8221;https:\/\/youtu.be\/O6CQmx5fK5E?si=GvjWzQ1TRPqT7ncI&#8221; _builder_version=&#8221;4.27.2&#8243; _module_preset=&#8221;default&#8221; width=&#8221;100%&#8221; max_width=&#8221;100%&#8221; custom_padding=&#8221;|10px||10px|false|true&#8221; global_colors_info=&#8221;{}&#8221;][\/et_pb_video][\/et_pb_column][\/et_pb_row][\/et_pb_section]<\/p>\n","protected":false},"excerpt":{"rendered":"<p>ABChimie Resins, conformal coatings, silicones, maintenance and cleaning solutionsABCHIMIE Sistemas de protecci\u00f3n y limpieza para la electr\u00f3nica. Barnices y productos complementarios especialmente formulados para circuitos impresos: sistemas acr\u00edlicos, poliuretanos en diferentes formatos.https:\/\/www.elantas.com\/ABchimie PCBA protection &#8211; YouTubeABchimie PCBA Protection: Resumen | LinkedIn<\/p>\n","protected":false},"author":2,"featured_media":0,"parent":0,"menu_order":0,"comment_status":"closed","ping_status":"closed","template":"","meta":{"_et_pb_use_builder":"on","_et_pb_old_content":"","_et_gb_content_width":"","footnotes":""},"class_list":["post-272","page","type-page","status-publish","hentry"],"yoast_head":"<!-- This site is optimized with the Yoast SEO plugin v27.3 - https:\/\/yoast.com\/product\/yoast-seo-wordpress\/ -->\n<title>ABChimie<\/title>\n<meta name=\"description\" content=\"[et_pb_section fb_built=&quot;1&quot; next_background_color=&quot;#ffffff&quot; _builder_version=&quot;4.27.2&quot; _module_preset=&quot;default&quot; use_background_color_gradient=&quot;on&quot; background_color_gradient_direction=&quot;294deg&quot; background_color_gradient_stops=&quot;#000000 0%|rgba(0,0,0,0.38) 100%&quot; background_image=&quot;http:\/\/wp.advancedproser.com\/wp-content\/uploads\/2024\/10\/slider-3.jpg&quot; background_blend=&quot;overlay&quot; bottom_divider_style=&quot;ramp&quot; bottom_divider_height=&quot;61px&quot; global_colors_info=&quot;{}&quot;][et_pb_row _builder_version=&quot;4.27.2&quot; _module_preset=&quot;default&quot; global_colors_info=&quot;{}&quot;][et_pb_column type=&quot;4_4&quot; _builder_version=&quot;4.27.2&quot; _module_preset=&quot;default&quot; global_colors_info=&quot;{}&quot;][et_pb_text _builder_version=&quot;4.27.2&quot; _module_preset=&quot;default&quot; text_text_color=&quot;#FFFFFF&quot; header_text_color=&quot;#FFFFFF&quot; header_font_size=&quot;34px&quot; header_text_shadow_style=&quot;preset2&quot; global_colors_info=&quot;{}&quot;]ABChimie Resins, conformal coatings, silicones, maintenance and cleaning solutions[\/et_pb_text][\/et_pb_column][\/et_pb_row][\/et_pb_section][et_pb_section fb_built=&quot;1&quot; specialty=&quot;on&quot; _builder_version=&quot;4.27.2&quot; _module_preset=&quot;default&quot; global_colors_info=&quot;{}&quot;][et_pb_column type=&quot;1_4&quot; _builder_version=&quot;4.16&quot; custom_padding=&quot;|||&quot; global_colors_info=&quot;{}&quot; custom_padding__hover=&quot;|||&quot;][et_pb_image src=&quot;http:\/\/wp.advancedproser.com\/wp-content\/uploads\/2024\/12\/Logo-ABCHIMIE-GR.png&quot; title_text=&quot;Logo-ABCHIMIE-GR&quot; _builder_version=&quot;4.27.2&quot; _module_preset=&quot;default&quot; global_colors_info=&quot;{}&quot;][\/et_pb_image][\/et_pb_column][et_pb_column type=&quot;3_4&quot; specialty_columns=&quot;3&quot; _builder_version=&quot;4.16&quot;&hellip;\" \/>\n<meta name=\"robots\" content=\"index, follow, max-snippet:-1, max-image-preview:large, max-video-preview:-1\" \/>\n<link rel=\"canonical\" href=\"\" \/>\n<meta property=\"og:locale\" content=\"ca_ES\" \/>\n<meta property=\"og:type\" content=\"article\" \/>\n<meta property=\"og:title\" content=\"ABChimie\" \/>\n<meta property=\"og:description\" content=\"[et_pb_section fb_built=&quot;1&quot; next_background_color=&quot;#ffffff&quot; _builder_version=&quot;4.27.2&quot; _module_preset=&quot;default&quot; use_background_color_gradient=&quot;on&quot; background_color_gradient_direction=&quot;294deg&quot; background_color_gradient_stops=&quot;#000000 0%|rgba(0,0,0,0.38) 100%&quot; background_image=&quot;http:\/\/wp.advancedproser.com\/wp-content\/uploads\/2024\/10\/slider-3.jpg&quot; background_blend=&quot;overlay&quot; bottom_divider_style=&quot;ramp&quot; bottom_divider_height=&quot;61px&quot; global_colors_info=&quot;{}&quot;][et_pb_row _builder_version=&quot;4.27.2&quot; _module_preset=&quot;default&quot; global_colors_info=&quot;{}&quot;][et_pb_column type=&quot;4_4&quot; _builder_version=&quot;4.27.2&quot; _module_preset=&quot;default&quot; global_colors_info=&quot;{}&quot;][et_pb_text _builder_version=&quot;4.27.2&quot; _module_preset=&quot;default&quot; text_text_color=&quot;#FFFFFF&quot; header_text_color=&quot;#FFFFFF&quot; header_font_size=&quot;34px&quot; header_text_shadow_style=&quot;preset2&quot; global_colors_info=&quot;{}&quot;]ABChimie Resins, conformal coatings, silicones, maintenance and cleaning solutions[\/et_pb_text][\/et_pb_column][\/et_pb_row][\/et_pb_section][et_pb_section fb_built=&quot;1&quot; specialty=&quot;on&quot; _builder_version=&quot;4.27.2&quot; _module_preset=&quot;default&quot; global_colors_info=&quot;{}&quot;][et_pb_column type=&quot;1_4&quot; _builder_version=&quot;4.16&quot; custom_padding=&quot;|||&quot; global_colors_info=&quot;{}&quot; custom_padding__hover=&quot;|||&quot;][et_pb_image src=&quot;http:\/\/wp.advancedproser.com\/wp-content\/uploads\/2024\/12\/Logo-ABCHIMIE-GR.png&quot; title_text=&quot;Logo-ABCHIMIE-GR&quot; _builder_version=&quot;4.27.2&quot; _module_preset=&quot;default&quot; global_colors_info=&quot;{}&quot;][\/et_pb_image][\/et_pb_column][et_pb_column type=&quot;3_4&quot; specialty_columns=&quot;3&quot; _builder_version=&quot;4.16&quot;&hellip;\" \/>\n<meta property=\"og:url\" content=\"https:\/\/advancedproser.com\/ca\/abchimie\/\" \/>\n<meta property=\"og:site_name\" content=\"advancedproser.com\" \/>\n<meta property=\"article:modified_time\" content=\"2025-04-21T09:14:02+00:00\" \/>\n<meta name=\"twitter:card\" content=\"summary_large_image\" \/>\n<script type=\"application\/ld+json\" class=\"yoast-schema-graph\">{\"@context\":\"https:\\\/\\\/schema.org\",\"@graph\":[{\"@type\":\"WebPage\",\"@id\":\"https:\\\/\\\/advancedproser.com\\\/ca\\\/abchimie\\\/\",\"url\":\"https:\\\/\\\/advancedproser.com\\\/ca\\\/abchimie\\\/\",\"name\":\"ABChimie - advancedproser.com\",\"isPartOf\":{\"@id\":\"https:\\\/\\\/advancedproser.com\\\/#website\"},\"datePublished\":\"2024-12-01T19:11:46+00:00\",\"dateModified\":\"2025-04-21T09:14:02+00:00\",\"breadcrumb\":{\"@id\":\"https:\\\/\\\/advancedproser.com\\\/ca\\\/abchimie\\\/#breadcrumb\"},\"inLanguage\":\"ca\",\"potentialAction\":[{\"@type\":\"ReadAction\",\"target\":[\"https:\\\/\\\/advancedproser.com\\\/ca\\\/abchimie\\\/\"]}]},{\"@type\":\"BreadcrumbList\",\"@id\":\"https:\\\/\\\/advancedproser.com\\\/ca\\\/abchimie\\\/#breadcrumb\",\"itemListElement\":[{\"@type\":\"ListItem\",\"position\":1,\"name\":\"Inicio\",\"item\":\"https:\\\/\\\/advancedproser.com\\\/\"},{\"@type\":\"ListItem\",\"position\":2,\"name\":\"ABChimie\"}]},{\"@type\":\"WebSite\",\"@id\":\"https:\\\/\\\/advancedproser.com\\\/ca\\\/#website\",\"url\":\"https:\\\/\\\/advancedproser.com\\\/ca\\\/\",\"name\":\"advancedproser.com\",\"description\":\"\",\"potentialAction\":[{\"@type\":\"SearchAction\",\"target\":{\"@type\":\"EntryPoint\",\"urlTemplate\":\"https:\\\/\\\/advancedproser.com\\\/ca\\\/?s={search_term_string}\"},\"query-input\":{\"@type\":\"PropertyValueSpecification\",\"valueRequired\":true,\"valueName\":\"search_term_string\"}}],\"inLanguage\":\"ca\"}]}<\/script>\n<!-- \/ Yoast SEO plugin. -->","yoast_head_json":{"title":"ABChimie","description":"[et_pb_section fb_built=\"1\" next_background_color=\"#ffffff\" _builder_version=\"4.27.2\" _module_preset=\"default\" use_background_color_gradient=\"on\" background_color_gradient_direction=\"294deg\" background_color_gradient_stops=\"#000000 0%|rgba(0,0,0,0.38) 100%\" background_image=\"http:\/\/wp.advancedproser.com\/wp-content\/uploads\/2024\/10\/slider-3.jpg\" background_blend=\"overlay\" bottom_divider_style=\"ramp\" bottom_divider_height=\"61px\" global_colors_info=\"{}\"][et_pb_row _builder_version=\"4.27.2\" _module_preset=\"default\" global_colors_info=\"{}\"][et_pb_column type=\"4_4\" _builder_version=\"4.27.2\" _module_preset=\"default\" global_colors_info=\"{}\"][et_pb_text _builder_version=\"4.27.2\" _module_preset=\"default\" text_text_color=\"#FFFFFF\" header_text_color=\"#FFFFFF\" header_font_size=\"34px\" header_text_shadow_style=\"preset2\" global_colors_info=\"{}\"]ABChimie Resins, conformal coatings, silicones, maintenance and cleaning solutions[\/et_pb_text][\/et_pb_column][\/et_pb_row][\/et_pb_section][et_pb_section fb_built=\"1\" specialty=\"on\" _builder_version=\"4.27.2\" _module_preset=\"default\" global_colors_info=\"{}\"][et_pb_column type=\"1_4\" _builder_version=\"4.16\" custom_padding=\"|||\" global_colors_info=\"{}\" custom_padding__hover=\"|||\"][et_pb_image src=\"http:\/\/wp.advancedproser.com\/wp-content\/uploads\/2024\/12\/Logo-ABCHIMIE-GR.png\" title_text=\"Logo-ABCHIMIE-GR\" _builder_version=\"4.27.2\" _module_preset=\"default\" global_colors_info=\"{}\"][\/et_pb_image][\/et_pb_column][et_pb_column type=\"3_4\" specialty_columns=\"3\" _builder_version=\"4.16\"&hellip;","robots":{"index":"index","follow":"follow","max-snippet":"max-snippet:-1","max-image-preview":"max-image-preview:large","max-video-preview":"max-video-preview:-1"},"canonical":"[et_pb_section fb_built=\"1\" next_background_color=\"#ffffff\" _builder_version=\"4.27.2\" _module_preset=\"default\" use_background_color_gradient=\"on\" background_color_gradient_direction=\"294deg\" background_color_gradient_stops=\"#000000 0%|rgba(0,0,0,0.38) 100%\" background_image=\"http:\/\/wp.advancedproser.com\/wp-content\/uploads\/2024\/10\/slider-3.jpg\" background_blend=\"overlay\" bottom_divider_style=\"ramp\" bottom_divider_height=\"61px\" global_colors_info=\"{}\"][et_pb_row _builder_version=\"4.27.2\" _module_preset=\"default\" global_colors_info=\"{}\"][et_pb_column type=\"4_4\" _builder_version=\"4.27.2\" _module_preset=\"default\" global_colors_info=\"{}\"][et_pb_text _builder_version=\"4.27.2\" _module_preset=\"default\" text_text_color=\"#FFFFFF\" header_text_color=\"#FFFFFF\" header_font_size=\"34px\" header_text_shadow_style=\"preset2\" global_colors_info=\"{}\"]ABChimie Resins, conformal coatings, silicones, maintenance and cleaning solutions[\/et_pb_text][\/et_pb_column][\/et_pb_row][\/et_pb_section][et_pb_section fb_built=\"1\" specialty=\"on\" _builder_version=\"4.27.2\" _module_preset=\"default\" global_colors_info=\"{}\"][et_pb_column type=\"1_4\" _builder_version=\"4.16\" custom_padding=\"|||\" global_colors_info=\"{}\" custom_padding__hover=\"|||\"][et_pb_image src=\"http:\/\/wp.advancedproser.com\/wp-content\/uploads\/2024\/12\/Logo-ABCHIMIE-GR.png\" title_text=\"Logo-ABCHIMIE-GR\" _builder_version=\"4.27.2\" _module_preset=\"default\" global_colors_info=\"{}\"][\/et_pb_image][\/et_pb_column][et_pb_column type=\"3_4\" specialty_columns=\"3\" _builder_version=\"4.16\"&hellip;","og_locale":"ca_ES","og_type":"article","og_title":"ABChimie","og_description":"[et_pb_section fb_built=\"1\" next_background_color=\"#ffffff\" _builder_version=\"4.27.2\" _module_preset=\"default\" use_background_color_gradient=\"on\" background_color_gradient_direction=\"294deg\" background_color_gradient_stops=\"#000000 0%|rgba(0,0,0,0.38) 100%\" background_image=\"http:\/\/wp.advancedproser.com\/wp-content\/uploads\/2024\/10\/slider-3.jpg\" background_blend=\"overlay\" bottom_divider_style=\"ramp\" bottom_divider_height=\"61px\" global_colors_info=\"{}\"][et_pb_row _builder_version=\"4.27.2\" _module_preset=\"default\" global_colors_info=\"{}\"][et_pb_column type=\"4_4\" _builder_version=\"4.27.2\" _module_preset=\"default\" global_colors_info=\"{}\"][et_pb_text _builder_version=\"4.27.2\" _module_preset=\"default\" text_text_color=\"#FFFFFF\" header_text_color=\"#FFFFFF\" header_font_size=\"34px\" header_text_shadow_style=\"preset2\" global_colors_info=\"{}\"]ABChimie Resins, conformal coatings, silicones, maintenance and cleaning solutions[\/et_pb_text][\/et_pb_column][\/et_pb_row][\/et_pb_section][et_pb_section fb_built=\"1\" specialty=\"on\" _builder_version=\"4.27.2\" _module_preset=\"default\" global_colors_info=\"{}\"][et_pb_column type=\"1_4\" _builder_version=\"4.16\" custom_padding=\"|||\" global_colors_info=\"{}\" custom_padding__hover=\"|||\"][et_pb_image src=\"http:\/\/wp.advancedproser.com\/wp-content\/uploads\/2024\/12\/Logo-ABCHIMIE-GR.png\" title_text=\"Logo-ABCHIMIE-GR\" _builder_version=\"4.27.2\" _module_preset=\"default\" global_colors_info=\"{}\"][\/et_pb_image][\/et_pb_column][et_pb_column type=\"3_4\" specialty_columns=\"3\" _builder_version=\"4.16\"&hellip;","og_url":"https:\/\/advancedproser.com\/ca\/abchimie\/","og_site_name":"advancedproser.com","article_modified_time":"2025-04-21T09:14:02+00:00","twitter_card":"summary_large_image","schema":{"@context":"https:\/\/schema.org","@graph":[{"@type":"WebPage","@id":"https:\/\/advancedproser.com\/ca\/abchimie\/","url":"https:\/\/advancedproser.com\/ca\/abchimie\/","name":"ABChimie - advancedproser.com","isPartOf":{"@id":"https:\/\/advancedproser.com\/#website"},"datePublished":"2024-12-01T19:11:46+00:00","dateModified":"2025-04-21T09:14:02+00:00","breadcrumb":{"@id":"https:\/\/advancedproser.com\/ca\/abchimie\/#breadcrumb"},"inLanguage":"ca","potentialAction":[{"@type":"ReadAction","target":["https:\/\/advancedproser.com\/ca\/abchimie\/"]}]},{"@type":"BreadcrumbList","@id":"https:\/\/advancedproser.com\/ca\/abchimie\/#breadcrumb","itemListElement":[{"@type":"ListItem","position":1,"name":"Inicio","item":"https:\/\/advancedproser.com\/"},{"@type":"ListItem","position":2,"name":"ABChimie"}]},{"@type":"WebSite","@id":"https:\/\/advancedproser.com\/ca\/#website","url":"https:\/\/advancedproser.com\/ca\/","name":"advancedproser.com","description":"","potentialAction":[{"@type":"SearchAction","target":{"@type":"EntryPoint","urlTemplate":"https:\/\/advancedproser.com\/ca\/?s={search_term_string}"},"query-input":{"@type":"PropertyValueSpecification","valueRequired":true,"valueName":"search_term_string"}}],"inLanguage":"ca"}]}},"_links":{"self":[{"href":"https:\/\/advancedproser.com\/ca\/wp-json\/wp\/v2\/pages\/272","targetHints":{"allow":["GET"]}}],"collection":[{"href":"https:\/\/advancedproser.com\/ca\/wp-json\/wp\/v2\/pages"}],"about":[{"href":"https:\/\/advancedproser.com\/ca\/wp-json\/wp\/v2\/types\/page"}],"author":[{"embeddable":true,"href":"https:\/\/advancedproser.com\/ca\/wp-json\/wp\/v2\/users\/2"}],"replies":[{"embeddable":true,"href":"https:\/\/advancedproser.com\/ca\/wp-json\/wp\/v2\/comments?post=272"}],"version-history":[{"count":7,"href":"https:\/\/advancedproser.com\/ca\/wp-json\/wp\/v2\/pages\/272\/revisions"}],"predecessor-version":[{"id":631,"href":"https:\/\/advancedproser.com\/ca\/wp-json\/wp\/v2\/pages\/272\/revisions\/631"}],"wp:attachment":[{"href":"https:\/\/advancedproser.com\/ca\/wp-json\/wp\/v2\/media?parent=272"}],"curies":[{"name":"wp","href":"https:\/\/api.w.org\/{rel}","templated":true}]}}