{"id":248,"date":"2024-12-01T18:49:40","date_gmt":"2024-12-01T18:49:40","guid":{"rendered":"https:\/\/wp.advancedproser.com\/?page_id=248"},"modified":"2025-02-20T12:15:31","modified_gmt":"2025-02-20T12:15:31","slug":"aplicaciones-opticas","status":"publish","type":"page","link":"https:\/\/advancedproser.com\/ca\/aplicaciones-opticas\/","title":{"rendered":"Aplicaciones \u00f3pticas"},"content":{"rendered":"<p>[et_pb_section fb_built=&#8221;1&#8243; next_background_color=&#8221;#ffffff&#8221; _builder_version=&#8221;4.27.2&#8243; _module_preset=&#8221;default&#8221; use_background_color_gradient=&#8221;on&#8221; background_color_gradient_direction=&#8221;328deg&#8221; background_color_gradient_stops=&#8221;#000000 1%|rgba(0,0,0,0.41) 100%&#8221; background_image=&#8221;http:\/\/wp.advancedproser.com\/wp-content\/uploads\/2024\/10\/slider-2.jpg&#8221; background_blend=&#8221;multiply&#8221; bottom_divider_style=&#8221;ramp&#8221; bottom_divider_height=&#8221;61px&#8221; global_colors_info=&#8221;{}&#8221;][et_pb_row _builder_version=&#8221;4.27.2&#8243; _module_preset=&#8221;default&#8221; global_colors_info=&#8221;{}&#8221;][et_pb_column type=&#8221;4_4&#8243; _builder_version=&#8221;4.27.2&#8243; _module_preset=&#8221;default&#8221; global_colors_info=&#8221;{}&#8221;][et_pb_text _builder_version=&#8221;4.27.2&#8243; _module_preset=&#8221;default&#8221; text_text_color=&#8221;#FFFFFF&#8221; header_text_color=&#8221;#FFFFFF&#8221; header_font_size=&#8221;34px&#8221; content_en_us=&#8221;<\/p>\n<h1>Optical Applications<\/h1>\n<p>Protection for optics and LED lighting<br \/>\n&#8221; content_ca=&#8221;<\/p>\n<h1>Aplicacions \u00d2ptiques<\/h1>\n<p>Protecci\u00f3 per a \u00f2ptiques i il\u00b7luminaci\u00f3 LED<br \/>\n&#8221; header_text_shadow_style=&#8221;preset2&#8243; global_colors_info=&#8221;{}&#8221;]<\/p>\n<h1>Aplicaciones \u00f3pticas<\/h1>\n<p>Protecci\u00f3n para \u00f3pticas e iluminaciones LED<\/p>\n<p>[\/et_pb_text][\/et_pb_column][\/et_pb_row][\/et_pb_section][et_pb_section fb_built=&#8221;1&#8243; module_id=&#8221;optica-optronica-e-iluminacion-led&#8221; _builder_version=&#8221;4.27.2&#8243; _module_preset=&#8221;default&#8221; background_image=&#8221;http:\/\/wp.advancedproser.com\/wp-content\/uploads\/2024\/10\/fondo-1-scaled.jpg&#8221; background_size=&#8221;initial&#8221; global_colors_info=&#8221;{}&#8221;][et_pb_row column_structure=&#8221;2_5,3_5&#8243; _builder_version=&#8221;4.27.2&#8243; _module_preset=&#8221;default&#8221; global_colors_info=&#8221;{}&#8221;][et_pb_column type=&#8221;2_5&#8243; _builder_version=&#8221;4.27.2&#8243; _module_preset=&#8221;default&#8221; global_colors_info=&#8221;{}&#8221;][et_pb_image src=&#8221;http:\/\/wp.advancedproser.com\/wp-content\/uploads\/2025\/02\/aplicaciones-optica-composicion.png&#8221; alt=&#8221;aplicaciones optica&#8221; title_text=&#8221;aplicaciones optica&#8221; _builder_version=&#8221;4.27.2&#8243; _module_preset=&#8221;default&#8221; hover_enabled=&#8221;0&#8243; global_colors_info=&#8221;{}&#8221; sticky_enabled=&#8221;0&#8243;][\/et_pb_image][\/et_pb_column][et_pb_column type=&#8221;3_5&#8243; _builder_version=&#8221;4.27.2&#8243; _module_preset=&#8221;default&#8221; global_colors_info=&#8221;{}&#8221;][et_pb_text _builder_version=&#8221;4.27.2&#8243; _module_preset=&#8221;default&#8221; content_en_us=&#8221;<\/p>\n<h2><b>OPTICS, OPTRONICS, AND LED LIGHTING<\/b><\/h2>\n<p><span style=%22font-weight: 400;%22>Fixation and protection applications in optics and LED lighting require specially formulated products, considering the following aspects:<\/span>  <\/p>\n<ul>\n<li style=%22font-weight: 400;%22 aria-level=%221%22><span style=%22font-weight: 400;%22>Excellent transparency and long-term resistance to yellowing.<\/span><\/li>\n<li style=%22font-weight: 400;%22 aria-level=%221%22><span style=%22font-weight: 400;%22>Very low or total absence of vapor emissions.<\/span><\/li>\n<li style=%22font-weight: 400;%22 aria-level=%221%22><span style=%22font-weight: 400;%22>Compatibility with extensive adhesion surfaces.<\/span><\/li>\n<li style=%22font-weight: 400;%22 aria-level=%221%22><span style=%22font-weight: 400;%22>Good adhesion on substrates such as glass, PC, PMMA, aluminum, etc.<\/span><\/li>\n<li style=%22font-weight: 400;%22 aria-level=%221%22><span style=%22font-weight: 400;%22>Resistance to very harsh climatic conditions.<\/span><\/li>\n<\/ul>\n<p><span style=%22font-weight: 400;%22>At APS, we are experts in products specially adapted for applications in this field, covering the following types:<\/span>  <\/p>\n<ul>\n<li style=%22font-weight: 400;%22 aria-level=%221%22><span style=%22font-weight: 400;%22>Optical-grade transparent encapsulants.<\/span><\/li>\n<li style=%22font-weight: 400;%22 aria-level=%221%22><span style=%22font-weight: 400;%22>Transparent conformal coatings compatible with LEDs.<\/span><\/li>\n<li style=%22font-weight: 400;%22 aria-level=%221%22><span style=%22font-weight: 400;%22>Fully transparent adhesives with very low vapor emissions and high yellowing resistance.<\/span><\/li>\n<\/ul>\n<p><span style=%22font-weight: 400;%22>We cover all aspects of defining and selecting the most suitable technology and product for your needs, as well as the industrialization and configuration of the most efficient production process.<\/span><br \/>\n&#8221; content_ca=&#8221;<\/p>\n<h2><b>\u00d2PTICA, OPTR\u00d2NICA I IL\u00b7LUMINACI\u00d3 LED<\/b><\/h2>\n<p><span style=%22font-weight: 400;%22>Les aplicacions de fixaci\u00f3 i protecci\u00f3 en \u00f2ptica i il\u00b7luminaci\u00f3 LED requereixen productes especialment formulats, tenint en compte els aspectes seg\u00fcents:<\/span>  <\/p>\n<ul>\n<li style=%22font-weight: 400;%22 aria-level=%221%22><span style=%22font-weight: 400;%22>Excel\u00b7lent transpar\u00e8ncia i resist\u00e8ncia a l\u2019engroguiment a llarg termini.<\/span><\/li>\n<li style=%22font-weight: 400;%22 aria-level=%221%22><span style=%22font-weight: 400;%22>Emissi\u00f3 de vapors molt baixa o totalment absent.<\/span><\/li>\n<li style=%22font-weight: 400;%22 aria-level=%221%22><span style=%22font-weight: 400;%22>Compatibilitat amb superf\u00edcies d\u2019adhesi\u00f3 extenses.<\/span><\/li>\n<li style=%22font-weight: 400;%22 aria-level=%221%22><span style=%22font-weight: 400;%22>Bona adhesi\u00f3 sobre substrats com vidre, PC, PMMA, alumini, etc.<\/span><\/li>\n<li style=%22font-weight: 400;%22 aria-level=%221%22><span style=%22font-weight: 400;%22>Resist\u00e8ncia a condicions clim\u00e0tiques molt severes.<\/span><\/li>\n<\/ul>\n<p><span style=%22font-weight: 400;%22>A APS som experts en productes especialment adaptats a aplicacions en aquest \u00e0mbit, cobrint les tipologies seg\u00fcents:<\/span>  <\/p>\n<ul>\n<li style=%22font-weight: 400;%22 aria-level=%221%22><span style=%22font-weight: 400;%22>Encapsulants transparents de grau \u00f2ptic.<\/span><\/li>\n<li style=%22font-weight: 400;%22 aria-level=%221%22><span style=%22font-weight: 400;%22>Recobriments conformables transparents i compatibles amb LEDs.<\/span><\/li>\n<li style=%22font-weight: 400;%22 aria-level=%221%22><span style=%22font-weight: 400;%22>Adhesius totalment transparents amb molt baixa emissi\u00f3 de vapors i resistents a l\u2019engroguiment.<\/span><\/li>\n<\/ul>\n<p><span style=%22font-weight: 400;%22>Cobrim tots els aspectes de definici\u00f3 i selecci\u00f3 de la tecnologia i producte m\u00e9s adequat a les seves necessitats, aix\u00ed com la industrialitzaci\u00f3 i configuraci\u00f3 del proc\u00e9s productiu m\u00e9s eficient.<\/span><br \/>\n&#8221; global_colors_info=&#8221;{}&#8221;]<\/p>\n<h2><b>OPTICA, OPTRONICA E ILUMINACION LED<\/b><\/h2>\n<p><span style=\"font-weight: 400;\">Las aplicaciones de fijaci\u00f3n y protecci\u00f3n en \u00f3ptica e iluminaci\u00f3n LED requieren de productos especialmente formulados, atendiendo a los siguientes aspectos:<\/span><\/p>\n<ul>\n<li style=\"font-weight: 400;\" aria-level=\"1\"><span style=\"font-weight: 400;\">Excelente transparencia y resistencia al amarilleo a largo plazo.<\/span><\/li>\n<li style=\"font-weight: 400;\" aria-level=\"1\"><span style=\"font-weight: 400;\">Muy baja o total ausencia de emisi\u00f3n de vapores.<\/span><\/li>\n<li style=\"font-weight: 400;\" aria-level=\"1\"><span style=\"font-weight: 400;\">Compatibilidad con superficies de adhesi\u00f3n extensas.<\/span><\/li>\n<li style=\"font-weight: 400;\" aria-level=\"1\"><span style=\"font-weight: 400;\">Buena adhesi\u00f3n sobre sustratos como vidrio, PC, PMMA, aluminio, etc\u2026<\/span><\/li>\n<li style=\"font-weight: 400;\" aria-level=\"1\"><span style=\"font-weight: 400;\">Resistencia a condiciones clim\u00e1ticas muy severas.<\/span><\/li>\n<\/ul>\n<p><span style=\"font-weight: 400;\">En APS somos expertos en productos especialmente adaptados a aplicaciones en este terreno, cubriendo las siguientes tipolog\u00edas:<\/span><\/p>\n<ul>\n<li style=\"font-weight: 400;\" aria-level=\"1\"><span style=\"font-weight: 400;\">Encapsulantes transparentes de grado \u00f3ptico.<\/span><\/li>\n<li style=\"font-weight: 400;\" aria-level=\"1\"><span style=\"font-weight: 400;\">Recubrimientos conformables transparentes y compatibles con LEDs.<\/span><\/li>\n<li style=\"font-weight: 400;\" aria-level=\"1\"><span style=\"font-weight: 400;\">Adhesivos totalmente transparentes con muy baja emisi\u00f3n de vapores y resistentes al amarilleo.<\/span><\/li>\n<\/ul>\n<p><span style=\"font-weight: 400;\">Cubrimos todos los aspectos de definici\u00f3n y selecci\u00f3n de la tecnolog\u00eda y producto m\u00e1s adecuado a sus necesidades, as\u00ed como de industrializaci\u00f3n y configuraci\u00f3n del proceso productivo m\u00e1s eficiente.<\/span><\/p>\n<p><span style=\"font-weight: 400;\">\u00a0<\/span><\/p>\n<p>[\/et_pb_text][\/et_pb_column][\/et_pb_row][\/et_pb_section]<\/p>\n","protected":false},"excerpt":{"rendered":"<p>Aplicaciones \u00f3pticas Protecci\u00f3n para \u00f3pticas e iluminaciones LEDOPTICA, OPTRONICA E ILUMINACION LED Las aplicaciones de fijaci\u00f3n y protecci\u00f3n en \u00f3ptica e iluminaci\u00f3n LED requieren de productos especialmente formulados, atendiendo a los siguientes aspectos: Excelente transparencia y resistencia al amarilleo a largo plazo. Muy baja o total ausencia de emisi\u00f3n de vapores. Compatibilidad con superficies de [&hellip;]<\/p>\n","protected":false},"author":1,"featured_media":214,"parent":0,"menu_order":0,"comment_status":"closed","ping_status":"closed","template":"","meta":{"_et_pb_use_builder":"on","_et_pb_old_content":"","_et_gb_content_width":"","footnotes":""},"class_list":["post-248","page","type-page","status-publish","has-post-thumbnail","hentry"],"yoast_head":"<!-- This site is optimized with the Yoast SEO plugin v27.3 - https:\/\/yoast.com\/product\/yoast-seo-wordpress\/ -->\n<title>Aplicaciones \u00f3pticas<\/title>\n<meta name=\"description\" content=\"Aplicaciones \u00f3pticas: OPTICA, OPTRONICA E ILUMINACION LED: Encapsulantes transparentes de grado \u00f3ptico.Recubrimientos conformables transparentes y compatibles con LEDs. Adhesivos totalmente transparentes con muy baja emisi\u00f3n de vapores y resistentes al amarilleo.\" \/>\n<meta name=\"robots\" content=\"index, follow, max-snippet:-1, max-image-preview:large, max-video-preview:-1\" \/>\n<link rel=\"canonical\" href=\"\" \/>\n<meta property=\"og:locale\" content=\"ca_ES\" \/>\n<meta property=\"og:type\" content=\"article\" \/>\n<meta property=\"og:title\" content=\"Aplicaciones \u00f3pticas\" \/>\n<meta property=\"og:description\" content=\"Aplicaciones \u00f3pticas: OPTICA, OPTRONICA E ILUMINACION LED: Encapsulantes transparentes de grado \u00f3ptico.Recubrimientos conformables transparentes y compatibles con LEDs. Adhesivos totalmente transparentes con muy baja emisi\u00f3n de vapores y resistentes al amarilleo.\" \/>\n<meta property=\"og:url\" content=\"https:\/\/advancedproser.com\/ca\/aplicaciones-opticas\/\" \/>\n<meta property=\"og:site_name\" content=\"advancedproser.com\" \/>\n<meta property=\"article:modified_time\" content=\"2025-02-20T12:15:31+00:00\" \/>\n<meta property=\"og:image\" content=\"https:\/\/advancedproser.com\/wp-content\/uploads\/2024\/12\/aplicacion-9.png\" \/>\n\t<meta property=\"og:image:width\" content=\"240\" \/>\n\t<meta property=\"og:image:height\" content=\"240\" \/>\n\t<meta property=\"og:image:type\" content=\"image\/png\" \/>\n<meta name=\"twitter:card\" content=\"summary_large_image\" \/>\n<meta name=\"twitter:label1\" content=\"Temps estimat de lectura\" \/>\n\t<meta name=\"twitter:data1\" content=\"2 minuts\" \/>\n<script type=\"application\/ld+json\" class=\"yoast-schema-graph\">{\"@context\":\"https:\\\/\\\/schema.org\",\"@graph\":[{\"@type\":\"WebPage\",\"@id\":\"https:\\\/\\\/advancedproser.com\\\/ca\\\/aplicaciones-opticas\\\/\",\"url\":\"https:\\\/\\\/advancedproser.com\\\/ca\\\/aplicaciones-opticas\\\/\",\"name\":\"Aplicaciones \u00f3pticas - advancedproser.com\",\"isPartOf\":{\"@id\":\"https:\\\/\\\/advancedproser.com\\\/#website\"},\"primaryImageOfPage\":{\"@id\":\"https:\\\/\\\/advancedproser.com\\\/ca\\\/aplicaciones-opticas\\\/#primaryimage\"},\"image\":{\"@id\":\"https:\\\/\\\/advancedproser.com\\\/ca\\\/aplicaciones-opticas\\\/#primaryimage\"},\"thumbnailUrl\":\"https:\\\/\\\/advancedproser.com\\\/wp-content\\\/uploads\\\/2024\\\/12\\\/aplicacion-9.png\",\"datePublished\":\"2024-12-01T18:49:40+00:00\",\"dateModified\":\"2025-02-20T12:15:31+00:00\",\"description\":\"Aplicaciones \u00f3pticas: OPTICA, OPTRONICA E ILUMINACION LED: Encapsulantes transparentes de grado \u00f3ptico.Recubrimientos conformables transparentes y compatibles con LEDs. Adhesivos totalmente transparentes con muy baja emisi\u00f3n de vapores y resistentes al amarilleo.\",\"breadcrumb\":{\"@id\":\"https:\\\/\\\/advancedproser.com\\\/ca\\\/aplicaciones-opticas\\\/#breadcrumb\"},\"inLanguage\":\"ca\",\"potentialAction\":[{\"@type\":\"ReadAction\",\"target\":[\"https:\\\/\\\/advancedproser.com\\\/ca\\\/aplicaciones-opticas\\\/\"]}]},{\"@type\":\"ImageObject\",\"inLanguage\":\"ca\",\"@id\":\"https:\\\/\\\/advancedproser.com\\\/ca\\\/aplicaciones-opticas\\\/#primaryimage\",\"url\":\"https:\\\/\\\/advancedproser.com\\\/wp-content\\\/uploads\\\/2024\\\/12\\\/aplicacion-9.png\",\"contentUrl\":\"https:\\\/\\\/advancedproser.com\\\/wp-content\\\/uploads\\\/2024\\\/12\\\/aplicacion-9.png\",\"width\":240,\"height\":240},{\"@type\":\"BreadcrumbList\",\"@id\":\"https:\\\/\\\/advancedproser.com\\\/ca\\\/aplicaciones-opticas\\\/#breadcrumb\",\"itemListElement\":[{\"@type\":\"ListItem\",\"position\":1,\"name\":\"Inicio\",\"item\":\"https:\\\/\\\/advancedproser.com\\\/\"},{\"@type\":\"ListItem\",\"position\":2,\"name\":\"Aplicaciones \u00f3pticas\"}]},{\"@type\":\"WebSite\",\"@id\":\"https:\\\/\\\/advancedproser.com\\\/ca\\\/#website\",\"url\":\"https:\\\/\\\/advancedproser.com\\\/ca\\\/\",\"name\":\"advancedproser.com\",\"description\":\"\",\"potentialAction\":[{\"@type\":\"SearchAction\",\"target\":{\"@type\":\"EntryPoint\",\"urlTemplate\":\"https:\\\/\\\/advancedproser.com\\\/ca\\\/?s={search_term_string}\"},\"query-input\":{\"@type\":\"PropertyValueSpecification\",\"valueRequired\":true,\"valueName\":\"search_term_string\"}}],\"inLanguage\":\"ca\"}]}<\/script>\n<!-- \/ Yoast SEO plugin. -->","yoast_head_json":{"title":"Aplicaciones \u00f3pticas","description":"Aplicaciones \u00f3pticas: OPTICA, OPTRONICA E ILUMINACION LED: Encapsulantes transparentes de grado \u00f3ptico.Recubrimientos conformables transparentes y compatibles con LEDs. Adhesivos totalmente transparentes con muy baja emisi\u00f3n de vapores y resistentes al amarilleo.","robots":{"index":"index","follow":"follow","max-snippet":"max-snippet:-1","max-image-preview":"max-image-preview:large","max-video-preview":"max-video-preview:-1"},"canonical":"[et_pb_section fb_built=\"1\" next_background_color=\"#ffffff\" _builder_version=\"4.27.2\" _module_preset=\"default\" use_background_color_gradient=\"on\" background_color_gradient_direction=\"328deg\" background_color_gradient_stops=\"#000000 1%|rgba(0,0,0,0.41) 100%\" background_image=\"http:\/\/wp.advancedproser.com\/wp-content\/uploads\/2024\/10\/slider-2.jpg\" background_blend=\"multiply\" bottom_divider_style=\"ramp\" bottom_divider_height=\"61px\" global_colors_info=\"{}\"][et_pb_row _builder_version=\"4.27.2\" _module_preset=\"default\" global_colors_info=\"{}\"][et_pb_column type=\"4_4\" _builder_version=\"4.27.2\" _module_preset=\"default\" global_colors_info=\"{}\"][et_pb_text _builder_version=\"4.27.2\" _module_preset=\"default\" text_text_color=\"#FFFFFF\" header_text_color=\"#FFFFFF\" header_font_size=\"34px\" content_en_us=\"Optical Applications Protection for optics and LED lighting \" content_ca=\"Aplicacions \u00d2ptiques Protecci\u00f3 per a \u00f2ptiques i il\u00b7luminaci\u00f3 LED \" header_text_shadow_style=\"preset2\" global_colors_info=\"{}\"]Aplicaciones \u00f3pticas Protecci\u00f3n para \u00f3pticas e iluminaciones LED[\/et_pb_text][\/et_pb_column][\/et_pb_row][\/et_pb_section][et_pb_section&hellip;","og_locale":"ca_ES","og_type":"article","og_title":"Aplicaciones \u00f3pticas","og_description":"Aplicaciones \u00f3pticas: OPTICA, OPTRONICA E ILUMINACION LED: Encapsulantes transparentes de grado \u00f3ptico.Recubrimientos conformables transparentes y compatibles con LEDs. Adhesivos totalmente transparentes con muy baja emisi\u00f3n de vapores y resistentes al amarilleo.","og_url":"https:\/\/advancedproser.com\/ca\/aplicaciones-opticas\/","og_site_name":"advancedproser.com","article_modified_time":"2025-02-20T12:15:31+00:00","og_image":[{"width":240,"height":240,"url":"https:\/\/advancedproser.com\/wp-content\/uploads\/2024\/12\/aplicacion-9.png","type":"image\/png"}],"twitter_card":"summary_large_image","twitter_misc":{"Temps estimat de lectura":"2 minuts"},"schema":{"@context":"https:\/\/schema.org","@graph":[{"@type":"WebPage","@id":"https:\/\/advancedproser.com\/ca\/aplicaciones-opticas\/","url":"https:\/\/advancedproser.com\/ca\/aplicaciones-opticas\/","name":"Aplicaciones \u00f3pticas - advancedproser.com","isPartOf":{"@id":"https:\/\/advancedproser.com\/#website"},"primaryImageOfPage":{"@id":"https:\/\/advancedproser.com\/ca\/aplicaciones-opticas\/#primaryimage"},"image":{"@id":"https:\/\/advancedproser.com\/ca\/aplicaciones-opticas\/#primaryimage"},"thumbnailUrl":"https:\/\/advancedproser.com\/wp-content\/uploads\/2024\/12\/aplicacion-9.png","datePublished":"2024-12-01T18:49:40+00:00","dateModified":"2025-02-20T12:15:31+00:00","description":"Aplicaciones \u00f3pticas: OPTICA, OPTRONICA E ILUMINACION LED: Encapsulantes transparentes de grado \u00f3ptico.Recubrimientos conformables transparentes y compatibles con LEDs. Adhesivos totalmente transparentes con muy baja emisi\u00f3n de vapores y resistentes al amarilleo.","breadcrumb":{"@id":"https:\/\/advancedproser.com\/ca\/aplicaciones-opticas\/#breadcrumb"},"inLanguage":"ca","potentialAction":[{"@type":"ReadAction","target":["https:\/\/advancedproser.com\/ca\/aplicaciones-opticas\/"]}]},{"@type":"ImageObject","inLanguage":"ca","@id":"https:\/\/advancedproser.com\/ca\/aplicaciones-opticas\/#primaryimage","url":"https:\/\/advancedproser.com\/wp-content\/uploads\/2024\/12\/aplicacion-9.png","contentUrl":"https:\/\/advancedproser.com\/wp-content\/uploads\/2024\/12\/aplicacion-9.png","width":240,"height":240},{"@type":"BreadcrumbList","@id":"https:\/\/advancedproser.com\/ca\/aplicaciones-opticas\/#breadcrumb","itemListElement":[{"@type":"ListItem","position":1,"name":"Inicio","item":"https:\/\/advancedproser.com\/"},{"@type":"ListItem","position":2,"name":"Aplicaciones \u00f3pticas"}]},{"@type":"WebSite","@id":"https:\/\/advancedproser.com\/ca\/#website","url":"https:\/\/advancedproser.com\/ca\/","name":"advancedproser.com","description":"","potentialAction":[{"@type":"SearchAction","target":{"@type":"EntryPoint","urlTemplate":"https:\/\/advancedproser.com\/ca\/?s={search_term_string}"},"query-input":{"@type":"PropertyValueSpecification","valueRequired":true,"valueName":"search_term_string"}}],"inLanguage":"ca"}]}},"_links":{"self":[{"href":"https:\/\/advancedproser.com\/ca\/wp-json\/wp\/v2\/pages\/248","targetHints":{"allow":["GET"]}}],"collection":[{"href":"https:\/\/advancedproser.com\/ca\/wp-json\/wp\/v2\/pages"}],"about":[{"href":"https:\/\/advancedproser.com\/ca\/wp-json\/wp\/v2\/types\/page"}],"author":[{"embeddable":true,"href":"https:\/\/advancedproser.com\/ca\/wp-json\/wp\/v2\/users\/1"}],"replies":[{"embeddable":true,"href":"https:\/\/advancedproser.com\/ca\/wp-json\/wp\/v2\/comments?post=248"}],"version-history":[{"count":5,"href":"https:\/\/advancedproser.com\/ca\/wp-json\/wp\/v2\/pages\/248\/revisions"}],"predecessor-version":[{"id":612,"href":"https:\/\/advancedproser.com\/ca\/wp-json\/wp\/v2\/pages\/248\/revisions\/612"}],"wp:featuredmedia":[{"embeddable":true,"href":"https:\/\/advancedproser.com\/ca\/wp-json\/wp\/v2\/media\/214"}],"wp:attachment":[{"href":"https:\/\/advancedproser.com\/ca\/wp-json\/wp\/v2\/media?parent=248"}],"curies":[{"name":"wp","href":"https:\/\/api.w.org\/{rel}","templated":true}]}}