{"id":196,"date":"2024-12-01T17:42:30","date_gmt":"2024-12-01T17:42:30","guid":{"rendered":"https:\/\/wp.advancedproser.com\/?page_id=196"},"modified":"2025-04-21T08:59:00","modified_gmt":"2025-04-21T08:59:00","slug":"recursos","status":"publish","type":"page","link":"https:\/\/advancedproser.com\/ca\/recursos\/","title":{"rendered":"Recursos"},"content":{"rendered":"<p>[et_pb_section fb_built=&#8221;1&#8243; next_background_color=&#8221;#ffffff&#8221; _builder_version=&#8221;4.27.2&#8243; _module_preset=&#8221;default&#8221; use_background_color_gradient=&#8221;on&#8221; background_color_gradient_direction=&#8221;270deg&#8221; background_color_gradient_stops=&#8221;#000000 0%|rgba(0,0,0,0.54) 100%&#8221; background_image=&#8221;http:\/\/wp.advancedproser.com\/wp-content\/uploads\/2025\/02\/slider-advancedproser-2.jpg&#8221; background_blend=&#8221;overlay&#8221; bottom_divider_style=&#8221;ramp&#8221; bottom_divider_height=&#8221;52px&#8221; global_colors_info=&#8221;{}&#8221;][et_pb_row _builder_version=&#8221;4.27.2&#8243; _module_preset=&#8221;default&#8221; global_colors_info=&#8221;{}&#8221;][et_pb_column type=&#8221;4_4&#8243; _builder_version=&#8221;4.27.2&#8243; _module_preset=&#8221;default&#8221; global_colors_info=&#8221;{}&#8221;][et_pb_text _builder_version=&#8221;4.27.2&#8243; _module_preset=&#8221;default&#8221; text_text_color=&#8221;#FFFFFF&#8221; header_text_color=&#8221;#FFFFFF&#8221; header_font_size=&#8221;34px&#8221; content_en_us=&#8221;<\/p>\n<h1>Resources<\/h1>\n<p><span>Adhesion technologies and equipment, especially focused on electronics.<\/span><br \/>\n&#8221; content_ca=&#8221;<\/p>\n<h1>Recursos<\/h1>\n<p><span>Tecnologies i equips d\u2019adhesi\u00f3, especialment enfocats a l\u2019electr\u00f2nica.<\/span><br \/>\n&#8221; header_text_shadow_style=&#8221;preset2&#8243; global_colors_info=&#8221;{}&#8221;]<\/p>\n<h1>Recursos<\/h1>\n<p><span>Tecnolog\u00edas y equipos de adhesi\u00f3n, especialmente enfocado a electr\u00f3nica.<\/span><\/p>\n<p>[\/et_pb_text][\/et_pb_column][\/et_pb_row][\/et_pb_section][et_pb_section fb_built=&#8221;1&#8243; _builder_version=&#8221;4.27.2&#8243; _module_preset=&#8221;default&#8221; background_image=&#8221;http:\/\/wp.advancedproser.com\/wp-content\/uploads\/2024\/10\/fondo-1-scaled.jpg&#8221; custom_padding=&#8221;||11px|||&#8221; global_colors_info=&#8221;{}&#8221;][et_pb_row _builder_version=&#8221;4.27.2&#8243; _module_preset=&#8221;default&#8221; global_colors_info=&#8221;{}&#8221;][et_pb_column type=&#8221;4_4&#8243; _builder_version=&#8221;4.27.2&#8243; _module_preset=&#8221;default&#8221; global_colors_info=&#8221;{}&#8221;][et_pb_text _builder_version=&#8221;4.27.2&#8243; _module_preset=&#8221;default&#8221; header_2_font=&#8221;|700|||||||&#8221; header_2_text_align=&#8221;center&#8221; content_en_us=&#8221;<\/p>\n<h2>Advanced ProSer Videos<\/h2>\n<p>&#8221; content_ca=&#8221;<\/p>\n<h2>V\u00eddeos Advanced ProSer<\/h2>\n<p>&#8221; global_colors_info=&#8221;{}&#8221;]<\/p>\n<h2>Videos Advanced ProSer<\/h2>\n<p>[\/et_pb_text][et_pb_button button_url=&#8221;https:\/\/www.youtube.com\/channel\/UCGnS-1XwTKL9jlZnsHxkwRA&#8221; url_new_window=&#8221;on&#8221; button_text=&#8221;Ver canal en Youtube&#8221; button_alignment=&#8221;center&#8221; _builder_version=&#8221;4.27.2&#8243; _module_preset=&#8221;default&#8221; custom_button=&#8221;on&#8221; button_text_color=&#8221;#E02B20&#8243; button_text_en_us=&#8221;Watch channel on YouTube&#8221; button_url_en_us=&#8221;https:\/\/www.youtube.com\/channel\/UCGnS-1XwTKL9jlZnsHxkwRA&#8221; button_text_ca=&#8221;Veure canal a YouTube&#8221; button_url_ca=&#8221;https:\/\/www.youtube.com\/channel\/UCGnS-1XwTKL9jlZnsHxkwRA&#8221; global_colors_info=&#8221;{}&#8221;][\/et_pb_button][\/et_pb_column][\/et_pb_row][et_pb_row column_structure=&#8221;1_2,1_2&#8243; _builder_version=&#8221;4.27.2&#8243; _module_preset=&#8221;default&#8221; background_image=&#8221;http:\/\/wp.advancedproser.com\/wp-content\/uploads\/2024\/12\/red-zone.png&#8221; background_size=&#8221;initial&#8221; custom_padding=&#8221;||9px|||&#8221; global_colors_info=&#8221;{}&#8221;][et_pb_column type=&#8221;1_2&#8243; _builder_version=&#8221;4.27.2&#8243; _module_preset=&#8221;default&#8221; global_colors_info=&#8221;{}&#8221;][et_pb_video src=&#8221;https:\/\/www.youtube.com\/watch?v=7dh&#8211;K-en4E&#038;t=2s&#8221; _builder_version=&#8221;4.27.2&#8243; _module_preset=&#8221;default&#8221; global_colors_info=&#8221;{}&#8221;][\/et_pb_video][et_pb_text _builder_version=&#8221;4.27.2&#8243; _module_preset=&#8221;default&#8221; text_text_color=&#8221;#FFFFFF&#8221; background_color=&#8221;#a80a0a&#8221; custom_padding=&#8221;15px|15px|15px|15px|false|false&#8221; content_en_us=&#8221;<\/p>\n<p>Light-curing adhesives (UV or visible) are characterized by their fast curing speed, taking only a few seconds. In this video, we demonstrate by bonding two glass sheets.<\/p>\n<p>&#8221; content_ca=&#8221;<\/p>\n<p>Els adhesius de curat per llum (UV o visible) es caracteritzen per la seva velocitat de curat, de nom\u00e9s uns segons. En aquest v\u00eddeo, fem una demostraci\u00f3 enganxant dues l\u00e0mines de vidre.<\/p>\n<p>&#8221; border_radii=&#8221;on|7px|7px|7px|7px&#8221; global_colors_info=&#8221;{}&#8221;]<\/p>\n<p><yt-attributed-string user-input=\"\" class=\"style-scope ytd-text-inline-expander\"><span class=\"yt-core-attributed-string yt-core-attributed-string--white-space-pre-wrap\" dir=\"auto\" role=\"text\"><span class=\"yt-core-attributed-string--link-inherit-color\" dir=\"auto\">Los adhesivos de curado por luz (UV o visible) se caracterizan por su velocidad de curado, de tan s\u00f3lo unos segundos. En este v\u00eddeo hacemos una demostraci\u00f3n pegando dos l\u00e1minas de vidrio.<\/span><\/span><\/yt-attributed-string><\/p>\n<div slot=\"extra-content\" class=\"style-scope ytd-watch-metadata\"><\/div>\n<p>[\/et_pb_text][\/et_pb_column][et_pb_column type=&#8221;1_2&#8243; _builder_version=&#8221;4.27.2&#8243; _module_preset=&#8221;default&#8221; global_colors_info=&#8221;{}&#8221;][et_pb_video src=&#8221;https:\/\/www.youtube.com\/watch?v=1fsBsJBSl5Q&#8221; _builder_version=&#8221;4.27.2&#8243; _module_preset=&#8221;default&#8221; global_colors_info=&#8221;{}&#8221;][\/et_pb_video][et_pb_text _builder_version=&#8221;4.27.2&#8243; _module_preset=&#8221;default&#8221; text_text_color=&#8221;#FFFFFF&#8221; background_color=&#8221;#a80a0a&#8221; custom_padding=&#8221;15px|15px|15px|15px|false|false&#8221; content_en_us=&#8221;<\/p>\n<p>This video showcases one of the services we offer: sealing connector pins using UV-cured adhesive. With our high-precision dispensing robot, we achieve a reliable, fast, and repeatable seal. The use of UV-cured adhesive ensures a highly reduced cycle time.<\/p>\n<p>&#8221; content_ca=&#8221;<\/p>\n<p>En aquest v\u00eddeo es mostra una de les aplicacions que oferim com a servei: el segellat de pins de connectors mitjan\u00e7ant adhesiu curat per UV. Amb el nostre robot de dispensaci\u00f3 d\u2019alta precisi\u00f3, s\u2019aconsegueix un segellat fiable, r\u00e0pid i repetitiu. L\u2019\u00fas d\u2019un adhesiu curat per UV garanteix un temps de cicle molt redu\u00eft.<\/p>\n<p>&#8221; border_radii=&#8221;on|7px|7px|7px|7px&#8221; global_colors_info=&#8221;{}&#8221;]<\/p>\n<p><span>En este v\u00eddeo se muestra una de las aplicaciones que ofrecemos como servicio: el sellado de pines de conectores mediante adhesivo curado por UV. Con nuestro robot de dispensaci\u00f3n de alta precisi\u00f3n, se consigue un sellado fiable, r\u00e1pido y repetitivo. El uso de un adhesivo curado por UV garantiza un tiempo de ciclo muy reducido.<\/span><\/p>\n<p>[\/et_pb_text][\/et_pb_column][\/et_pb_row][et_pb_row column_structure=&#8221;1_2,1_2&#8243; _builder_version=&#8221;4.27.2&#8243; _module_preset=&#8221;default&#8221; custom_padding=&#8221;||9px|||&#8221; global_colors_info=&#8221;{}&#8221;][et_pb_column type=&#8221;1_2&#8243; _builder_version=&#8221;4.27.2&#8243; _module_preset=&#8221;default&#8221; global_colors_info=&#8221;{}&#8221;][et_pb_video src=&#8221;https:\/\/www.youtube.com\/watch?v=QfWVY2tRm5Q&#8221; _builder_version=&#8221;4.27.2&#8243; _module_preset=&#8221;default&#8221; global_colors_info=&#8221;{}&#8221;][\/et_pb_video][et_pb_text _builder_version=&#8221;4.27.2&#8243; _module_preset=&#8221;default&#8221; text_text_color=&#8221;#FFFFFF&#8221; background_color=&#8221;#a80a0a&#8221; custom_padding=&#8221;15px|15px|15px|15px|false|false&#8221; content_en_us=&#8221;<\/p>\n<p>This video demonstrates the correct use of adhesives in dual-cartridge format, regardless of the mixing ratio.<\/p>\n<p>&#8221; content_ca=&#8221;<\/p>\n<p>En aquest v\u00eddeo es mostra la correcta utilitzaci\u00f3 dels adhesius en format bicartutx, independentment de la relaci\u00f3 de barreja.<\/p>\n<p>&#8221; border_radii=&#8221;on|7px|7px|7px|7px&#8221; global_colors_info=&#8221;{}&#8221;]<\/p>\n<p><span>En este v\u00eddeo se muestra la correcta utilizaci\u00f3n de los adhesivos en formato bicartucho, independientemente del ratio de mezcla.<\/span><\/p>\n<p>[\/et_pb_text][\/et_pb_column][et_pb_column type=&#8221;1_2&#8243; _builder_version=&#8221;4.27.2&#8243; _module_preset=&#8221;default&#8221; global_colors_info=&#8221;{}&#8221;][et_pb_video src=&#8221;https:\/\/www.youtube.com\/watch?v=zpxLBgJdt7A&#8221; _builder_version=&#8221;4.27.2&#8243; _module_preset=&#8221;default&#8221; global_colors_info=&#8221;{}&#8221;][\/et_pb_video][et_pb_text _builder_version=&#8221;4.27.2&#8243; _module_preset=&#8221;default&#8221; text_text_color=&#8221;#FFFFFF&#8221; background_color=&#8221;#a80a0a&#8221; custom_padding=&#8221;15px|15px|15px|15px|false|false&#8221; content_en_us=&#8221;<\/p>\n<p>Presentation of APS encapsulation services and machinery. We offer high-performance polyurethane resin encapsulation services and a high-precision volumetric dispensing machine.<\/p>\n<p>&#8221; content_ca=&#8221;<\/p>\n<p>Presentaci\u00f3 dels serveis i la maquin\u00e0ria d\u2019encapsulat d\u2019APS. Oferim el servei d\u2019encapsulat amb resina de poliuret\u00e0 d\u2019altes prestacions i una m\u00e0quina de dosificaci\u00f3 volum\u00e8trica de gran precisi\u00f3.<\/p>\n<p>&#8221; border_radii=&#8221;on|7px|7px|7px|7px&#8221; global_colors_info=&#8221;{}&#8221;]<\/p>\n<p><span>Presentaci\u00f3n de los servicios y la maquinaria de encapsulado de APS. Ofrecemos el servicio de encapsulado con resina de poliuretano de altas prestaciones y m\u00e1quina de dosificaci\u00f3n volum\u00e9trica de gran precisi\u00f3n.<\/span><\/p>\n<p>[\/et_pb_text][\/et_pb_column][\/et_pb_row][et_pb_row column_structure=&#8221;1_2,1_2&#8243; _builder_version=&#8221;4.27.2&#8243; _module_preset=&#8221;default&#8221; custom_padding=&#8221;||9px|||&#8221; global_colors_info=&#8221;{}&#8221;][et_pb_column type=&#8221;1_2&#8243; _builder_version=&#8221;4.27.2&#8243; _module_preset=&#8221;default&#8221; global_colors_info=&#8221;{}&#8221;][et_pb_video src=&#8221;https:\/\/www.youtube.com\/watch?v=WB3cbT1yBI4&#8243; _builder_version=&#8221;4.27.2&#8243; _module_preset=&#8221;default&#8221; global_colors_info=&#8221;{}&#8221;][\/et_pb_video][et_pb_text _builder_version=&#8221;4.27.2&#8243; _module_preset=&#8221;default&#8221; text_text_color=&#8221;#FFFFFF&#8221; background_color=&#8221;#a80a0a&#8221; custom_padding=&#8221;15px|15px|15px|15px|false|false&#8221; content_en_us=&#8221;<\/p>\n<p>Automated gasketing (sealing gasket creation) using a dispensing robot. Ensures high dimensional stability of the gasket and the absence of pores that could compromise sealing.<\/p>\n<p>&#8221; content_ca=&#8221;<\/p>\n<p>Gasketing (creaci\u00f3 de junta d\u2019estanque\u00eftat) automatitzat mitjan\u00e7ant un robot de dispensaci\u00f3. Garantia d\u2019alta estabilitat dimensional de la junta i d\u2019abs\u00e8ncia de porus que puguin comprometre l\u2019estanque\u00eftat.<\/p>\n<p>&#8221; border_radii=&#8221;on|7px|7px|7px|7px&#8221; global_colors_info=&#8221;{}&#8221;]<\/p>\n<p><span>Gasketing (creaci\u00f3n de junta de estanqueidad) automatizado mediante robot de dispensaci\u00f3n. Garant\u00eda de alta estabilidad dimensional de la junta, y de ausencia de poros que puedan comprometer la estanqueidad.<\/span><\/p>\n<p>[\/et_pb_text][\/et_pb_column][et_pb_column type=&#8221;1_2&#8243; _builder_version=&#8221;4.27.2&#8243; _module_preset=&#8221;default&#8221; global_colors_info=&#8221;{}&#8221;][et_pb_video src=&#8221;https:\/\/www.youtube.com\/watch?v=YVreBvKuj6k&#8221; _builder_version=&#8221;4.27.2&#8243; _module_preset=&#8221;default&#8221; global_colors_info=&#8221;{}&#8221;][\/et_pb_video][et_pb_text _builder_version=&#8221;4.27.2&#8243; _module_preset=&#8221;default&#8221; text_text_color=&#8221;#FFFFFF&#8221; background_color=&#8221;#a80a0a&#8221; custom_padding=&#8221;15px|15px|15px|15px|false|false&#8221; content_en_us=&#8221;<\/p>\n<p>Demonstration of the correct use of Twinpack resin containers. These are self-mixing bags, where ensuring a homogeneous mixture of both components is essential.<\/p>\n<p>&#8221; content_ca=&#8221;<\/p>\n<p>Demostraci\u00f3 de l\u2019\u00fas correcte dels envasos de resines tipus Twinpack. Es tracta de bosses d\u2019autobarreja, on el m\u00e9s important \u00e9s garantir una mescla homog\u00e8nia de tots dos components.<\/p>\n<p>&#8221; border_radii=&#8221;on|7px|7px|7px|7px&#8221; global_colors_info=&#8221;{}&#8221;]<\/p>\n<p><span>Demostraci\u00f3n del uso correcto de los envases de resinas tipo Twinpack. Se trata de bolsas de automezcla, donde lo importante es garantizar una mezcla homog\u00e9nea de ambos componentes.<\/span><\/p>\n<p>[\/et_pb_text][\/et_pb_column][\/et_pb_row][et_pb_row _builder_version=&#8221;4.27.2&#8243; _module_preset=&#8221;default&#8221; global_colors_info=&#8221;{}&#8221;][et_pb_column type=&#8221;4_4&#8243; _builder_version=&#8221;4.27.2&#8243; _module_preset=&#8221;default&#8221; global_colors_info=&#8221;{}&#8221;][et_pb_text _builder_version=&#8221;4.27.2&#8243; _module_preset=&#8221;default&#8221; hover_enabled=&#8221;0&#8243; content_en_us=&#8221;<\/p>\n<p>If you have any questions or doubts about any of our services, feel free to <a href=%22https:\/\/advancedproser.com\/contacto\/%22 title=%22contact%22>contact us<\/a>.<\/p>\n<p>&#8221; content_ca=&#8221;<\/p>\n<p>Si tens alguna pregunta o dubte sobre algun dels nostres serveis, posa&#8217;t en <a href=%22https:\/\/advancedproser.com\/contacto\/%22 title=%22contacte%22>contacte<\/a>.<\/p>\n<p>&#8221; global_colors_info=&#8221;{}&#8221; sticky_enabled=&#8221;0&#8243;]<\/p>\n<p>Si tienes alguna pregunta o duda sobre algunos de nuestro servicio, ponte en <a href=\"https:\/\/advancedproser.com\/contacto\/\" title=\"contacto\">contacto<\/a><\/p>\n<p>[\/et_pb_text][\/et_pb_column][\/et_pb_row][\/et_pb_section]<\/p>\n","protected":false},"excerpt":{"rendered":"<p>Recursos Tecnolog\u00edas y equipos de adhesi\u00f3n, especialmente enfocado a electr\u00f3nica.Videos Advanced ProSerLos adhesivos de curado por luz (UV o visible) se caracterizan por su velocidad de curado, de tan s\u00f3lo unos segundos. En este v\u00eddeo hacemos una demostraci\u00f3n pegando dos l\u00e1minas de vidrio. En este v\u00eddeo se muestra una de las aplicaciones que ofrecemos como [&hellip;]<\/p>\n","protected":false},"author":1,"featured_media":417,"parent":0,"menu_order":0,"comment_status":"closed","ping_status":"closed","template":"","meta":{"_et_pb_use_builder":"on","_et_pb_old_content":"<!-- wp:divi\/placeholder \/-->","_et_gb_content_width":"","footnotes":""},"class_list":["post-196","page","type-page","status-publish","has-post-thumbnail","hentry"],"yoast_head":"<!-- This site is optimized with the Yoast SEO plugin v27.3 - https:\/\/yoast.com\/product\/yoast-seo-wordpress\/ -->\n<title>Recursos<\/title>\n<meta name=\"description\" content=\"Recursos : Tecnolog\u00edas y equipos de adhesi\u00f3n, especialmente enfocado a electr\u00f3nica. Videos explicativos sobre aplicaciones\" \/>\n<meta name=\"robots\" content=\"index, follow, max-snippet:-1, max-image-preview:large, max-video-preview:-1\" \/>\n<link rel=\"canonical\" href=\"\" \/>\n<meta property=\"og:locale\" content=\"ca_ES\" \/>\n<meta property=\"og:type\" content=\"article\" \/>\n<meta property=\"og:title\" content=\"Recursos\" \/>\n<meta property=\"og:description\" content=\"Recursos : Tecnolog\u00edas y equipos de adhesi\u00f3n, especialmente enfocado a electr\u00f3nica. Videos explicativos sobre aplicaciones\" \/>\n<meta property=\"og:url\" content=\"https:\/\/advancedproser.com\/ca\/recursos\/\" \/>\n<meta property=\"og:site_name\" content=\"advancedproser.com\" \/>\n<meta property=\"article:modified_time\" content=\"2025-04-21T08:59:00+00:00\" \/>\n<meta property=\"og:image\" content=\"https:\/\/advancedproser.com\/wp-content\/uploads\/2024\/12\/cat-valvulas-de-dosificacion.jpg\" \/>\n\t<meta property=\"og:image:width\" content=\"626\" \/>\n\t<meta property=\"og:image:height\" content=\"310\" \/>\n\t<meta property=\"og:image:type\" content=\"image\/jpeg\" \/>\n<meta name=\"twitter:card\" content=\"summary_large_image\" \/>\n<meta name=\"twitter:label1\" content=\"Temps estimat de lectura\" \/>\n\t<meta name=\"twitter:data1\" content=\"2 minuts\" \/>\n<script type=\"application\/ld+json\" class=\"yoast-schema-graph\">{\"@context\":\"https:\\\/\\\/schema.org\",\"@graph\":[{\"@type\":\"WebPage\",\"@id\":\"https:\\\/\\\/advancedproser.com\\\/ca\\\/recursos\\\/\",\"url\":\"https:\\\/\\\/advancedproser.com\\\/ca\\\/recursos\\\/\",\"name\":\"Recursos - advancedproser.com\",\"isPartOf\":{\"@id\":\"https:\\\/\\\/advancedproser.com\\\/#website\"},\"primaryImageOfPage\":{\"@id\":\"https:\\\/\\\/advancedproser.com\\\/ca\\\/recursos\\\/#primaryimage\"},\"image\":{\"@id\":\"https:\\\/\\\/advancedproser.com\\\/ca\\\/recursos\\\/#primaryimage\"},\"thumbnailUrl\":\"https:\\\/\\\/advancedproser.com\\\/wp-content\\\/uploads\\\/2024\\\/12\\\/cat-valvulas-de-dosificacion.jpg\",\"datePublished\":\"2024-12-01T17:42:30+00:00\",\"dateModified\":\"2025-04-21T08:59:00+00:00\",\"description\":\"Recursos : Tecnolog\u00edas y equipos de adhesi\u00f3n, especialmente enfocado a electr\u00f3nica. Videos explicativos sobre aplicaciones\",\"breadcrumb\":{\"@id\":\"https:\\\/\\\/advancedproser.com\\\/ca\\\/recursos\\\/#breadcrumb\"},\"inLanguage\":\"ca\",\"potentialAction\":[{\"@type\":\"ReadAction\",\"target\":[\"https:\\\/\\\/advancedproser.com\\\/ca\\\/recursos\\\/\"]}]},{\"@type\":\"ImageObject\",\"inLanguage\":\"ca\",\"@id\":\"https:\\\/\\\/advancedproser.com\\\/ca\\\/recursos\\\/#primaryimage\",\"url\":\"https:\\\/\\\/advancedproser.com\\\/wp-content\\\/uploads\\\/2024\\\/12\\\/cat-valvulas-de-dosificacion.jpg\",\"contentUrl\":\"https:\\\/\\\/advancedproser.com\\\/wp-content\\\/uploads\\\/2024\\\/12\\\/cat-valvulas-de-dosificacion.jpg\",\"width\":626,\"height\":310,\"caption\":\"V\u00e1lvulas de dosificaci\u00f3n\"},{\"@type\":\"BreadcrumbList\",\"@id\":\"https:\\\/\\\/advancedproser.com\\\/ca\\\/recursos\\\/#breadcrumb\",\"itemListElement\":[{\"@type\":\"ListItem\",\"position\":1,\"name\":\"Inicio\",\"item\":\"https:\\\/\\\/advancedproser.com\\\/\"},{\"@type\":\"ListItem\",\"position\":2,\"name\":\"Recursos\"}]},{\"@type\":\"WebSite\",\"@id\":\"https:\\\/\\\/advancedproser.com\\\/ca\\\/#website\",\"url\":\"https:\\\/\\\/advancedproser.com\\\/ca\\\/\",\"name\":\"advancedproser.com\",\"description\":\"\",\"potentialAction\":[{\"@type\":\"SearchAction\",\"target\":{\"@type\":\"EntryPoint\",\"urlTemplate\":\"https:\\\/\\\/advancedproser.com\\\/ca\\\/?s={search_term_string}\"},\"query-input\":{\"@type\":\"PropertyValueSpecification\",\"valueRequired\":true,\"valueName\":\"search_term_string\"}}],\"inLanguage\":\"ca\"}]}<\/script>\n<!-- \/ Yoast SEO plugin. -->","yoast_head_json":{"title":"Recursos","description":"Recursos : Tecnolog\u00edas y equipos de adhesi\u00f3n, especialmente enfocado a electr\u00f3nica. Videos explicativos sobre aplicaciones","robots":{"index":"index","follow":"follow","max-snippet":"max-snippet:-1","max-image-preview":"max-image-preview:large","max-video-preview":"max-video-preview:-1"},"canonical":"[et_pb_section fb_built=\"1\" next_background_color=\"#ffffff\" _builder_version=\"4.27.2\" _module_preset=\"default\" use_background_color_gradient=\"on\" background_color_gradient_direction=\"270deg\" background_color_gradient_stops=\"#000000 0%|rgba(0,0,0,0.54) 100%\" background_image=\"http:\/\/wp.advancedproser.com\/wp-content\/uploads\/2025\/02\/slider-advancedproser-2.jpg\" background_blend=\"overlay\" bottom_divider_style=\"ramp\" bottom_divider_height=\"52px\" global_colors_info=\"{}\"][et_pb_row _builder_version=\"4.27.2\" _module_preset=\"default\" global_colors_info=\"{}\"][et_pb_column type=\"4_4\" _builder_version=\"4.27.2\" _module_preset=\"default\" global_colors_info=\"{}\"][et_pb_text _builder_version=\"4.27.2\" _module_preset=\"default\" text_text_color=\"#FFFFFF\" header_text_color=\"#FFFFFF\" header_font_size=\"34px\" content_en_us=\"Resources Adhesion technologies and equipment, especially focused on electronics. \" content_ca=\"Recursos Tecnologies i equips d\u2019adhesi\u00f3, especialment enfocats a l\u2019electr\u00f2nica. \" header_text_shadow_style=\"preset2\" global_colors_info=\"{}\"]Recursos Tecnolog\u00edas y equipos de adhesi\u00f3n, especialmente&hellip;","og_locale":"ca_ES","og_type":"article","og_title":"Recursos","og_description":"Recursos : Tecnolog\u00edas y equipos de adhesi\u00f3n, especialmente enfocado a electr\u00f3nica. Videos explicativos sobre aplicaciones","og_url":"https:\/\/advancedproser.com\/ca\/recursos\/","og_site_name":"advancedproser.com","article_modified_time":"2025-04-21T08:59:00+00:00","og_image":[{"width":626,"height":310,"url":"https:\/\/advancedproser.com\/wp-content\/uploads\/2024\/12\/cat-valvulas-de-dosificacion.jpg","type":"image\/jpeg"}],"twitter_card":"summary_large_image","twitter_misc":{"Temps estimat de lectura":"2 minuts"},"schema":{"@context":"https:\/\/schema.org","@graph":[{"@type":"WebPage","@id":"https:\/\/advancedproser.com\/ca\/recursos\/","url":"https:\/\/advancedproser.com\/ca\/recursos\/","name":"Recursos - advancedproser.com","isPartOf":{"@id":"https:\/\/advancedproser.com\/#website"},"primaryImageOfPage":{"@id":"https:\/\/advancedproser.com\/ca\/recursos\/#primaryimage"},"image":{"@id":"https:\/\/advancedproser.com\/ca\/recursos\/#primaryimage"},"thumbnailUrl":"https:\/\/advancedproser.com\/wp-content\/uploads\/2024\/12\/cat-valvulas-de-dosificacion.jpg","datePublished":"2024-12-01T17:42:30+00:00","dateModified":"2025-04-21T08:59:00+00:00","description":"Recursos : Tecnolog\u00edas y equipos de adhesi\u00f3n, especialmente enfocado a electr\u00f3nica. Videos explicativos sobre aplicaciones","breadcrumb":{"@id":"https:\/\/advancedproser.com\/ca\/recursos\/#breadcrumb"},"inLanguage":"ca","potentialAction":[{"@type":"ReadAction","target":["https:\/\/advancedproser.com\/ca\/recursos\/"]}]},{"@type":"ImageObject","inLanguage":"ca","@id":"https:\/\/advancedproser.com\/ca\/recursos\/#primaryimage","url":"https:\/\/advancedproser.com\/wp-content\/uploads\/2024\/12\/cat-valvulas-de-dosificacion.jpg","contentUrl":"https:\/\/advancedproser.com\/wp-content\/uploads\/2024\/12\/cat-valvulas-de-dosificacion.jpg","width":626,"height":310,"caption":"V\u00e1lvulas de dosificaci\u00f3n"},{"@type":"BreadcrumbList","@id":"https:\/\/advancedproser.com\/ca\/recursos\/#breadcrumb","itemListElement":[{"@type":"ListItem","position":1,"name":"Inicio","item":"https:\/\/advancedproser.com\/"},{"@type":"ListItem","position":2,"name":"Recursos"}]},{"@type":"WebSite","@id":"https:\/\/advancedproser.com\/ca\/#website","url":"https:\/\/advancedproser.com\/ca\/","name":"advancedproser.com","description":"","potentialAction":[{"@type":"SearchAction","target":{"@type":"EntryPoint","urlTemplate":"https:\/\/advancedproser.com\/ca\/?s={search_term_string}"},"query-input":{"@type":"PropertyValueSpecification","valueRequired":true,"valueName":"search_term_string"}}],"inLanguage":"ca"}]}},"_links":{"self":[{"href":"https:\/\/advancedproser.com\/ca\/wp-json\/wp\/v2\/pages\/196","targetHints":{"allow":["GET"]}}],"collection":[{"href":"https:\/\/advancedproser.com\/ca\/wp-json\/wp\/v2\/pages"}],"about":[{"href":"https:\/\/advancedproser.com\/ca\/wp-json\/wp\/v2\/types\/page"}],"author":[{"embeddable":true,"href":"https:\/\/advancedproser.com\/ca\/wp-json\/wp\/v2\/users\/1"}],"replies":[{"embeddable":true,"href":"https:\/\/advancedproser.com\/ca\/wp-json\/wp\/v2\/comments?post=196"}],"version-history":[{"count":9,"href":"https:\/\/advancedproser.com\/ca\/wp-json\/wp\/v2\/pages\/196\/revisions"}],"predecessor-version":[{"id":625,"href":"https:\/\/advancedproser.com\/ca\/wp-json\/wp\/v2\/pages\/196\/revisions\/625"}],"wp:featuredmedia":[{"embeddable":true,"href":"https:\/\/advancedproser.com\/ca\/wp-json\/wp\/v2\/media\/417"}],"wp:attachment":[{"href":"https:\/\/advancedproser.com\/ca\/wp-json\/wp\/v2\/media?parent=196"}],"curies":[{"name":"wp","href":"https:\/\/api.w.org\/{rel}","templated":true}]}}