{"id":130,"date":"2024-10-21T05:44:07","date_gmt":"2024-10-21T05:44:07","guid":{"rendered":"https:\/\/wp.advancedproser.com\/?page_id=130"},"modified":"2025-06-10T10:46:45","modified_gmt":"2025-06-10T10:46:45","slug":"politica-de-privacidad","status":"publish","type":"page","link":"https:\/\/advancedproser.com\/ca\/politica-de-privacidad\/","title":{"rendered":"Pol\u00edtica de privacidad"},"content":{"rendered":"<p>[et_pb_section fb_built=&#8221;1&#8243; next_background_color=&#8221;#ffffff&#8221; _builder_version=&#8221;4.27.2&#8243; _module_preset=&#8221;default&#8221; use_background_color_gradient=&#8221;on&#8221; background_color_gradient_direction=&#8221;235deg&#8221; background_color_gradient_stops=&#8221;#000000 0%|rgba(0,0,0,0.39) 100%&#8221; background_image=&#8221;http:\/\/wp.advancedproser.com\/wp-content\/uploads\/2025\/02\/slider-advancedproser-2.jpg&#8221; background_blend=&#8221;overlay&#8221; bottom_divider_style=&#8221;ramp&#8221; bottom_divider_height=&#8221;47px&#8221; global_colors_info=&#8221;{}&#8221;][et_pb_row _builder_version=&#8221;4.27.2&#8243; _module_preset=&#8221;default&#8221; global_colors_info=&#8221;{}&#8221;][et_pb_column type=&#8221;4_4&#8243; _builder_version=&#8221;4.27.2&#8243; _module_preset=&#8221;default&#8221; global_colors_info=&#8221;{}&#8221;][et_pb_text _builder_version=&#8221;4.27.2&#8243; _module_preset=&#8221;default&#8221; text_text_color=&#8221;#FFFFFF&#8221; header_text_color=&#8221;#FFFFFF&#8221; header_font_size=&#8221;34px&#8221; header_text_shadow_style=&#8221;preset2&#8243; global_colors_info=&#8221;{}&#8221;]<\/p>\n<h1>Pol\u00edtica de privacidad<\/h1>\n<p>Texto legales sobre el tratamientos de sus datos.<\/p>\n<p>[\/et_pb_text][\/et_pb_column][\/et_pb_row][\/et_pb_section][et_pb_section fb_built=&#8221;1&#8243; _builder_version=&#8221;4.27.2&#8243; _module_preset=&#8221;default&#8221; background_image=&#8221;http:\/\/wp.advancedproser.com\/wp-content\/uploads\/2024\/10\/fondo-1-scaled.jpg&#8221; background_position=&#8221;top_left&#8221; background_horizontal_offset=&#8221;27%&#8221; global_colors_info=&#8221;{}&#8221;][et_pb_row _builder_version=&#8221;4.27.2&#8243; _module_preset=&#8221;default&#8221; global_colors_info=&#8221;{}&#8221;][et_pb_column type=&#8221;4_4&#8243; _builder_version=&#8221;4.27.2&#8243; _module_preset=&#8221;default&#8221; global_colors_info=&#8221;{}&#8221;][et_pb_text _builder_version=&#8221;4.27.2&#8243; _module_preset=&#8221;default&#8221; hover_enabled=&#8221;0&#8243; global_colors_info=&#8221;{}&#8221; sticky_enabled=&#8221;0&#8243;]<\/p>\n<h2><strong>Nuestra pol\u00edtica de privacidad<\/strong><\/h2>\n<p><span>En cumplimiento del Reglamento General (UE) 2016\/679 del Parlamento Europeo y del Consejo de 27 de abril de 2016, le informo que es muy importante tanto para usted como para nuestra empresa, que lea detenidamente estos t\u00e9rminos legales antes de facilitar en mi web sus datos de car\u00e1cter personal.<\/span><\/p>\n<p><span>Para empezar le informaremos que nuestra empresa esta dirigida a empresas y no ha personas f\u00edsicas, tal y como puede observarse en el contenido e informaci\u00f3n de la web. Pero para el supuesto que nos deje sus datos como persona f\u00edsica le informamos que \u00a0nuestra web\u00a0<\/span><span>www.advancedproser.com<\/span><span>\u00a0recopila los datos b\u00e1sicos y necesarios para poder contestar a sus consultas, por eso cumplimos con los principios que establece el Reglamento, en concreto con el principio de minimizaci\u00f3n de datos, puesto que s\u00f3lo se solicitan los datos estrictamente necesarios para el fin que se les requiere, que es contestar a las preguntas que se nos formulan. \u00a0<\/span><\/p>\n<p><span>As\u00ed mismo, cumplimos con los principios de licitud, lealtad y transparencia, ya que previamente a tratar sus datos de car\u00e1cter personal vamos a requerir su consentimiento. Es importante que como usuario sepa, que para poder responder a sus consultas, tendr\u00e1 que cumplimentar un formulario de contacto, donde previamente a poder enviar su mensaje tendr\u00e1 que aceptar esta pol\u00edtica de privacidad. Los datos que proporcione ser\u00e1n tratados siempre con integridad y confidencialidad, puesto que van dirigidos directamente a nuestra empresa, por lo que pondremos todos los mecanismos de control necesarios para garantizar su confidencialidad y su seguridad. Es importante que sepa que APS-ADVANCED PROSER, S.L., pone todas las medidas de seguridad, control y organizaci\u00f3n necesarias para evitar un acceso no autorizado o un uso indebido de los datos de nuestros usuarios.<\/span><\/p>\n<p><span>Los menores de edad no podr\u00e1n dejar sus datos de car\u00e1cter personal en esta web.<\/span><\/p>\n<p><strong>\u00bfQui\u00e9n es la empresa responsable del tratamiento de sus datos personales?<\/strong><\/p>\n<p><span>La empresa responsable del tratamiento de los datos personales que usted esta facilitando es\u00a0<\/span><strong>APS-<\/strong><span>\u00a0<\/span><strong>ADVANCED PROSER, S.L<\/strong><span>, con domicilio social en Barcelona, El Papiol (08754), calle Salvador Espriu, n\u00famero 3, con n\u00famero de CIF B61261004, tel.+34 935882137, y correo electr\u00f3nico\u00a0<\/span><span>aps@advancedproser.com<\/span><span>.<\/span><\/p>\n<p><strong>\u00bfC\u00f3mo se obtienen en esta web \u00a0sus datos personales?<\/strong><\/p>\n<p><span>A trav\u00e9s de la cumplimentaci\u00f3n por \u00a0parte de los usuarios de los formularios de contacto y de la cumplimentaci\u00f3n de formulario de comentarios de la web.<\/span><\/p>\n<p><span>El usuario es la persona que facilita mediante estos formularios los datos\u00a0<\/span><strong>A<\/strong><strong>PS-<\/strong><span>\u00a0<\/span><strong>ADVANCED PROSER, S.L.<span>\u00a0<\/span><\/strong><span>Por consiguiente, el usuario es la persona responsable de la veracidad, exactitud, vigencia y autenticidad de sus datos personales que nos proporciona, exonerando en este sentido, de cualquier responsabilidad a\u00a0<\/span><strong>A<\/strong><strong>PS-<\/strong><span>\u00a0<\/span><strong>ADVANCED PROSER, S.L<\/strong><span>.<\/span><\/p>\n<p><strong>\u00bfCu\u00e1l es la finalidad con la que tratar\u00e9 sus datos personales?<\/strong><\/p>\n<p><span>La finalidad con la que trataremos los datos personales que nos ha facilitado ser\u00e1 exclusivamente para responder a las cuestiones que nos ha planteado o para ponernos en contacto con usted.<\/span><\/p>\n<p>&nbsp;<\/p>\n<p><strong>\u00bfCu\u00e1nto tiempo se conservar\u00e1n sus datos personales?<\/strong><\/p>\n<p><span>Los datos que nos ha proporcionado se conservar\u00e1n mientras se necesiten para gestionar el contacto, la consulta o durante los a\u00f1os necesarios para cumplir con las obligaciones legales.<\/span><\/p>\n<p>&nbsp;<\/p>\n<p><strong>\u00bfQu\u00e9 me legitima para tratar sus datos personales?<\/strong><\/p>\n<p><span>La legitimaci\u00f3n del tratamiento de sus datos es el consentimiento que presta el usuario enviando el formulario de contacto.<\/span><\/p>\n<p><span>En cualquier momento usted podr\u00e1 dirigirse a APS-ADVANCED PROSER, S.L., a trav\u00e9s del correo electr\u00f3nico\u00a0<\/span><span>\u00a0<\/span><span>aps@advancedproser.com<\/span><span>\u00a0\u00a0y revocar su consentimiento. La revocaci\u00f3n no tendr\u00e1 en ning\u00fan momento efectos retroactivos.<\/span><\/p>\n<p><strong>\u00bfExisten cesiones a terceros de sus datos personales?<\/strong><\/p>\n<p><strong>No.<span>\u00a0<\/span><\/strong><span>Los datos que usted proporcione en estas webs no ser\u00e1n cedidos a terceros salvo en los casos que exista una obligaci\u00f3n legal o usted lo autorice expresamente.<\/span><\/p>\n<p><strong>\u00bfCu\u00e1les son sus derechos sobre los datos de car\u00e1cter personal que se le piden en esta web, y a qui\u00e9n deben dirigirse para poder ejercerlos?<\/strong><\/p>\n<ul>\n<li><strong>El derecho de acceso a sus datos personales:<\/strong><span>\u00a0Mediante este derecho usted puede solicitar que datos personales mi empresa tiene de usted.<\/span><\/li>\n<li><strong>El derecho de rectificaci\u00f3n<\/strong><span>: Puede solicitar si sus datos no son correctos o inexactos que se rectifiquen.<\/span><\/li>\n<li><strong>El derecho de supresi\u00f3n o cancelaci\u00f3n:<\/strong><span>\u00a0Puede solicitar que se eliminen o cancelen de mi base de datos si ya no son necesarios para el fin que se solicitaron.<\/span><\/li>\n<li><strong>El derecho de oposici\u00f3n<\/strong><span>: Puede solicitar su oposici\u00f3n a que se traten sus datos personales.<\/span><\/li>\n<li><strong>El derecho de limitaci\u00f3n en el tratamiento<\/strong><span>: Puede establecer limites en el tratamiento de sus datos personales.<\/span><\/li>\n<\/ul>\n<p><span>En todo momento el usuario podr\u00e1 dirigirse a APS-ADVANCED PROSER, S.L., para obtener informaci\u00f3n sobre sus datos personales, ejerciendo el \u00a0derecho de acceso, el derecho de rectificaci\u00f3n, el derecho de limitaci\u00f3n del tratamiento, el derecho de oposici\u00f3n y el derecho de supresi\u00f3n para cancelarlos si estos ya no son necesarios, a trav\u00e9s del correo electr\u00f3nico\u00a0<\/span><span>aps@advancedproser.com<\/span><span>.<\/span><\/p>\n<p><span>La empresa APS-ADVANCED PROSER, S.L. se \u00a0reserva el derecho a modificar la presente pol\u00edtica de privacidad para adaptarla a las novedades legislativas o jurisprudenciales.<\/span><\/p>\n<p><span>Si considera que sus derechos no se han atendido debidamente, tiene derecho a presentar una reclamaci\u00f3n ante la Agencia Espa\u00f1ola de Protecci\u00f3n de Datos, cuyos datos de contacto los encontrar\u00e1 en la www.agpd.es.<\/span><\/p>\n<p><span>Si esta de acuerdo con lo manifestado en el presente documento en lo relativo al tratamiento de su datos ind\u00edquelo mediante las siguientes casillas.<\/span><\/p>\n<p><span>He leido y acepto la pol\u00edtica de privacidad.<\/span><\/p>\n<p>[\/et_pb_text][\/et_pb_column][\/et_pb_row][\/et_pb_section]<\/p>\n","protected":false},"excerpt":{"rendered":"<p>Pol\u00edtica de privacidad Texto legales sobre el tratamientos de sus datos.Nuestra pol\u00edtica de privacidad En cumplimiento del Reglamento General (UE) 2016\/679 del Parlamento Europeo y del Consejo de 27 de abril de 2016, le informo que es muy importante tanto para usted como para nuestra empresa, que lea detenidamente estos t\u00e9rminos legales antes de facilitar [&hellip;]<\/p>\n","protected":false},"author":1,"featured_media":0,"parent":0,"menu_order":0,"comment_status":"closed","ping_status":"closed","template":"","meta":{"_et_pb_use_builder":"on","_et_pb_old_content":"","_et_gb_content_width":"","footnotes":""},"class_list":["post-130","page","type-page","status-publish","hentry"],"yoast_head":"<!-- This site is optimized with the Yoast SEO plugin v27.3 - https:\/\/yoast.com\/product\/yoast-seo-wordpress\/ -->\n<title>Pol\u00edtica de privacidad<\/title>\n<meta name=\"description\" content=\"[et_pb_section fb_built=&quot;1&quot; next_background_color=&quot;#ffffff&quot; _builder_version=&quot;4.27.2&quot; _module_preset=&quot;default&quot; use_background_color_gradient=&quot;on&quot; background_color_gradient_direction=&quot;235deg&quot; background_color_gradient_stops=&quot;#000000 0%|rgba(0,0,0,0.39) 100%&quot; background_image=&quot;http:\/\/wp.advancedproser.com\/wp-content\/uploads\/2025\/02\/slider-advancedproser-2.jpg&quot; background_blend=&quot;overlay&quot; bottom_divider_style=&quot;ramp&quot; bottom_divider_height=&quot;47px&quot; global_colors_info=&quot;{}&quot;][et_pb_row _builder_version=&quot;4.27.2&quot; _module_preset=&quot;default&quot; global_colors_info=&quot;{}&quot;][et_pb_column type=&quot;4_4&quot; _builder_version=&quot;4.27.2&quot; _module_preset=&quot;default&quot; global_colors_info=&quot;{}&quot;][et_pb_text _builder_version=&quot;4.27.2&quot; _module_preset=&quot;default&quot; text_text_color=&quot;#FFFFFF&quot; header_text_color=&quot;#FFFFFF&quot; header_font_size=&quot;34px&quot; header_text_shadow_style=&quot;preset2&quot; global_colors_info=&quot;{}&quot;]Pol\u00edtica de privacidad Texto legales sobre el tratamientos de sus datos.[\/et_pb_text][\/et_pb_column][\/et_pb_row][\/et_pb_section][et_pb_section fb_built=&quot;1&quot; _builder_version=&quot;4.27.2&quot; _module_preset=&quot;default&quot; background_image=&quot;http:\/\/wp.advancedproser.com\/wp-content\/uploads\/2024\/10\/fondo-1-scaled.jpg&quot; background_position=&quot;top_left&quot; background_horizontal_offset=&quot;27%&quot; global_colors_info=&quot;{}&quot;][et_pb_row _builder_version=&quot;4.27.2&quot; _module_preset=&quot;default&quot; global_colors_info=&quot;{}&quot;][et_pb_column type=&quot;4_4&quot; _builder_version=&quot;4.27.2&quot; _module_preset=&quot;default&quot; global_colors_info=&quot;{}&quot;][et_pb_text _builder_version=&quot;4.27.2&quot; _module_preset=&quot;default&quot;&hellip;\" \/>\n<meta name=\"robots\" content=\"index, follow, max-snippet:-1, max-image-preview:large, max-video-preview:-1\" \/>\n<link rel=\"canonical\" href=\"\" \/>\n<meta property=\"og:locale\" content=\"ca_ES\" \/>\n<meta property=\"og:type\" content=\"article\" \/>\n<meta property=\"og:title\" content=\"Pol\u00edtica de privacidad\" \/>\n<meta property=\"og:description\" content=\"[et_pb_section fb_built=&quot;1&quot; next_background_color=&quot;#ffffff&quot; _builder_version=&quot;4.27.2&quot; _module_preset=&quot;default&quot; use_background_color_gradient=&quot;on&quot; background_color_gradient_direction=&quot;235deg&quot; background_color_gradient_stops=&quot;#000000 0%|rgba(0,0,0,0.39) 100%&quot; background_image=&quot;http:\/\/wp.advancedproser.com\/wp-content\/uploads\/2025\/02\/slider-advancedproser-2.jpg&quot; background_blend=&quot;overlay&quot; bottom_divider_style=&quot;ramp&quot; bottom_divider_height=&quot;47px&quot; global_colors_info=&quot;{}&quot;][et_pb_row _builder_version=&quot;4.27.2&quot; _module_preset=&quot;default&quot; global_colors_info=&quot;{}&quot;][et_pb_column type=&quot;4_4&quot; _builder_version=&quot;4.27.2&quot; _module_preset=&quot;default&quot; global_colors_info=&quot;{}&quot;][et_pb_text _builder_version=&quot;4.27.2&quot; _module_preset=&quot;default&quot; text_text_color=&quot;#FFFFFF&quot; header_text_color=&quot;#FFFFFF&quot; header_font_size=&quot;34px&quot; header_text_shadow_style=&quot;preset2&quot; global_colors_info=&quot;{}&quot;]Pol\u00edtica de privacidad Texto legales sobre el tratamientos de sus datos.[\/et_pb_text][\/et_pb_column][\/et_pb_row][\/et_pb_section][et_pb_section fb_built=&quot;1&quot; _builder_version=&quot;4.27.2&quot; _module_preset=&quot;default&quot; background_image=&quot;http:\/\/wp.advancedproser.com\/wp-content\/uploads\/2024\/10\/fondo-1-scaled.jpg&quot; background_position=&quot;top_left&quot; background_horizontal_offset=&quot;27%&quot; global_colors_info=&quot;{}&quot;][et_pb_row _builder_version=&quot;4.27.2&quot; _module_preset=&quot;default&quot; global_colors_info=&quot;{}&quot;][et_pb_column type=&quot;4_4&quot; _builder_version=&quot;4.27.2&quot; _module_preset=&quot;default&quot; global_colors_info=&quot;{}&quot;][et_pb_text _builder_version=&quot;4.27.2&quot; _module_preset=&quot;default&quot;&hellip;\" \/>\n<meta property=\"og:url\" content=\"https:\/\/advancedproser.com\/ca\/politica-de-privacidad\/\" \/>\n<meta property=\"og:site_name\" content=\"advancedproser.com\" \/>\n<meta property=\"article:modified_time\" content=\"2025-06-10T10:46:45+00:00\" \/>\n<meta name=\"twitter:card\" content=\"summary_large_image\" \/>\n<script type=\"application\/ld+json\" class=\"yoast-schema-graph\">{\"@context\":\"https:\\\/\\\/schema.org\",\"@graph\":[{\"@type\":\"WebPage\",\"@id\":\"https:\\\/\\\/advancedproser.com\\\/ca\\\/politica-de-privacidad\\\/\",\"url\":\"https:\\\/\\\/advancedproser.com\\\/ca\\\/politica-de-privacidad\\\/\",\"name\":\"Pol\u00edtica de privacidad - advancedproser.com\",\"isPartOf\":{\"@id\":\"https:\\\/\\\/advancedproser.com\\\/#website\"},\"datePublished\":\"2024-10-21T05:44:07+00:00\",\"dateModified\":\"2025-06-10T10:46:45+00:00\",\"breadcrumb\":{\"@id\":\"https:\\\/\\\/advancedproser.com\\\/ca\\\/politica-de-privacidad\\\/#breadcrumb\"},\"inLanguage\":\"ca\",\"potentialAction\":[{\"@type\":\"ReadAction\",\"target\":[\"https:\\\/\\\/advancedproser.com\\\/ca\\\/politica-de-privacidad\\\/\"]}]},{\"@type\":\"BreadcrumbList\",\"@id\":\"https:\\\/\\\/advancedproser.com\\\/ca\\\/politica-de-privacidad\\\/#breadcrumb\",\"itemListElement\":[{\"@type\":\"ListItem\",\"position\":1,\"name\":\"Inicio\",\"item\":\"https:\\\/\\\/advancedproser.com\\\/\"},{\"@type\":\"ListItem\",\"position\":2,\"name\":\"Pol\u00edtica de privacidad\"}]},{\"@type\":\"WebSite\",\"@id\":\"https:\\\/\\\/advancedproser.com\\\/ca\\\/#website\",\"url\":\"https:\\\/\\\/advancedproser.com\\\/ca\\\/\",\"name\":\"advancedproser.com\",\"description\":\"\",\"potentialAction\":[{\"@type\":\"SearchAction\",\"target\":{\"@type\":\"EntryPoint\",\"urlTemplate\":\"https:\\\/\\\/advancedproser.com\\\/ca\\\/?s={search_term_string}\"},\"query-input\":{\"@type\":\"PropertyValueSpecification\",\"valueRequired\":true,\"valueName\":\"search_term_string\"}}],\"inLanguage\":\"ca\"}]}<\/script>\n<!-- \/ Yoast SEO plugin. -->","yoast_head_json":{"title":"Pol\u00edtica de privacidad","description":"[et_pb_section fb_built=\"1\" next_background_color=\"#ffffff\" _builder_version=\"4.27.2\" _module_preset=\"default\" use_background_color_gradient=\"on\" background_color_gradient_direction=\"235deg\" background_color_gradient_stops=\"#000000 0%|rgba(0,0,0,0.39) 100%\" background_image=\"http:\/\/wp.advancedproser.com\/wp-content\/uploads\/2025\/02\/slider-advancedproser-2.jpg\" background_blend=\"overlay\" bottom_divider_style=\"ramp\" bottom_divider_height=\"47px\" global_colors_info=\"{}\"][et_pb_row _builder_version=\"4.27.2\" _module_preset=\"default\" global_colors_info=\"{}\"][et_pb_column type=\"4_4\" _builder_version=\"4.27.2\" _module_preset=\"default\" global_colors_info=\"{}\"][et_pb_text _builder_version=\"4.27.2\" _module_preset=\"default\" text_text_color=\"#FFFFFF\" header_text_color=\"#FFFFFF\" header_font_size=\"34px\" header_text_shadow_style=\"preset2\" global_colors_info=\"{}\"]Pol\u00edtica de privacidad Texto legales sobre el tratamientos de sus datos.[\/et_pb_text][\/et_pb_column][\/et_pb_row][\/et_pb_section][et_pb_section fb_built=\"1\" _builder_version=\"4.27.2\" _module_preset=\"default\" background_image=\"http:\/\/wp.advancedproser.com\/wp-content\/uploads\/2024\/10\/fondo-1-scaled.jpg\" background_position=\"top_left\" background_horizontal_offset=\"27%\" global_colors_info=\"{}\"][et_pb_row _builder_version=\"4.27.2\" _module_preset=\"default\" global_colors_info=\"{}\"][et_pb_column type=\"4_4\" _builder_version=\"4.27.2\" _module_preset=\"default\" global_colors_info=\"{}\"][et_pb_text _builder_version=\"4.27.2\" _module_preset=\"default\"&hellip;","robots":{"index":"index","follow":"follow","max-snippet":"max-snippet:-1","max-image-preview":"max-image-preview:large","max-video-preview":"max-video-preview:-1"},"canonical":"[et_pb_section fb_built=\"1\" next_background_color=\"#ffffff\" _builder_version=\"4.27.2\" _module_preset=\"default\" use_background_color_gradient=\"on\" background_color_gradient_direction=\"235deg\" background_color_gradient_stops=\"#000000 0%|rgba(0,0,0,0.39) 100%\" background_image=\"http:\/\/wp.advancedproser.com\/wp-content\/uploads\/2025\/02\/slider-advancedproser-2.jpg\" background_blend=\"overlay\" bottom_divider_style=\"ramp\" bottom_divider_height=\"47px\" global_colors_info=\"{}\"][et_pb_row _builder_version=\"4.27.2\" _module_preset=\"default\" global_colors_info=\"{}\"][et_pb_column type=\"4_4\" _builder_version=\"4.27.2\" _module_preset=\"default\" global_colors_info=\"{}\"][et_pb_text _builder_version=\"4.27.2\" _module_preset=\"default\" text_text_color=\"#FFFFFF\" header_text_color=\"#FFFFFF\" header_font_size=\"34px\" header_text_shadow_style=\"preset2\" global_colors_info=\"{}\"]Pol\u00edtica de privacidad Texto legales sobre el tratamientos de sus datos.[\/et_pb_text][\/et_pb_column][\/et_pb_row][\/et_pb_section][et_pb_section fb_built=\"1\" _builder_version=\"4.27.2\" _module_preset=\"default\" background_image=\"http:\/\/wp.advancedproser.com\/wp-content\/uploads\/2024\/10\/fondo-1-scaled.jpg\" background_position=\"top_left\" background_horizontal_offset=\"27%\" global_colors_info=\"{}\"][et_pb_row _builder_version=\"4.27.2\" _module_preset=\"default\" global_colors_info=\"{}\"][et_pb_column type=\"4_4\" _builder_version=\"4.27.2\" _module_preset=\"default\" global_colors_info=\"{}\"][et_pb_text _builder_version=\"4.27.2\" _module_preset=\"default\"&hellip;","og_locale":"ca_ES","og_type":"article","og_title":"Pol\u00edtica de privacidad","og_description":"[et_pb_section fb_built=\"1\" next_background_color=\"#ffffff\" _builder_version=\"4.27.2\" _module_preset=\"default\" use_background_color_gradient=\"on\" background_color_gradient_direction=\"235deg\" background_color_gradient_stops=\"#000000 0%|rgba(0,0,0,0.39) 100%\" background_image=\"http:\/\/wp.advancedproser.com\/wp-content\/uploads\/2025\/02\/slider-advancedproser-2.jpg\" background_blend=\"overlay\" bottom_divider_style=\"ramp\" bottom_divider_height=\"47px\" global_colors_info=\"{}\"][et_pb_row _builder_version=\"4.27.2\" _module_preset=\"default\" global_colors_info=\"{}\"][et_pb_column type=\"4_4\" _builder_version=\"4.27.2\" _module_preset=\"default\" global_colors_info=\"{}\"][et_pb_text _builder_version=\"4.27.2\" _module_preset=\"default\" text_text_color=\"#FFFFFF\" header_text_color=\"#FFFFFF\" header_font_size=\"34px\" header_text_shadow_style=\"preset2\" global_colors_info=\"{}\"]Pol\u00edtica de privacidad Texto legales sobre el tratamientos de sus datos.[\/et_pb_text][\/et_pb_column][\/et_pb_row][\/et_pb_section][et_pb_section fb_built=\"1\" _builder_version=\"4.27.2\" _module_preset=\"default\" background_image=\"http:\/\/wp.advancedproser.com\/wp-content\/uploads\/2024\/10\/fondo-1-scaled.jpg\" background_position=\"top_left\" background_horizontal_offset=\"27%\" global_colors_info=\"{}\"][et_pb_row _builder_version=\"4.27.2\" _module_preset=\"default\" global_colors_info=\"{}\"][et_pb_column type=\"4_4\" _builder_version=\"4.27.2\" _module_preset=\"default\" global_colors_info=\"{}\"][et_pb_text _builder_version=\"4.27.2\" _module_preset=\"default\"&hellip;","og_url":"https:\/\/advancedproser.com\/ca\/politica-de-privacidad\/","og_site_name":"advancedproser.com","article_modified_time":"2025-06-10T10:46:45+00:00","twitter_card":"summary_large_image","schema":{"@context":"https:\/\/schema.org","@graph":[{"@type":"WebPage","@id":"https:\/\/advancedproser.com\/ca\/politica-de-privacidad\/","url":"https:\/\/advancedproser.com\/ca\/politica-de-privacidad\/","name":"Pol\u00edtica de privacidad - advancedproser.com","isPartOf":{"@id":"https:\/\/advancedproser.com\/#website"},"datePublished":"2024-10-21T05:44:07+00:00","dateModified":"2025-06-10T10:46:45+00:00","breadcrumb":{"@id":"https:\/\/advancedproser.com\/ca\/politica-de-privacidad\/#breadcrumb"},"inLanguage":"ca","potentialAction":[{"@type":"ReadAction","target":["https:\/\/advancedproser.com\/ca\/politica-de-privacidad\/"]}]},{"@type":"BreadcrumbList","@id":"https:\/\/advancedproser.com\/ca\/politica-de-privacidad\/#breadcrumb","itemListElement":[{"@type":"ListItem","position":1,"name":"Inicio","item":"https:\/\/advancedproser.com\/"},{"@type":"ListItem","position":2,"name":"Pol\u00edtica de privacidad"}]},{"@type":"WebSite","@id":"https:\/\/advancedproser.com\/ca\/#website","url":"https:\/\/advancedproser.com\/ca\/","name":"advancedproser.com","description":"","potentialAction":[{"@type":"SearchAction","target":{"@type":"EntryPoint","urlTemplate":"https:\/\/advancedproser.com\/ca\/?s={search_term_string}"},"query-input":{"@type":"PropertyValueSpecification","valueRequired":true,"valueName":"search_term_string"}}],"inLanguage":"ca"}]}},"_links":{"self":[{"href":"https:\/\/advancedproser.com\/ca\/wp-json\/wp\/v2\/pages\/130","targetHints":{"allow":["GET"]}}],"collection":[{"href":"https:\/\/advancedproser.com\/ca\/wp-json\/wp\/v2\/pages"}],"about":[{"href":"https:\/\/advancedproser.com\/ca\/wp-json\/wp\/v2\/types\/page"}],"author":[{"embeddable":true,"href":"https:\/\/advancedproser.com\/ca\/wp-json\/wp\/v2\/users\/1"}],"replies":[{"embeddable":true,"href":"https:\/\/advancedproser.com\/ca\/wp-json\/wp\/v2\/comments?post=130"}],"version-history":[{"count":4,"href":"https:\/\/advancedproser.com\/ca\/wp-json\/wp\/v2\/pages\/130\/revisions"}],"predecessor-version":[{"id":684,"href":"https:\/\/advancedproser.com\/ca\/wp-json\/wp\/v2\/pages\/130\/revisions\/684"}],"wp:attachment":[{"href":"https:\/\/advancedproser.com\/ca\/wp-json\/wp\/v2\/media?parent=130"}],"curies":[{"name":"wp","href":"https:\/\/api.w.org\/{rel}","templated":true}]}}